{"id":755127,"date":"2025-08-28T06:31:19","date_gmt":"2025-08-28T03:31:19","guid":{"rendered":"https:\/\/roveyayinevi.com.tr\/index.php\/urun\/iki-yabanci\/"},"modified":"2026-04-16T03:08:21","modified_gmt":"2026-04-16T00:08:21","slug":"iki-yabanci","status":"publish","type":"product","link":"https:\/\/roveyayinevi.com.tr\/index.php\/urun\/iki-yabanci\/","title":{"rendered":"\u0130ki Yabanc\u0131"},"content":{"rendered":"<p>\u0130ki yabanc\u0131 Kar\u015f\u0131la\u015fm\u0131\u015flar tek nefeste Y\u00fcr\u00fcmeden ko\u015fmu\u015flar Nefes nefese \u0130ki yabanc\u0131 kar\u015f\u0131la\u015fm\u0131\u015flar Bilinmeyen  bir yerde Y\u00fcr\u00fcmeye \u00e7al\u0131\u015fm\u0131\u015flar Birlikte bir me\u00e7hule<\/p>\n","protected":false},"excerpt":{"rendered":"<p>\u0130ki yabanc\u0131 Kar\u015f\u0131la\u015fm\u0131\u015flar tek nefeste Y\u00fcr\u00fcmeden ko\u015fmu\u015flar Nefes nefese \u0130ki yabanc\u0131 kar\u015f\u0131la\u015fm\u0131\u015flar Bilinmeyen bir yerde Y\u00fcr\u00fcmeye \u00e7al\u0131\u015fm\u0131\u015flar Birlikte bir me\u00e7hule<\/p>\n","protected":false},"featured_media":0,"template":"","meta":{"_monsterinsights_skip_tracking":false,"_monsterinsights_sitenote_active":false,"_monsterinsights_sitenote_note":"","_monsterinsights_sitenote_category":0},"product_brand":[],"product_cat":[12291,12509],"product_tag":[],"class_list":{"0":"post-755127","1":"product","2":"type-product","3":"status-publish","5":"product_cat-edebiyat","6":"product_cat-siir","7":"pa_cilt-ciltsiz","8":"pa_tur-kitap","9":"pa_yayinevi-sinirsiz-kitap","10":"pa_yazar-serpil-erdogan","12":"first","13":"instock","14":"sale","15":"shipping-taxable","16":"purchasable","17":"product-type-simple"},"_links":{"self":[{"href":"https:\/\/roveyayinevi.com.tr\/index.php\/wp-json\/wp\/v2\/product\/755127","targetHints":{"allow":["GET"]}}],"collection":[{"href":"https:\/\/roveyayinevi.com.tr\/index.php\/wp-json\/wp\/v2\/product"}],"about":[{"href":"https:\/\/roveyayinevi.com.tr\/index.php\/wp-json\/wp\/v2\/types\/product"}],"wp:attachment":[{"href":"https:\/\/roveyayinevi.com.tr\/index.php\/wp-json\/wp\/v2\/media?parent=755127"}],"wp:term":[{"taxonomy":"product_brand","embeddable":true,"href":"https:\/\/roveyayinevi.com.tr\/index.php\/wp-json\/wp\/v2\/product_brand?post=755127"},{"taxonomy":"product_cat","embeddable":true,"href":"https:\/\/roveyayinevi.com.tr\/index.php\/wp-json\/wp\/v2\/product_cat?post=755127"},{"taxonomy":"product_tag","embeddable":true,"href":"https:\/\/roveyayinevi.com.tr\/index.php\/wp-json\/wp\/v2\/product_tag?post=755127"}],"curies":[{"name":"wp","href":"https:\/\/api.w.org\/{rel}","templated":true}]}}