{"id":755124,"date":"2025-08-28T06:31:15","date_gmt":"2025-08-28T03:31:15","guid":{"rendered":"https:\/\/roveyayinevi.com.tr\/index.php\/urun\/sporcularda-kendinle-konusma-ve-oz-yeterlik\/"},"modified":"2026-04-16T03:08:21","modified_gmt":"2026-04-16T00:08:21","slug":"sporcularda-kendinle-konusma-ve-oz-yeterlik","status":"publish","type":"product","link":"https:\/\/roveyayinevi.com.tr\/index.php\/urun\/sporcularda-kendinle-konusma-ve-oz-yeterlik\/","title":{"rendered":"Sporcularda Kendinle Konu\u015fma Ve \u00d6z Yeterlik"},"content":{"rendered":"<p>\u0130\u00e7indekiler     B\u00d6L\u00dcM I Kuramsal \u00c7er\u00e7eve   B\u00d6L\u00dcM II \u00d6z Yeterlik ve Kendinle Konu\u015fma \u0130li\u015fkisinin Metadolojisi   B\u00d6L\u00dcM III Ara\u015ft\u0131rma Sonu\u00e7lar\u0131   <\/p>\n","protected":false},"excerpt":{"rendered":"<p>\u0130\u00e7indekiler B\u00d6L\u00dcM I Kuramsal \u00c7er\u00e7eve B\u00d6L\u00dcM II \u00d6z Yeterlik ve Kendinle Konu\u015fma \u0130li\u015fkisinin Metadolojisi B\u00d6L\u00dcM III Ara\u015ft\u0131rma Sonu\u00e7lar\u0131<\/p>\n","protected":false},"featured_media":0,"template":"","meta":{"_monsterinsights_skip_tracking":false,"_monsterinsights_sitenote_active":false,"_monsterinsights_sitenote_note":"","_monsterinsights_sitenote_category":0},"product_brand":[],"product_cat":[15563,15564],"product_tag":[],"class_list":{"0":"post-755124","1":"product","2":"type-product","3":"status-publish","5":"product_cat-hobi","6":"product_cat-spor","7":"pa_cilt-ciltsiz","8":"pa_tur-kitap","9":"pa_yayinevi-gazi-kitabevi","10":"pa_yazar-dogukan-batur-alp-gulsen","12":"first","13":"instock","14":"sale","15":"shipping-taxable","16":"purchasable","17":"product-type-simple"},"_links":{"self":[{"href":"https:\/\/roveyayinevi.com.tr\/index.php\/wp-json\/wp\/v2\/product\/755124","targetHints":{"allow":["GET"]}}],"collection":[{"href":"https:\/\/roveyayinevi.com.tr\/index.php\/wp-json\/wp\/v2\/product"}],"about":[{"href":"https:\/\/roveyayinevi.com.tr\/index.php\/wp-json\/wp\/v2\/types\/product"}],"wp:attachment":[{"href":"https:\/\/roveyayinevi.com.tr\/index.php\/wp-json\/wp\/v2\/media?parent=755124"}],"wp:term":[{"taxonomy":"product_brand","embeddable":true,"href":"https:\/\/roveyayinevi.com.tr\/index.php\/wp-json\/wp\/v2\/product_brand?post=755124"},{"taxonomy":"product_cat","embeddable":true,"href":"https:\/\/roveyayinevi.com.tr\/index.php\/wp-json\/wp\/v2\/product_cat?post=755124"},{"taxonomy":"product_tag","embeddable":true,"href":"https:\/\/roveyayinevi.com.tr\/index.php\/wp-json\/wp\/v2\/product_tag?post=755124"}],"curies":[{"name":"wp","href":"https:\/\/api.w.org\/{rel}","templated":true}]}}