{"id":755123,"date":"2025-08-28T06:31:14","date_gmt":"2025-08-28T03:31:14","guid":{"rendered":"https:\/\/roveyayinevi.com.tr\/index.php\/urun\/spor-bilimleri-ve-egzersizde-butunsel-yaklasimlar\/"},"modified":"2026-04-16T03:08:21","modified_gmt":"2026-04-16T00:08:21","slug":"spor-bilimleri-ve-egzersizde-butunsel-yaklasimlar","status":"publish","type":"product","link":"https:\/\/roveyayinevi.com.tr\/index.php\/urun\/spor-bilimleri-ve-egzersizde-butunsel-yaklasimlar\/","title":{"rendered":"Spor Bilimleri Ve Egzersizde B\u00fct\u00fcnsel Yakla\u015f\u0131mlar"},"content":{"rendered":"<p>\u0130\u00e7indekiler     B\u00d6L\u00dcM 1: Egzersizde Beyin Kan Ak\u0131m\u0131 B\u00d6L\u00dcM 2: Egzersiz ve Kognisyon B\u00d6L\u00dcM 3: Liderlik ve \u0130leti\u015fim B\u00d6L\u00dcM 4: S\u0131rt\u00fcst\u00fc Takoz \u00c7\u0131k\u0131\u015f Tekni\u011fi ve Al\u0131\u015ft\u0131rmalar\u0131 B\u00d6L\u00dcM 5: Omega OSB 11 Depar Ta\u015f\u0131ndan Grap ve Track \u00c7\u0131k\u0131\u015flar B\u00d6L\u00dcM 6: Spor \u0130\u015fletmelerinde Toplam Kalite Y\u00f6netimi Prensipleri Do\u011frultusunda Model \u00d6nerileri B\u00d6L\u00dcM 7: Rekreasyon ve Rekreasyon Turizmi B\u00d6L\u00dcM 8: A\u00e7\u0131k Su Y\u00fczme Bran\u015f\u0131nda Elit Performans\u0131 Etkileyen Parametreler B\u00d6L\u00dcM 9: The Autonomic Nervous System Activity Indices and Heart Rate Variability Responses to Exercise and Watsu\u00ae Aquatic Bodywork &amp; Therapy B\u00d6L\u00dcM 10: Artificial Intelligence and Its Use In Sports B\u00d6L\u00dcM 11: Anabolik Andorjenik Steroidlerin, B\u00fcy\u00fcme Hormonunun, Sahte \u0130la\u00e7lar\u0131n Sa\u011fl\u0131k \u00dczerindeki Molk\u00fcler,Genetik, Klinik ve Psikolojik Etkileri B\u00d6L\u00dcM 12: Y\u00fcksek \u015eiddetli Aral\u0131kl\u0131 Antrenman B\u00d6L\u00dcM 13: Zihinsel Engellilerde Egzersiz ve Spor B\u00d6L\u00dcM 14: \u0130nterval Antrenman Fizyolojisi B\u00d6L\u00dcM 15: Spor Y\u00f6netiminde M\u00fczakere Y\u00f6netimi B\u00d6L\u00dcM 16: Egzersiz Ve Sporun Ruh Sa\u011fl\u0131\u011f\u0131 \u00dczerindeki Etkileri B\u00d6L\u00dcM 17: Kas \u0130skelet A\u011fr\u0131s\u0131n\u0131n Tedavisinde Kuru \u0130\u011fneleme B\u00d6L\u00dcM 18: Suudi Arabistan Futbol Ligi <\/p>\n","protected":false},"excerpt":{"rendered":"<p>\u0130\u00e7indekiler B\u00d6L\u00dcM 1: Egzersizde Beyin Kan Ak\u0131m\u0131 B\u00d6L\u00dcM 2: Egzersiz ve Kognisyon B\u00d6L\u00dcM 3: Liderlik ve \u0130leti\u015fim B\u00d6L\u00dcM 4: S\u0131rt\u00fcst\u00fc Takoz \u00c7\u0131k\u0131\u015f Tekni\u011fi ve Al\u0131\u015ft\u0131rmalar\u0131 B\u00d6L\u00dcM<span class=\"excerpt-hellip\"> [\u2026]<\/span><\/p>\n","protected":false},"featured_media":0,"template":"","meta":{"_monsterinsights_skip_tracking":false,"_monsterinsights_sitenote_active":false,"_monsterinsights_sitenote_note":"","_monsterinsights_sitenote_category":0},"product_brand":[],"product_cat":[15563,15564],"product_tag":[],"class_list":{"0":"post-755123","1":"product","2":"type-product","3":"status-publish","5":"product_cat-hobi","6":"product_cat-spor","7":"pa_cilt-ciltsiz","8":"pa_tur-kitap","9":"pa_yayinevi-gazi-kitabevi","10":"pa_yazar-kolektif","12":"first","13":"instock","14":"sale","15":"shipping-taxable","16":"purchasable","17":"product-type-simple"},"_links":{"self":[{"href":"https:\/\/roveyayinevi.com.tr\/index.php\/wp-json\/wp\/v2\/product\/755123","targetHints":{"allow":["GET"]}}],"collection":[{"href":"https:\/\/roveyayinevi.com.tr\/index.php\/wp-json\/wp\/v2\/product"}],"about":[{"href":"https:\/\/roveyayinevi.com.tr\/index.php\/wp-json\/wp\/v2\/types\/product"}],"wp:attachment":[{"href":"https:\/\/roveyayinevi.com.tr\/index.php\/wp-json\/wp\/v2\/media?parent=755123"}],"wp:term":[{"taxonomy":"product_brand","embeddable":true,"href":"https:\/\/roveyayinevi.com.tr\/index.php\/wp-json\/wp\/v2\/product_brand?post=755123"},{"taxonomy":"product_cat","embeddable":true,"href":"https:\/\/roveyayinevi.com.tr\/index.php\/wp-json\/wp\/v2\/product_cat?post=755123"},{"taxonomy":"product_tag","embeddable":true,"href":"https:\/\/roveyayinevi.com.tr\/index.php\/wp-json\/wp\/v2\/product_tag?post=755123"}],"curies":[{"name":"wp","href":"https:\/\/api.w.org\/{rel}","templated":true}]}}