{"id":755122,"date":"2025-08-28T06:31:13","date_gmt":"2025-08-28T03:31:13","guid":{"rendered":"https:\/\/roveyayinevi.com.tr\/index.php\/urun\/yuz-yillik-bir-koku-hikayesi-eyup-sabri-tuncer-ve-dort-kusagi\/"},"modified":"2026-04-16T03:08:21","modified_gmt":"2026-04-16T00:08:21","slug":"yuz-yillik-bir-koku-hikayesi-eyup-sabri-tuncer-ve-dort-kusagi","status":"publish","type":"product","link":"https:\/\/roveyayinevi.com.tr\/index.php\/urun\/yuz-yillik-bir-koku-hikayesi-eyup-sabri-tuncer-ve-dort-kusagi\/","title":{"rendered":"Y\u00fcz Y\u0131ll\u0131k Bir Koku Hikayesi: Ey\u00fcp Sabri Tuncer ve D\u00f6rt Ku\u015fa\u011f\u0131"},"content":{"rendered":"<p>Bosna\u2019dan \u0130neg\u00f6l\u2019e, \u0130neg\u00f6l\u2019den Ankara\u2019ya, Ankara\u2019dan \u0130stanbul\u2019a uzanan bir aile hik\u00e2yesi\u2026 Balkan Sava\u015flar\u0131\u2019ndan g\u00fcn\u00fcm\u00fcze, y\u00fcz y\u0131ll\u0131k, d\u00f6rt ku\u015fakl\u0131k bir ser\u00fcven\u2026 Cumhuriyet\u2019in kalbinde serpilen, gen\u00e7 Cumhuriyet\u2019le birlikte ad\u0131m ad\u0131m b\u00fcy\u00fcyen bir d\u00fcnya markas\u0131\u2026   Elinizdeki, Tuncer ailesiyle birlikte Ey\u00fcp Sabri Tuncer markas\u0131n\u0131n, T\u00fcrkiye\u2019de yerli kolonya \u00fcretimini ba\u015flatan ilk \u015firketin, bir \u00fclkenin medar\u0131 iftihar\u0131 olmu\u015f bir ticari yolculu\u011fun \u00f6yk\u00fcs\u00fc.   Meltem \u00c7\u0131plak Nay\u0131r\u2019\u0131n aile ve \u015firket ar\u015fivinden, bu ser\u00fcveni in\u015fa edenlerle yapt\u0131\u011f\u0131 s\u00f6zl\u00fc tarih g\u00f6r\u00fc\u015fmelerinden ve ara\u015ft\u0131rmalar\u0131ndan elde ettiklerini dam\u0131tarak yazd\u0131\u011f\u0131 Y\u00fcz Y\u0131ll\u0131k Bir Koku Hik\u00e2yesi: Ey\u00fcp Sabri Tuncer ve D\u00f6rt Ku\u015fa\u011f\u0131, sizi aile ba\u011flar\u0131 ve \u015fa\u015fmaz prensiplerle b\u00fcy\u00fct\u00fclm\u00fc\u015f as\u0131rl\u0131k bir \u00e7\u0131nar\u0131n b\u00fcy\u00fcme hik\u00e2yesine tan\u0131kl\u0131k etmeye \u00e7a\u011f\u0131r\u0131yor. <\/p>\n","protected":false},"excerpt":{"rendered":"<p>Bosna\u2019dan \u0130neg\u00f6l\u2019e, \u0130neg\u00f6l\u2019den Ankara\u2019ya, Ankara\u2019dan \u0130stanbul\u2019a uzanan bir aile hik\u00e2yesi\u2026 Balkan Sava\u015flar\u0131\u2019ndan g\u00fcn\u00fcm\u00fcze, y\u00fcz y\u0131ll\u0131k, d\u00f6rt ku\u015fakl\u0131k bir ser\u00fcven\u2026 Cumhuriyet\u2019in kalbinde serpilen, gen\u00e7 Cumhuriyet\u2019le birlikte ad\u0131m<span class=\"excerpt-hellip\"> [\u2026]<\/span><\/p>\n","protected":false},"featured_media":0,"template":"","meta":{"_monsterinsights_skip_tracking":false,"_monsterinsights_sitenote_active":false,"_monsterinsights_sitenote_note":"","_monsterinsights_sitenote_category":0},"product_brand":[],"product_cat":[18545,12291],"product_tag":[],"class_list":{"0":"post-755122","1":"product","2":"type-product","3":"status-publish","5":"product_cat-anlati","6":"product_cat-edebiyat","7":"pa_cilt-ciltsiz","8":"pa_tur-kitap","9":"pa_yayinevi-mundi","10":"pa_yazar-meltem-ciplak-nayir","12":"first","13":"instock","14":"sale","15":"shipping-taxable","16":"purchasable","17":"product-type-simple"},"_links":{"self":[{"href":"https:\/\/roveyayinevi.com.tr\/index.php\/wp-json\/wp\/v2\/product\/755122","targetHints":{"allow":["GET"]}}],"collection":[{"href":"https:\/\/roveyayinevi.com.tr\/index.php\/wp-json\/wp\/v2\/product"}],"about":[{"href":"https:\/\/roveyayinevi.com.tr\/index.php\/wp-json\/wp\/v2\/types\/product"}],"wp:attachment":[{"href":"https:\/\/roveyayinevi.com.tr\/index.php\/wp-json\/wp\/v2\/media?parent=755122"}],"wp:term":[{"taxonomy":"product_brand","embeddable":true,"href":"https:\/\/roveyayinevi.com.tr\/index.php\/wp-json\/wp\/v2\/product_brand?post=755122"},{"taxonomy":"product_cat","embeddable":true,"href":"https:\/\/roveyayinevi.com.tr\/index.php\/wp-json\/wp\/v2\/product_cat?post=755122"},{"taxonomy":"product_tag","embeddable":true,"href":"https:\/\/roveyayinevi.com.tr\/index.php\/wp-json\/wp\/v2\/product_tag?post=755122"}],"curies":[{"name":"wp","href":"https:\/\/api.w.org\/{rel}","templated":true}]}}