{"id":755121,"date":"2025-08-28T06:31:11","date_gmt":"2025-08-28T03:31:11","guid":{"rendered":"https:\/\/roveyayinevi.com.tr\/index.php\/urun\/ilk-sayfasi-25-bolumde-bir-nevi-yazi-atolyesi\/"},"modified":"2026-04-16T03:08:21","modified_gmt":"2026-04-16T00:08:21","slug":"ilk-sayfasi-25-bolumde-bir-nevi-yazi-atolyesi","status":"publish","type":"product","link":"https:\/\/roveyayinevi.com.tr\/index.php\/urun\/ilk-sayfasi-25-bolumde-bir-nevi-yazi-atolyesi\/","title":{"rendered":"\u0130lk Sayfas\u0131: 25 B\u00f6l\u00fcmde&#8230; Bir Nevi Yaz\u0131 At\u00f6lyesi"},"content":{"rendered":"<p>Can Kozano\u011flu ve Mirg\u00fcn Cabas, edebiyat\u0131m\u0131z\u0131n \u00f6nemli isimlerine kitaplar\u0131n\u0131n \u201cilk sayfas\u0131\u201dn\u0131 nas\u0131l yazd\u0131klar\u0131n\u0131 soruyor!   Bu soruyla ba\u015flayan keyifli sohbetler, yazarlar\u0131n birbirinden farkl\u0131 ve de\u011ferli yazma deneyimlerini aktard\u0131klar\u0131 bir yaz\u0131 at\u00f6lyesine d\u00f6n\u00fc\u015f\u00fcyor.   Yirmi be\u015f \u00f6nemli yazar, yazma tarzlar\u0131n\u0131, al\u0131\u015fkanl\u0131klar\u0131n\u0131, tak\u0131nt\u0131lar\u0131n\u0131, yeni projelerini, edebiyata ili\u015fkin d\u00fc\u015f\u00fcncelerini, d\u00fcnyaya, insanl\u0131\u011fa dair endi\u015fe ve umutlar\u0131n\u0131 b\u00fcy\u00fck bir c\u00f6mertlikle payla\u015f\u0131yor.   \u0130lk Sayfas\u0131, yolun ba\u015f\u0131ndaki yazarlara kendi y\u00f6nlerini \u00e7izmelerinde yard\u0131mc\u0131 olacak bir kaynak niteli\u011finde. <\/p>\n","protected":false},"excerpt":{"rendered":"<p>Can Kozano\u011flu ve Mirg\u00fcn Cabas, edebiyat\u0131m\u0131z\u0131n \u00f6nemli isimlerine kitaplar\u0131n\u0131n \u201cilk sayfas\u0131\u201dn\u0131 nas\u0131l yazd\u0131klar\u0131n\u0131 soruyor! Bu soruyla ba\u015flayan keyifli sohbetler, yazarlar\u0131n birbirinden farkl\u0131 ve de\u011ferli yazma deneyimlerini<span class=\"excerpt-hellip\"> [\u2026]<\/span><\/p>\n","protected":false},"featured_media":0,"template":"","meta":{"_monsterinsights_skip_tracking":false,"_monsterinsights_sitenote_active":false,"_monsterinsights_sitenote_note":"","_monsterinsights_sitenote_category":0},"product_brand":[],"product_cat":[12291,30969],"product_tag":[],"class_list":{"0":"post-755121","1":"product","2":"type-product","3":"status-publish","5":"product_cat-edebiyat","6":"product_cat-soylesi-edebiyat","7":"pa_cilt-ciltsiz","8":"pa_tur-kitap","9":"pa_yayinevi-can-yayinlari","10":"pa_yazar-can-kozanoglu-mirgun-cabas","12":"first","13":"instock","14":"sale","15":"shipping-taxable","16":"purchasable","17":"product-type-simple"},"_links":{"self":[{"href":"https:\/\/roveyayinevi.com.tr\/index.php\/wp-json\/wp\/v2\/product\/755121","targetHints":{"allow":["GET"]}}],"collection":[{"href":"https:\/\/roveyayinevi.com.tr\/index.php\/wp-json\/wp\/v2\/product"}],"about":[{"href":"https:\/\/roveyayinevi.com.tr\/index.php\/wp-json\/wp\/v2\/types\/product"}],"wp:attachment":[{"href":"https:\/\/roveyayinevi.com.tr\/index.php\/wp-json\/wp\/v2\/media?parent=755121"}],"wp:term":[{"taxonomy":"product_brand","embeddable":true,"href":"https:\/\/roveyayinevi.com.tr\/index.php\/wp-json\/wp\/v2\/product_brand?post=755121"},{"taxonomy":"product_cat","embeddable":true,"href":"https:\/\/roveyayinevi.com.tr\/index.php\/wp-json\/wp\/v2\/product_cat?post=755121"},{"taxonomy":"product_tag","embeddable":true,"href":"https:\/\/roveyayinevi.com.tr\/index.php\/wp-json\/wp\/v2\/product_tag?post=755121"}],"curies":[{"name":"wp","href":"https:\/\/api.w.org\/{rel}","templated":true}]}}