{"id":755120,"date":"2025-08-28T06:31:10","date_gmt":"2025-08-28T03:31:10","guid":{"rendered":"https:\/\/roveyayinevi.com.tr\/index.php\/urun\/55-terapist-ciltli\/"},"modified":"2026-04-16T03:08:21","modified_gmt":"2026-04-16T00:08:21","slug":"55-terapist-ciltli","status":"publish","type":"product","link":"https:\/\/roveyayinevi.com.tr\/index.php\/urun\/55-terapist-ciltli\/","title":{"rendered":"55 Terapist (Ciltli)"},"content":{"rendered":"<p>Bir di\u011feriyle ili\u015fkiye girmeye ba\u015flad\u0131\u011f\u0131m\u0131zda, kendimizle birlikte ge\u00e7mi\u015fimiz de o ili\u015fkiye dahil olur. \u00d6tekiyle kar\u015f\u0131la\u015f\u0131nca, kendi merkezili\u011fimizden uzakla\u015fmak zorunda kal\u0131r\u0131z. Di\u011ferine uzan\u0131\u015f y\u00fczeyden derine do\u011fru ilerledik\u00e7e, \u00e7o\u011fu zaman konfor bozucudur. Bir di\u011ferine yakla\u015ft\u0131k\u00e7a g\u00f6rmezden geldi\u011fimiz, g\u00f6rmezden gelmek i\u00e7in sistemler kurdu\u011fumuz o k\u0131rg\u0131n, ac\u0131l\u0131, \u00f6fkeli, korkulu \u00e7ekirde\u011fimizle kar\u015f\u0131la\u015fmaya ba\u015flar\u0131z. \u00d6zg\u00fcrle\u015fmek tam da bu riskin g\u00f6vdesinde sakl\u0131d\u0131r. \u015eimdi ve burada olan\u0131 g\u00f6rmedi\u011fimizi, hissetmedi\u011fimizi bir yerlerimizle anlamaya ba\u015flamam\u0131z gerekir. Tam da bunu bir ki\u015fi, bir mekan ve bir zaman ile deneyimlemek i\u00e7in yola \u00e7\u0131kar terapi. Bu y\u00fczden ba\u015flarda h\u0131zla ve rahatla gitti\u011fimiz asfalt yoldan \u00e7\u0131k\u0131p oram\u0131z\u0131 buram\u0131z\u0131 biraz da ac\u0131tan dikenlerin oldu\u011fu bir patika gibidir. Hen\u00fcz g\u00f6rmedi\u011fimiz, g\u00f6remedi\u011fimiz d\u00fc\u015flerimiz vard\u0131r o ili\u015fkinin ve odan\u0131n i\u00e7inde. Ge\u00e7mi\u015ften gelen, gelece\u011fe giden bir kaps\u00fcl olur \u00e7o\u011fu zaman. Ba\u015flarda adeta g\u00fcvenlik duygumuzu sarsan yer\u00e7ekimsiz bir oda. Asl\u0131nda kelimelerin, suskunluklar\u0131n, e\u015fyan\u0131n, kokunun ne kadar\u0131 oraya ve \u015fimdiye, ne kadar\u0131 ge\u00e7mi\u015fimize dair ay\u0131rt edemedi\u011fimiz bir yer. Tedirginli\u011fimizi, bildi\u011fimiz ve g\u00fcvendi\u011fimiz kadim aletlerimizle toparlad\u0131\u011f\u0131m\u0131z\u0131 d\u00fc\u015f\u00fcn\u00fcr\u00fcz. Ta ki yepyeni ve otantik yeni ara\u00e7lar\u0131m\u0131z\u0131 yaratana kadar bunu s\u00fcrd\u00fcr\u00fcr\u00fcz. Alet \u00e7antam\u0131z \u015fimdi ve burada i\u00e7in olas\u0131l\u0131klara kavu\u015ftu\u011funda onu \u201co\u201d, oday\u0131 da \u201co oda\u201d olarak g\u00f6rm\u00fc\u015f\u00fczd\u00fcr. Bir terapi odas\u0131nda hi\u00e7bir \u015fey k\u0131p\u0131rdamasa bile her iki taraf i\u00e7in o ili\u015fkideki oda ba\u015f\u0131ndakinden \u00e7ok farkl\u0131d\u0131r. Hi\u00e7 de\u011fi\u015fmeyen nesneler adeta de\u011fi\u015fmi\u015ftir: \u201cBu daha \u00f6nce burada m\u0131yd\u0131?\u201d, \u201cBu resim yeni mi?\u201d, Bu duvar\u0131n rengi ne zaman de\u011fi\u015fti?\u201d Biz de\u011fi\u015ftik, sen de\u011fi\u015ftin, sendeki ben, bendeki sen de\u011fi\u015fti. \u015eimdiye ve buraya geldik. Hem \u00e7ok daha s\u0131radan hem de \u00e7ok daha g\u00f6rkemli art\u0131k bu oda ikimiz i\u00e7in. Biraz h\u00fcz\u00fcnle, biraz kutlamayla kap\u0131y\u0131 a\u00e7\u0131p \u00e7\u0131kma vaktimiz geldi. \u2014 Cem Mumcu<\/p>\n","protected":false},"excerpt":{"rendered":"<p>Bir di\u011feriyle ili\u015fkiye girmeye ba\u015flad\u0131\u011f\u0131m\u0131zda, kendimizle birlikte ge\u00e7mi\u015fimiz de o ili\u015fkiye dahil olur. \u00d6tekiyle kar\u015f\u0131la\u015f\u0131nca, kendi merkezili\u011fimizden uzakla\u015fmak zorunda kal\u0131r\u0131z. Di\u011ferine uzan\u0131\u015f y\u00fczeyden derine do\u011fru ilerledik\u00e7e,<span class=\"excerpt-hellip\"> [\u2026]<\/span><\/p>\n","protected":false},"featured_media":0,"template":"","meta":{"_monsterinsights_skip_tracking":false,"_monsterinsights_sitenote_active":false,"_monsterinsights_sitenote_note":"","_monsterinsights_sitenote_category":0},"product_brand":[],"product_cat":[12357],"product_tag":[],"class_list":{"0":"post-755120","1":"product","2":"type-product","3":"status-publish","5":"product_cat-psikoloji","6":"pa_cilt-ciltli","7":"pa_tur-kitap","8":"pa_yayinevi-okuyan-us-yayin","9":"pa_yazar-sebastian-zimmermann","11":"first","12":"instock","13":"sale","14":"shipping-taxable","15":"purchasable","16":"product-type-simple"},"_links":{"self":[{"href":"https:\/\/roveyayinevi.com.tr\/index.php\/wp-json\/wp\/v2\/product\/755120","targetHints":{"allow":["GET"]}}],"collection":[{"href":"https:\/\/roveyayinevi.com.tr\/index.php\/wp-json\/wp\/v2\/product"}],"about":[{"href":"https:\/\/roveyayinevi.com.tr\/index.php\/wp-json\/wp\/v2\/types\/product"}],"wp:attachment":[{"href":"https:\/\/roveyayinevi.com.tr\/index.php\/wp-json\/wp\/v2\/media?parent=755120"}],"wp:term":[{"taxonomy":"product_brand","embeddable":true,"href":"https:\/\/roveyayinevi.com.tr\/index.php\/wp-json\/wp\/v2\/product_brand?post=755120"},{"taxonomy":"product_cat","embeddable":true,"href":"https:\/\/roveyayinevi.com.tr\/index.php\/wp-json\/wp\/v2\/product_cat?post=755120"},{"taxonomy":"product_tag","embeddable":true,"href":"https:\/\/roveyayinevi.com.tr\/index.php\/wp-json\/wp\/v2\/product_tag?post=755120"}],"curies":[{"name":"wp","href":"https:\/\/api.w.org\/{rel}","templated":true}]}}