{"id":755118,"date":"2025-08-28T06:31:07","date_gmt":"2025-08-28T03:31:07","guid":{"rendered":"https:\/\/roveyayinevi.com.tr\/index.php\/urun\/felsefe-mukayeseli-temel-bilgiler-ve-kaynaklar\/"},"modified":"2026-04-16T03:08:21","modified_gmt":"2026-04-16T00:08:21","slug":"felsefe-mukayeseli-temel-bilgiler-ve-kaynaklar","status":"publish","type":"product","link":"https:\/\/roveyayinevi.com.tr\/index.php\/urun\/felsefe-mukayeseli-temel-bilgiler-ve-kaynaklar\/","title":{"rendered":"Felsefe Mukayeseli Temel Bilgiler ve Kaynaklar"},"content":{"rendered":"<p>Prof. Dr. Nihat Keklik, Felsefeyi halka sevdirmi\u015ftir. \u00dcslubu a\u00e7\u0131k ve nettir. Derslerinde metaforlara, n\u00fcktelere ve konuyu ilgilendiren somut \u00f6rneklere ba\u015fvururdu. \u00dcslup problemlerini \u00e7\u00f6z\u00fcmledi\u011fi Felsefenin Tekni\u011fi ad\u0131yla kitap bile yazm\u0131\u015ft\u0131r. Eserleri T\u00fcrk \u0130slam d\u00fc\u015f\u00fcncesine y\u00f6neliktir. Sistematik felsefe veya felsefe tarihine ait eserlerini de bu bak\u0131\u015f a\u00e7\u0131s\u0131yla yazm\u0131\u015ft\u0131r. B\u00f6ylece T\u00fcrk \u0130slam Felsefesi ve k\u00fclt\u00fcr\u00fcne ait \u00f6nemli eserler b\u0131rakm\u0131\u015f ve T\u00fcrk d\u00fc\u015f\u00fcnce tarihinde se\u00e7kin bir yere sahip olmu\u015ftur. Felsefe &#8211; Mukayeseli Temel Bilgiler ve Kaynaklar isimli eseri, d\u00f6rt b\u00f6l\u00fcmden olu\u015fmu\u015ftur. Birinci b\u00f6l\u00fcm Felsefenin Mahiyetine aittir. Felsefe ile hikmetin etimolojisi, tarifleri ve hikmet binas\u0131 teorisi anlat\u0131lm\u0131\u015ft\u0131r. Felsefenin kolayla\u015ft\u0131r\u0131lmas\u0131n\u0131 anlatt\u0131\u011f\u0131 ikinci b\u00f6l\u00fcm, Felsefenin Tekni\u011fi ba\u015fl\u0131\u011f\u0131n\u0131 ta\u015f\u0131maktad\u0131r.  \u201cHerkes anla\u015f\u0131lan felsefeyi sever\u201d diyor. Felsefenin zorlu\u011fundan kaynaklanan \u00f6nyarg\u0131lar oldu\u011funu belirtir. \u00dc\u00e7\u00fcnc\u00fc b\u00f6l\u00fcm Felsefenin Tarih\u00e7esine aittir. Bat\u0131 d\u00fcnyas\u0131n\u0131n ak\u0131lc\u0131l\u0131\u011fa dayanan \u0130slam d\u00fcnyas\u0131n\u0131 g\u00f6rmezlikten gelerek d\u00fc\u015f\u00fcnce k\u00f6klerini sadece Antik\u00e7a\u011f Grek d\u00fc\u015f\u00fcncesine dayand\u0131rmas\u0131n\u0131 do\u011fru bulmaz. Bu tarih anlay\u0131\u015f\u0131n\u0131n eksik, tarafl\u0131 ve objektiflikten uzak oldu\u011fu d\u00fc\u015f\u00fcncesindedir. D\u00f6rd\u00fcnc\u00fc b\u00f6l\u00fcm, D\u00fc\u015f\u00fcnce Tarihinde \u0130slam Uluslar\u0131 ve Klasik Kaynaklar ba\u015fl\u0131\u011f\u0131yla okuyucuya sunulmu\u015ftur. Prof. Dr. Nihat Keklik\u2019in kurulu\u015funu yapt\u0131\u011f\u0131 T\u00fcrk \u0130slam Felsefesi Anabilim Dal\u0131 ise, T\u00fcrk Felsefesine en b\u00fcy\u00fck katk\u0131 olmu\u015ftur. <\/p>\n","protected":false},"excerpt":{"rendered":"<p>Prof. Dr. Nihat Keklik, Felsefeyi halka sevdirmi\u015ftir. \u00dcslubu a\u00e7\u0131k ve nettir. Derslerinde metaforlara, n\u00fcktelere ve konuyu ilgilendiren somut \u00f6rneklere ba\u015fvururdu. \u00dcslup problemlerini \u00e7\u00f6z\u00fcmledi\u011fi Felsefenin Tekni\u011fi ad\u0131yla<span class=\"excerpt-hellip\"> [\u2026]<\/span><\/p>\n","protected":false},"featured_media":0,"template":"","meta":{"_monsterinsights_skip_tracking":false,"_monsterinsights_sitenote_active":false,"_monsterinsights_sitenote_note":"","_monsterinsights_sitenote_category":0},"product_brand":[],"product_cat":[16038,12388],"product_tag":[],"class_list":{"0":"post-755118","1":"product","2":"type-product","3":"status-publish","5":"product_cat-arastirma-inceleme-referans-felsefe","6":"product_cat-felsefe","7":"pa_cilt-ciltsiz","8":"pa_tur-kitap","9":"pa_yayinevi-bilge-kultur-sanat","10":"pa_yazar-nihat-keklik","12":"first","13":"instock","14":"sale","15":"shipping-taxable","16":"purchasable","17":"product-type-simple"},"_links":{"self":[{"href":"https:\/\/roveyayinevi.com.tr\/index.php\/wp-json\/wp\/v2\/product\/755118","targetHints":{"allow":["GET"]}}],"collection":[{"href":"https:\/\/roveyayinevi.com.tr\/index.php\/wp-json\/wp\/v2\/product"}],"about":[{"href":"https:\/\/roveyayinevi.com.tr\/index.php\/wp-json\/wp\/v2\/types\/product"}],"wp:attachment":[{"href":"https:\/\/roveyayinevi.com.tr\/index.php\/wp-json\/wp\/v2\/media?parent=755118"}],"wp:term":[{"taxonomy":"product_brand","embeddable":true,"href":"https:\/\/roveyayinevi.com.tr\/index.php\/wp-json\/wp\/v2\/product_brand?post=755118"},{"taxonomy":"product_cat","embeddable":true,"href":"https:\/\/roveyayinevi.com.tr\/index.php\/wp-json\/wp\/v2\/product_cat?post=755118"},{"taxonomy":"product_tag","embeddable":true,"href":"https:\/\/roveyayinevi.com.tr\/index.php\/wp-json\/wp\/v2\/product_tag?post=755118"}],"curies":[{"name":"wp","href":"https:\/\/api.w.org\/{rel}","templated":true}]}}