{"id":755116,"date":"2025-08-28T06:31:03","date_gmt":"2025-08-28T03:31:03","guid":{"rendered":"https:\/\/roveyayinevi.com.tr\/index.php\/urun\/a-t-a-ahiska-trakya-ankara\/"},"modified":"2026-04-16T03:08:21","modified_gmt":"2026-04-16T00:08:21","slug":"a-t-a-ahiska-trakya-ankara","status":"publish","type":"product","link":"https:\/\/roveyayinevi.com.tr\/index.php\/urun\/a-t-a-ahiska-trakya-ankara\/","title":{"rendered":"A.T.A. :  Ah\u0131ska-Trakya-Ankara"},"content":{"rendered":"<p>\u201cMuhacirler (G\u00f6\u00e7menler), kaybedilmi\u015f topraklar\u0131n aziz hat\u0131ralar\u0131d\u0131rlar.\u201d  Mustafa Kemal Atat\u00fcrk   \u201cAh\u0131ska bir g\u00fcl idi gitti, Lisan\u0131 T\u00fcrk idi gitti, S\u00f6yleyin Sultan Mahmut&#8217;a \u0130stanbul&#8217;un kilidi gitti.\u201d   Berk Y\u00fcksel bu son roman\u0131nda, sava\u015flar ve zorluklarla m\u00fccadele ederek ad\u0131m ad\u0131m yurtlar\u0131ndan uzakla\u015ft\u0131r\u0131lan iki ailenin g\u00f6\u00e7 hik\u00e2yelerine yer veriyor&#8230;  Suyun \u00f6te yan\u0131n\u0131n yani Balkanlar\u0131n ve Trakya\u2019n\u0131n ayd\u0131n, g\u00fczel insanlar\u0131 ile Kafkaslar\u0131n mert, y\u00fcrekli insanlar\u0131n\u0131n g\u00f6\u00e7 yollar\u0131n\u0131 a\u015farak defalarca farkl\u0131 \u015fehirlerde yeniden ba\u015flay\u0131p en sonunda gen\u00e7 Cumhuriyetin kalbinde, Ankara\u2019da bulu\u015fmas\u0131n\u0131 anlat\u0131yor&#8230;   Ah\u0131ska\u2019dan Ardahan\u2019a, Limni\u2019den Selanik\u2019e, Oltu\u2019dan Girit\u2019e, Giresun\u2019dan Berlin\u2019e, \u0130stanbul\u2019dan Ankara\u2019ya yolculuk devam eder&#8230;   \u201cVatan\u0131nda olmayana her yer so\u011fuk gelir.\u201d \u00c7erkes Atas\u00f6z\u00fc   \u201cHayat\u0131 ve \u00f6zg\u00fcrl\u00fc\u011f\u00fc i\u00e7in \u00f6l\u00fcm\u00fc g\u00f6ze alan bir millet asla yenilmez&#8230;&#8221; Mustafa Kemal Atat\u00fcrk<\/p>\n","protected":false},"excerpt":{"rendered":"<p>\u201cMuhacirler (G\u00f6\u00e7menler), kaybedilmi\u015f topraklar\u0131n aziz hat\u0131ralar\u0131d\u0131rlar.\u201d Mustafa Kemal Atat\u00fcrk \u201cAh\u0131ska bir g\u00fcl idi gitti, Lisan\u0131 T\u00fcrk idi gitti, S\u00f6yleyin Sultan Mahmut&#8217;a \u0130stanbul&#8217;un kilidi gitti.\u201d Berk Y\u00fcksel<span class=\"excerpt-hellip\"> [\u2026]<\/span><\/p>\n","protected":false},"featured_media":0,"template":"","meta":{"_monsterinsights_skip_tracking":false,"_monsterinsights_sitenote_active":false,"_monsterinsights_sitenote_note":"","_monsterinsights_sitenote_category":0},"product_brand":[],"product_cat":[12291,12711],"product_tag":[],"class_list":{"0":"post-755116","1":"product","2":"type-product","3":"status-publish","5":"product_cat-edebiyat","6":"product_cat-roman-oyku","7":"pa_cilt-ciltsiz","8":"pa_tur-kitap","9":"pa_yayinevi-akil-celen-kitaplar","10":"pa_yazar-berk-yuksel","12":"first","13":"instock","14":"sale","15":"shipping-taxable","16":"purchasable","17":"product-type-simple"},"_links":{"self":[{"href":"https:\/\/roveyayinevi.com.tr\/index.php\/wp-json\/wp\/v2\/product\/755116","targetHints":{"allow":["GET"]}}],"collection":[{"href":"https:\/\/roveyayinevi.com.tr\/index.php\/wp-json\/wp\/v2\/product"}],"about":[{"href":"https:\/\/roveyayinevi.com.tr\/index.php\/wp-json\/wp\/v2\/types\/product"}],"wp:attachment":[{"href":"https:\/\/roveyayinevi.com.tr\/index.php\/wp-json\/wp\/v2\/media?parent=755116"}],"wp:term":[{"taxonomy":"product_brand","embeddable":true,"href":"https:\/\/roveyayinevi.com.tr\/index.php\/wp-json\/wp\/v2\/product_brand?post=755116"},{"taxonomy":"product_cat","embeddable":true,"href":"https:\/\/roveyayinevi.com.tr\/index.php\/wp-json\/wp\/v2\/product_cat?post=755116"},{"taxonomy":"product_tag","embeddable":true,"href":"https:\/\/roveyayinevi.com.tr\/index.php\/wp-json\/wp\/v2\/product_tag?post=755116"}],"curies":[{"name":"wp","href":"https:\/\/api.w.org\/{rel}","templated":true}]}}