{"id":755115,"date":"2025-08-28T06:31:03","date_gmt":"2025-08-28T03:31:03","guid":{"rendered":"https:\/\/roveyayinevi.com.tr\/index.php\/urun\/gunumuz-spor-bilimleri-teori-ve-uygulama\/"},"modified":"2026-04-16T03:08:21","modified_gmt":"2026-04-16T00:08:21","slug":"gunumuz-spor-bilimleri-teori-ve-uygulama","status":"publish","type":"product","link":"https:\/\/roveyayinevi.com.tr\/index.php\/urun\/gunumuz-spor-bilimleri-teori-ve-uygulama\/","title":{"rendered":"G\u00fcn\u00fcm\u00fcz Spor Bilimleri: Teori Ve Uygulama"},"content":{"rendered":"<p>\u0130\u00e7indekiler   B\u00d6L\u00dcM 1 SPOR ETK\u0130NL\u0130KLER\u0130N\u0130 DE\u011eERLEND\u0130RME Y\u00d6NTEMLER\u0130   B\u00d6L\u00dcM 2 AVRUPA FUTBOLUNDA F\u0130NANSAL S\u00dcRD\u00dcR\u00dcLEB\u0130L\u0130RL\u0130K   B\u00d6L\u00dcM 3 SOSYOLOJ\u0130K B\u0130R OLGU OLARAK SPOR   B\u00d6L\u00dcM 4 SPOR VE TEKNOLOJ\u0130 ARASINDAK\u0130 \u0130L\u0130\u015eK\u0130N\u0130N \u0130NCELENMES\u0130   B\u00d6L\u00dcM 5 \u00c7OCUK FUTBOL E\u011e\u0130T\u0130M\u0130NDE MOTOR GEL\u0130\u015e\u0130M\u0130N \u00d6NEM\u0130   B\u00d6L\u00dcM 6 YA\u015eLILIKTA POL\u0130T\u0130K BEL\u0130RLEY\u0130C\u0130LER: F\u0130Z\u0130KSEL AKT\u0130VE VE SA\u011eLIK B\u00d6L\u00dcM 7 E\u011e\u0130T\u0130M VE SPOR   B\u00d6L\u00dcM 8 FARKLI ENGEL GRUPLARINDAK\u0130 B\u0130REYLER\u0130N SPORA KATILIM MOT\u0130VASYONUN    \u0130NCELENMES\u0130   B\u00d6L\u00dcM 9 SPORDA FONKS\u0130YONEL HAREKET TARAMA TEST\u0130 UYGULAMALARI <\/p>\n","protected":false},"excerpt":{"rendered":"<p>\u0130\u00e7indekiler B\u00d6L\u00dcM 1 SPOR ETK\u0130NL\u0130KLER\u0130N\u0130 DE\u011eERLEND\u0130RME Y\u00d6NTEMLER\u0130 B\u00d6L\u00dcM 2 AVRUPA FUTBOLUNDA F\u0130NANSAL S\u00dcRD\u00dcR\u00dcLEB\u0130L\u0130RL\u0130K B\u00d6L\u00dcM 3 SOSYOLOJ\u0130K B\u0130R OLGU OLARAK SPOR B\u00d6L\u00dcM 4 SPOR VE TEKNOLOJ\u0130 ARASINDAK\u0130<span class=\"excerpt-hellip\"> [\u2026]<\/span><\/p>\n","protected":false},"featured_media":0,"template":"","meta":{"_monsterinsights_skip_tracking":false,"_monsterinsights_sitenote_active":false,"_monsterinsights_sitenote_note":"","_monsterinsights_sitenote_category":0},"product_brand":[],"product_cat":[15563,15564],"product_tag":[],"class_list":{"0":"post-755115","1":"product","2":"type-product","3":"status-publish","5":"product_cat-hobi","6":"product_cat-spor","7":"pa_cilt-ciltsiz","8":"pa_tur-kitap","9":"pa_yayinevi-gazi-kitabevi","10":"pa_yazar-kolektif","12":"first","13":"instock","14":"sale","15":"shipping-taxable","16":"purchasable","17":"product-type-simple"},"_links":{"self":[{"href":"https:\/\/roveyayinevi.com.tr\/index.php\/wp-json\/wp\/v2\/product\/755115","targetHints":{"allow":["GET"]}}],"collection":[{"href":"https:\/\/roveyayinevi.com.tr\/index.php\/wp-json\/wp\/v2\/product"}],"about":[{"href":"https:\/\/roveyayinevi.com.tr\/index.php\/wp-json\/wp\/v2\/types\/product"}],"wp:attachment":[{"href":"https:\/\/roveyayinevi.com.tr\/index.php\/wp-json\/wp\/v2\/media?parent=755115"}],"wp:term":[{"taxonomy":"product_brand","embeddable":true,"href":"https:\/\/roveyayinevi.com.tr\/index.php\/wp-json\/wp\/v2\/product_brand?post=755115"},{"taxonomy":"product_cat","embeddable":true,"href":"https:\/\/roveyayinevi.com.tr\/index.php\/wp-json\/wp\/v2\/product_cat?post=755115"},{"taxonomy":"product_tag","embeddable":true,"href":"https:\/\/roveyayinevi.com.tr\/index.php\/wp-json\/wp\/v2\/product_tag?post=755115"}],"curies":[{"name":"wp","href":"https:\/\/api.w.org\/{rel}","templated":true}]}}