{"id":755114,"date":"2025-08-28T06:31:02","date_gmt":"2025-08-28T03:31:02","guid":{"rendered":"https:\/\/roveyayinevi.com.tr\/index.php\/urun\/elit-gurescilerde-aerobik-ve-anaerobik-kapasitenin-vucut-kompozisyonu-ve-antropometrik-olcumler-acisindan-incelenmesi\/"},"modified":"2026-04-16T03:08:21","modified_gmt":"2026-04-16T00:08:21","slug":"elit-gurescilerde-aerobik-ve-anaerobik-kapasitenin-vucut-kompozisyonu-ve-antropometrik-olcumler-acisindan-incelenmesi","status":"publish","type":"product","link":"https:\/\/roveyayinevi.com.tr\/index.php\/urun\/elit-gurescilerde-aerobik-ve-anaerobik-kapasitenin-vucut-kompozisyonu-ve-antropometrik-olcumler-acisindan-incelenmesi\/","title":{"rendered":"Elit G\u00fcre\u015f\u00e7ilerde Aerobik Ve Anaerobik Kapasitenin V\u00fccut Kompozisyonu Ve Antropometrik \u00d6l\u00e7\u00fcmler A\u00e7isindan \u0130ncelenmesi"},"content":{"rendered":"<p>\u0130\u00e7indekiler     1.      G\u0130R\u0130\u015e 2.      GENEL B\u0130LG\u0130LER 3.      GERE\u00c7 ve Y\u00d6NTEM 4.      BULGULAR 5.      TARTI\u015eMA 6.      SONU\u00c7 VE \u00d6NER\u0130LER   <\/p>\n","protected":false},"excerpt":{"rendered":"<p>\u0130\u00e7indekiler 1. G\u0130R\u0130\u015e 2. GENEL B\u0130LG\u0130LER 3. GERE\u00c7 ve Y\u00d6NTEM 4. BULGULAR 5. TARTI\u015eMA 6. SONU\u00c7 VE \u00d6NER\u0130LER<\/p>\n","protected":false},"featured_media":0,"template":"","meta":{"_monsterinsights_skip_tracking":false,"_monsterinsights_sitenote_active":false,"_monsterinsights_sitenote_note":"","_monsterinsights_sitenote_category":0},"product_brand":[],"product_cat":[15563,15564],"product_tag":[],"class_list":{"0":"post-755114","1":"product","2":"type-product","3":"status-publish","5":"product_cat-hobi","6":"product_cat-spor","7":"pa_cilt-ciltsiz","8":"pa_tur-kitap","9":"pa_yayinevi-gazi-kitabevi","10":"pa_yazar-musa-sahin","12":"first","13":"instock","14":"sale","15":"shipping-taxable","16":"purchasable","17":"product-type-simple"},"_links":{"self":[{"href":"https:\/\/roveyayinevi.com.tr\/index.php\/wp-json\/wp\/v2\/product\/755114","targetHints":{"allow":["GET"]}}],"collection":[{"href":"https:\/\/roveyayinevi.com.tr\/index.php\/wp-json\/wp\/v2\/product"}],"about":[{"href":"https:\/\/roveyayinevi.com.tr\/index.php\/wp-json\/wp\/v2\/types\/product"}],"wp:attachment":[{"href":"https:\/\/roveyayinevi.com.tr\/index.php\/wp-json\/wp\/v2\/media?parent=755114"}],"wp:term":[{"taxonomy":"product_brand","embeddable":true,"href":"https:\/\/roveyayinevi.com.tr\/index.php\/wp-json\/wp\/v2\/product_brand?post=755114"},{"taxonomy":"product_cat","embeddable":true,"href":"https:\/\/roveyayinevi.com.tr\/index.php\/wp-json\/wp\/v2\/product_cat?post=755114"},{"taxonomy":"product_tag","embeddable":true,"href":"https:\/\/roveyayinevi.com.tr\/index.php\/wp-json\/wp\/v2\/product_tag?post=755114"}],"curies":[{"name":"wp","href":"https:\/\/api.w.org\/{rel}","templated":true}]}}