{"id":755113,"date":"2025-08-28T06:31:01","date_gmt":"2025-08-28T03:31:01","guid":{"rendered":"https:\/\/roveyayinevi.com.tr\/index.php\/urun\/farkli-spor-dallarindaki-kadin-sporcularin-hormonal-ve-biyokimyasal-duzeylerinin-karsilastirilmasi\/"},"modified":"2026-04-16T03:08:21","modified_gmt":"2026-04-16T00:08:21","slug":"farkli-spor-dallarindaki-kadin-sporcularin-hormonal-ve-biyokimyasal-duzeylerinin-karsilastirilmasi","status":"publish","type":"product","link":"https:\/\/roveyayinevi.com.tr\/index.php\/urun\/farkli-spor-dallarindaki-kadin-sporcularin-hormonal-ve-biyokimyasal-duzeylerinin-karsilastirilmasi\/","title":{"rendered":"Farkl\u0131 Spor Dallar\u0131ndaki Kad\u0131n Sporcular\u0131n Hormonal Ve Biyokimyasal D\u00fczeylerinin Kar\u015f\u0131la\u015ft\u0131r\u0131lmas\u0131"},"content":{"rendered":"<p>\u0130\u00e7indekiler     1.      G\u0130R\u0130\u015e 2.      GENEL B\u0130LG\u0130LER 3.      MATERYAL VE METOD 4.      BULGULAR 5.      TARTI\u015eMA   <\/p>\n","protected":false},"excerpt":{"rendered":"<p>\u0130\u00e7indekiler 1. G\u0130R\u0130\u015e 2. GENEL B\u0130LG\u0130LER 3. MATERYAL VE METOD 4. BULGULAR 5. TARTI\u015eMA<\/p>\n","protected":false},"featured_media":0,"template":"","meta":{"_monsterinsights_skip_tracking":false,"_monsterinsights_sitenote_active":false,"_monsterinsights_sitenote_note":"","_monsterinsights_sitenote_category":0},"product_brand":[],"product_cat":[15563,15564],"product_tag":[],"class_list":{"0":"post-755113","1":"product","2":"type-product","3":"status-publish","5":"product_cat-hobi","6":"product_cat-spor","7":"pa_cilt-ciltsiz","8":"pa_tur-kitap","9":"pa_yayinevi-gazi-kitabevi","10":"pa_yazar-hamdullah-ates","12":"first","13":"instock","14":"sale","15":"shipping-taxable","16":"purchasable","17":"product-type-simple"},"_links":{"self":[{"href":"https:\/\/roveyayinevi.com.tr\/index.php\/wp-json\/wp\/v2\/product\/755113","targetHints":{"allow":["GET"]}}],"collection":[{"href":"https:\/\/roveyayinevi.com.tr\/index.php\/wp-json\/wp\/v2\/product"}],"about":[{"href":"https:\/\/roveyayinevi.com.tr\/index.php\/wp-json\/wp\/v2\/types\/product"}],"wp:attachment":[{"href":"https:\/\/roveyayinevi.com.tr\/index.php\/wp-json\/wp\/v2\/media?parent=755113"}],"wp:term":[{"taxonomy":"product_brand","embeddable":true,"href":"https:\/\/roveyayinevi.com.tr\/index.php\/wp-json\/wp\/v2\/product_brand?post=755113"},{"taxonomy":"product_cat","embeddable":true,"href":"https:\/\/roveyayinevi.com.tr\/index.php\/wp-json\/wp\/v2\/product_cat?post=755113"},{"taxonomy":"product_tag","embeddable":true,"href":"https:\/\/roveyayinevi.com.tr\/index.php\/wp-json\/wp\/v2\/product_tag?post=755113"}],"curies":[{"name":"wp","href":"https:\/\/api.w.org\/{rel}","templated":true}]}}