{"id":755101,"date":"2025-08-28T06:30:41","date_gmt":"2025-08-28T03:30:41","guid":{"rendered":"https:\/\/roveyayinevi.com.tr\/index.php\/urun\/derin-sizilar\/"},"modified":"2026-04-16T03:08:21","modified_gmt":"2026-04-16T00:08:21","slug":"derin-sizilar","status":"publish","type":"product","link":"https:\/\/roveyayinevi.com.tr\/index.php\/urun\/derin-sizilar\/","title":{"rendered":"Derin S\u0131z\u0131lar"},"content":{"rendered":"<p>Derin s\u0131z\u0131lar, kalplerde ya\u015fanm\u0131\u015f ac\u0131 ve a\u015fk\u0131 dile getiren bir eserdir. T\u00fcrk milletinin ruhunda var olan heyecan\u0131 \u015fair ruhuyla hayk\u0131ran duyguyu  ya\u015fad\u0131\u011f\u0131 olumlu olumsuz konular\u0131 \u015fiir diliyle anlatan \u00e7al\u0131\u015fma \u00fcr\u00fcn\u00fcd\u00fcr. \u0130nsan\u0131n hayat\u0131nda ya\u015fad\u0131\u011f\u0131 en b\u00fcy\u00fck ac\u0131 evlat ac\u0131s\u0131. Bu \u015fiirler asl\u0131nda a\u015fk ve ac\u0131y\u0131 birle\u015ftiren duygusal \u00e7al\u0131\u015fma eseridir.<\/p>\n","protected":false},"excerpt":{"rendered":"<p>Derin s\u0131z\u0131lar, kalplerde ya\u015fanm\u0131\u015f ac\u0131 ve a\u015fk\u0131 dile getiren bir eserdir. T\u00fcrk milletinin ruhunda var olan heyecan\u0131 \u015fair ruhuyla hayk\u0131ran duyguyu ya\u015fad\u0131\u011f\u0131 olumlu olumsuz konular\u0131 \u015fiir<span class=\"excerpt-hellip\"> [\u2026]<\/span><\/p>\n","protected":false},"featured_media":0,"template":"","meta":{"_monsterinsights_skip_tracking":false,"_monsterinsights_sitenote_active":false,"_monsterinsights_sitenote_note":"","_monsterinsights_sitenote_category":0},"product_brand":[],"product_cat":[12291,12509],"product_tag":[],"class_list":{"0":"post-755101","1":"product","2":"type-product","3":"status-publish","5":"product_cat-edebiyat","6":"product_cat-siir","7":"pa_cilt-ciltsiz","8":"pa_tur-kitap","9":"pa_yayinevi-kitap-muptelasi-yayinlari","10":"pa_yazar-selami-kurt","12":"first","13":"instock","14":"sale","15":"shipping-taxable","16":"purchasable","17":"product-type-simple"},"_links":{"self":[{"href":"https:\/\/roveyayinevi.com.tr\/index.php\/wp-json\/wp\/v2\/product\/755101","targetHints":{"allow":["GET"]}}],"collection":[{"href":"https:\/\/roveyayinevi.com.tr\/index.php\/wp-json\/wp\/v2\/product"}],"about":[{"href":"https:\/\/roveyayinevi.com.tr\/index.php\/wp-json\/wp\/v2\/types\/product"}],"wp:attachment":[{"href":"https:\/\/roveyayinevi.com.tr\/index.php\/wp-json\/wp\/v2\/media?parent=755101"}],"wp:term":[{"taxonomy":"product_brand","embeddable":true,"href":"https:\/\/roveyayinevi.com.tr\/index.php\/wp-json\/wp\/v2\/product_brand?post=755101"},{"taxonomy":"product_cat","embeddable":true,"href":"https:\/\/roveyayinevi.com.tr\/index.php\/wp-json\/wp\/v2\/product_cat?post=755101"},{"taxonomy":"product_tag","embeddable":true,"href":"https:\/\/roveyayinevi.com.tr\/index.php\/wp-json\/wp\/v2\/product_tag?post=755101"}],"curies":[{"name":"wp","href":"https:\/\/api.w.org\/{rel}","templated":true}]}}