{"id":755099,"date":"2025-08-28T06:30:37","date_gmt":"2025-08-28T03:30:37","guid":{"rendered":"https:\/\/roveyayinevi.com.tr\/index.php\/urun\/kozadaki-kadin-can-ada\/"},"modified":"2026-04-16T03:08:21","modified_gmt":"2026-04-16T00:08:21","slug":"kozadaki-kadin-can-ada","status":"publish","type":"product","link":"https:\/\/roveyayinevi.com.tr\/index.php\/urun\/kozadaki-kadin-can-ada\/","title":{"rendered":"Kozadaki Kad\u0131n Can &amp; Ada"},"content":{"rendered":"<p>A\u015fk d\u00fcnyas\u0131nda, kalbin pusulas\u0131n\u0131n bizi karma\u015f\u0131k yollardan y\u00f6nlendirdi\u011fi bir yerde, modern arzular\u0131n g\u00fcr\u00fclt\u00fcs\u00fcnden s\u0131k s\u0131k ka\u00e7an derin bir ger\u00e7ek var; beklemenin sanat\u0131.  Sevgili okurlar\u0131m, bu sayfalarda d\u00f6rt i\u00e7 i\u00e7e ge\u00e7mi\u015f kaderin bir yolculu\u011funa \u00e7\u0131kacaks\u0131n\u0131z. Her biri insan kalbinin direncinin, ba\u011fl\u0131l\u0131\u011f\u0131n s\u00fcrekli g\u00fcc\u00fcn\u00fcn ve sabr\u0131n g\u00fczelli\u011finin bir kan\u0131t\u0131 olan bir yolculuk. Hayat, bildi\u011fimiz gibi, nadiren d\u00fcz bir yol. B\u00fck\u00fcl\u00fcr, d\u00f6ner ve bazen bilinmeyene y\u00f6nelir. Kalp i\u015flerimiz de \u00f6yle. Bu hik\u00e2yelerde, a\u015fk\u0131n zorluklara kar\u015f\u0131 zaferini izleyeceksiniz. Cesur olmayanlar\u0131 korkutacak zorluklarla lekelenmi\u015f d\u00f6rt \u00e7iftin yollar\u0131na \u015fahit olacaks\u0131n\u0131z. Yoksulluk, aldatmaca ve toplumun beklentilerinin karanl\u0131k y\u00fcz\u00fc, a\u015fk\u0131n kuvvetli \u0131\u015f\u0131\u011f\u0131n\u0131 g\u00f6lgelemeye \u00e7al\u0131\u015ft\u0131. \u0130nsan ruhu, f\u0131rt\u0131nalar\u0131 atlatabilme ola\u011fan\u00fcst\u00fc kapasitesine sahiptir, d\u00fcnya bizi b\u0131rakmam\u0131z i\u00e7in zorlasa bile kararl\u0131 kalmak. Bu hik\u00e2yeler, beklemenin bir zay\u0131fl\u0131k i\u015fareti olmad\u0131\u011f\u0131n\u0131, bize a\u015fk\u0131n a\u015f\u0131lad\u0131\u011f\u0131 g\u00fcc\u00fcn bir yans\u0131mas\u0131 oldu\u011funu hat\u0131rlat\u0131r. Do\u011fru zaman\u0131, uygun ko\u015fullar\u0131, alevi yeniden canland\u0131rman\u0131n do\u011fru an\u0131n\u0131 beklemek. Bu alev hi\u00e7bir zaman ger\u00e7ekten solmam\u0131\u015ft\u0131, en karanl\u0131k gecelerde bile. Bu hik\u00e2yeleri okurken ve a\u015fk\u0131n dayan\u0131kl\u0131l\u0131\u011f\u0131n\u0131n hik\u00e2yelerini takip ederken, kendi yolculu\u011funuz \u00fczerine d\u00fc\u015f\u00fcnmeye davet ediyorum sizi. \u00c7\u00fcnk\u00fc ya\u015fam dokusunda,  a\u015fk\u0131n t\u00fcm engelleri a\u015fma g\u00fcc\u00fcne olan sab\u0131r ve inan\u00e7 \u00e7a\u011fr\u0131lar\u0131n\u0131 kar\u015f\u0131layan anlarla kar\u015f\u0131la\u015f\u0131r\u0131z. Bu hik\u00e2yeler, a\u015fk\u0131n ate\u015finin, sab\u0131rla beslenip zamana \u00f6zen g\u00f6sterilerek, ya\u015fam\u0131m\u0131z\u0131n en karanl\u0131k k\u00f6\u015felerini bile ayd\u0131nlatabilece\u011fini hat\u0131rlat\u0131r. Bu edebi yolculu\u011fa \u00e7\u0131kt\u0131\u011f\u0131n\u0131zda, beklemenin ve zaferle gelen a\u015fk\u0131n hik\u00e2yelerinin size ilham vermesine izin verin. Onlar\u0131 ger\u00e7ek a\u015fk\u0131n beklemeye de\u011fer oldu\u011fu ve sabr\u0131n kucaklay\u0131\u015f\u0131nda, kalbin en derin arzular\u0131n\u0131n en beklenmedik yollarla \u00e7i\u00e7ek a\u00e7abilece\u011fi tatl\u0131 bir hat\u0131rlat\u0131c\u0131 olarak kabul edin. Okurlu\u011funuz ve finale gelene kadar sabr\u0131n\u0131z i\u00e7in minnettarl\u0131kla AzeM C..<\/p>\n","protected":false},"excerpt":{"rendered":"<p>A\u015fk d\u00fcnyas\u0131nda, kalbin pusulas\u0131n\u0131n bizi karma\u015f\u0131k yollardan y\u00f6nlendirdi\u011fi bir yerde, modern arzular\u0131n g\u00fcr\u00fclt\u00fcs\u00fcnden s\u0131k s\u0131k ka\u00e7an derin bir ger\u00e7ek var; beklemenin sanat\u0131. Sevgili okurlar\u0131m, bu sayfalarda<span class=\"excerpt-hellip\"> [\u2026]<\/span><\/p>\n","protected":false},"featured_media":0,"template":"","meta":{"_monsterinsights_skip_tracking":false,"_monsterinsights_sitenote_active":false,"_monsterinsights_sitenote_note":"","_monsterinsights_sitenote_category":0},"product_brand":[],"product_cat":[12291,12711],"product_tag":[],"class_list":{"0":"post-755099","1":"product","2":"type-product","3":"status-publish","5":"product_cat-edebiyat","6":"product_cat-roman-oyku","7":"pa_cilt-ciltsiz","8":"pa_tur-kitap","9":"pa_yayinevi-kitap-muptelasi-yayinlari","10":"pa_yazar-azem-c","12":"first","13":"instock","14":"sale","15":"shipping-taxable","16":"purchasable","17":"product-type-simple"},"_links":{"self":[{"href":"https:\/\/roveyayinevi.com.tr\/index.php\/wp-json\/wp\/v2\/product\/755099","targetHints":{"allow":["GET"]}}],"collection":[{"href":"https:\/\/roveyayinevi.com.tr\/index.php\/wp-json\/wp\/v2\/product"}],"about":[{"href":"https:\/\/roveyayinevi.com.tr\/index.php\/wp-json\/wp\/v2\/types\/product"}],"wp:attachment":[{"href":"https:\/\/roveyayinevi.com.tr\/index.php\/wp-json\/wp\/v2\/media?parent=755099"}],"wp:term":[{"taxonomy":"product_brand","embeddable":true,"href":"https:\/\/roveyayinevi.com.tr\/index.php\/wp-json\/wp\/v2\/product_brand?post=755099"},{"taxonomy":"product_cat","embeddable":true,"href":"https:\/\/roveyayinevi.com.tr\/index.php\/wp-json\/wp\/v2\/product_cat?post=755099"},{"taxonomy":"product_tag","embeddable":true,"href":"https:\/\/roveyayinevi.com.tr\/index.php\/wp-json\/wp\/v2\/product_tag?post=755099"}],"curies":[{"name":"wp","href":"https:\/\/api.w.org\/{rel}","templated":true}]}}