{"id":755096,"date":"2025-08-28T06:30:33","date_gmt":"2025-08-28T03:30:33","guid":{"rendered":"https:\/\/roveyayinevi.com.tr\/index.php\/urun\/iktisadi-kalkinma-surecinde-turkiyenin-dis-ticareti-1923-1938\/"},"modified":"2026-04-16T03:08:21","modified_gmt":"2026-04-16T00:08:21","slug":"iktisadi-kalkinma-surecinde-turkiyenin-dis-ticareti-1923-1938","status":"publish","type":"product","link":"https:\/\/roveyayinevi.com.tr\/index.php\/urun\/iktisadi-kalkinma-surecinde-turkiyenin-dis-ticareti-1923-1938\/","title":{"rendered":"\u0130ktisadi Kalk\u0131nma S\u00fcrecinde T\u00fcrkiye\u2019nin Di\u015f Ticareti: 1923-1938"},"content":{"rendered":"<p>\u0130\u00e7indekiler     \u00d6NS\u00d6Z YAZARIN SUNU\u015eU \u0130\u00c7\u0130NDEK\u0130LER G\u0130R\u0130\u015e VE \u00c7ALI\u015eMANIN \u00d6ZET\u0130   B\u00d6L\u00dcM 1: \u00c7ALI\u015eMANIN AMA\u00c7LARI VE TEOR\u0130K \u00c7ER\u00c7EVE B\u00d6L\u00dcM 2: Y\u00d6NTEM VE VER\u0130 B\u00d6L\u00dcM 3: BULGULAR   <\/p>\n","protected":false},"excerpt":{"rendered":"<p>\u0130\u00e7indekiler \u00d6NS\u00d6Z YAZARIN SUNU\u015eU \u0130\u00c7\u0130NDEK\u0130LER G\u0130R\u0130\u015e VE \u00c7ALI\u015eMANIN \u00d6ZET\u0130 B\u00d6L\u00dcM 1: \u00c7ALI\u015eMANIN AMA\u00c7LARI VE TEOR\u0130K \u00c7ER\u00c7EVE B\u00d6L\u00dcM 2: Y\u00d6NTEM VE VER\u0130 B\u00d6L\u00dcM 3: BULGULAR<\/p>\n","protected":false},"featured_media":0,"template":"","meta":{"_monsterinsights_skip_tracking":false,"_monsterinsights_sitenote_active":false,"_monsterinsights_sitenote_note":"","_monsterinsights_sitenote_category":0},"product_brand":[],"product_cat":[13043],"product_tag":[],"class_list":{"0":"post-755096","1":"product","2":"type-product","3":"status-publish","5":"product_cat-ekonomi","6":"pa_cilt-ciltsiz","7":"pa_tur-kitap","8":"pa_yayinevi-gazi-kitabevi","9":"pa_yazar-merter-mert","11":"first","12":"instock","13":"sale","14":"shipping-taxable","15":"purchasable","16":"product-type-simple"},"_links":{"self":[{"href":"https:\/\/roveyayinevi.com.tr\/index.php\/wp-json\/wp\/v2\/product\/755096","targetHints":{"allow":["GET"]}}],"collection":[{"href":"https:\/\/roveyayinevi.com.tr\/index.php\/wp-json\/wp\/v2\/product"}],"about":[{"href":"https:\/\/roveyayinevi.com.tr\/index.php\/wp-json\/wp\/v2\/types\/product"}],"wp:attachment":[{"href":"https:\/\/roveyayinevi.com.tr\/index.php\/wp-json\/wp\/v2\/media?parent=755096"}],"wp:term":[{"taxonomy":"product_brand","embeddable":true,"href":"https:\/\/roveyayinevi.com.tr\/index.php\/wp-json\/wp\/v2\/product_brand?post=755096"},{"taxonomy":"product_cat","embeddable":true,"href":"https:\/\/roveyayinevi.com.tr\/index.php\/wp-json\/wp\/v2\/product_cat?post=755096"},{"taxonomy":"product_tag","embeddable":true,"href":"https:\/\/roveyayinevi.com.tr\/index.php\/wp-json\/wp\/v2\/product_tag?post=755096"}],"curies":[{"name":"wp","href":"https:\/\/api.w.org\/{rel}","templated":true}]}}