{"id":755086,"date":"2025-08-28T06:30:14","date_gmt":"2025-08-28T03:30:14","guid":{"rendered":"https:\/\/roveyayinevi.com.tr\/index.php\/urun\/dusunceleri-yakalamak\/"},"modified":"2026-04-16T03:08:20","modified_gmt":"2026-04-16T00:08:20","slug":"dusunceleri-yakalamak","status":"publish","type":"product","link":"https:\/\/roveyayinevi.com.tr\/index.php\/urun\/dusunceleri-yakalamak\/","title":{"rendered":"D\u00fc\u015f\u00fcnceleri Yakalamak"},"content":{"rendered":"<p>Ne kadar u\u011fra\u015fsan da kurtulamada\u0131\u011f\u0131n, istenmeyen bir d\u00fc\u015f\u00fcncen oldu mu? Akl\u0131ndan \u00e7\u0131karamad\u0131\u011f\u0131 bir d\u00fc\u015f\u00fcncesi olan k\u00fc\u00e7\u00fck bir k\u0131z\u0131n b\u00fcy\u00fcleyici hikayesi, \u00fcz\u00fcnt\u00fc veya endi\u015fenin alt\u0131nda ezilen \u00e7ocuklara, istenmeyen d\u00fc\u015f\u00fcnceleri nas\u0131l kabulleneceklerini, onlara nas\u0131l \u015fefkatle yakla\u015facaklar\u0131n\u0131 ve sonra da onlar\u0131 nas\u0131l serbest b\u0131rakacaklar\u0131n\u0131 anlat\u0131yor.<\/p>\n","protected":false},"excerpt":{"rendered":"<p>Ne kadar u\u011fra\u015fsan da kurtulamada\u0131\u011f\u0131n, istenmeyen bir d\u00fc\u015f\u00fcncen oldu mu? Akl\u0131ndan \u00e7\u0131karamad\u0131\u011f\u0131 bir d\u00fc\u015f\u00fcncesi olan k\u00fc\u00e7\u00fck bir k\u0131z\u0131n b\u00fcy\u00fcleyici hikayesi, \u00fcz\u00fcnt\u00fc veya endi\u015fenin alt\u0131nda ezilen \u00e7ocuklara,<span class=\"excerpt-hellip\"> [\u2026]<\/span><\/p>\n","protected":false},"featured_media":0,"template":"","meta":{"_monsterinsights_skip_tracking":false,"_monsterinsights_sitenote_active":false,"_monsterinsights_sitenote_note":"","_monsterinsights_sitenote_category":0},"product_brand":[],"product_cat":[12274,12284],"product_tag":[],"class_list":{"0":"post-755086","1":"product","2":"type-product","3":"status-publish","5":"product_cat-cocuk-ve-genclik-kitaplari","6":"product_cat-hikayeler","7":"pa_cilt-ciltsiz","8":"pa_tur-kitap","9":"pa_yayinevi-megakids-yayincilik","10":"pa_yazar-bonnie-clark","12":"first","13":"instock","14":"sale","15":"shipping-taxable","16":"purchasable","17":"product-type-simple"},"_links":{"self":[{"href":"https:\/\/roveyayinevi.com.tr\/index.php\/wp-json\/wp\/v2\/product\/755086","targetHints":{"allow":["GET"]}}],"collection":[{"href":"https:\/\/roveyayinevi.com.tr\/index.php\/wp-json\/wp\/v2\/product"}],"about":[{"href":"https:\/\/roveyayinevi.com.tr\/index.php\/wp-json\/wp\/v2\/types\/product"}],"wp:attachment":[{"href":"https:\/\/roveyayinevi.com.tr\/index.php\/wp-json\/wp\/v2\/media?parent=755086"}],"wp:term":[{"taxonomy":"product_brand","embeddable":true,"href":"https:\/\/roveyayinevi.com.tr\/index.php\/wp-json\/wp\/v2\/product_brand?post=755086"},{"taxonomy":"product_cat","embeddable":true,"href":"https:\/\/roveyayinevi.com.tr\/index.php\/wp-json\/wp\/v2\/product_cat?post=755086"},{"taxonomy":"product_tag","embeddable":true,"href":"https:\/\/roveyayinevi.com.tr\/index.php\/wp-json\/wp\/v2\/product_tag?post=755086"}],"curies":[{"name":"wp","href":"https:\/\/api.w.org\/{rel}","templated":true}]}}