{"id":755084,"date":"2025-08-28T06:30:11","date_gmt":"2025-08-28T03:30:11","guid":{"rendered":"https:\/\/roveyayinevi.com.tr\/index.php\/urun\/buyuk-ayi-cok-degisti\/"},"modified":"2026-04-11T03:16:46","modified_gmt":"2026-04-11T00:16:46","slug":"buyuk-ayi-cok-degisti","status":"publish","type":"product","link":"https:\/\/roveyayinevi.com.tr\/index.php\/urun\/buyuk-ayi-cok-degisti\/","title":{"rendered":"B\u00fcy\u00fck Ay\u0131 \u00c7ok De\u011fi\u015fti"},"content":{"rendered":"<p>K\u00fc\u00e7\u00fck Ay\u0131 orman\u0131,evini ve en iyi arkada\u015f\u0131 B\u00fcy\u00fck Ay\u0131 ile maceralara at\u0131lmay\u0131 \u00e7ok seviyor. Bir g\u00fcn B\u00fcy\u00fck Ay\u0131&#8217;n\u0131n ba\u015f\u0131na korkun\u00e7 bir \u015fey geliyor. K\u00fc\u00e7\u00fck Ay\u0131, B\u00fcy\u00fck Ay\u0131&#8217;n\u0131n tehlikeyi atlatt\u0131ktan sonra bile eskisi gibi olmad\u0131\u011f\u0131n\u0131 fark ediyor. B\u00fcy\u00fck Ay\u0131 kendisine o travmatik g\u00fcn\u00fc hat\u0131rlatan s\u0131radan \u015feyler oldu\u011funda korkuyla ko\u015fuyor, k\u00fckr\u00fcyor,veya donakal\u0131yor. K\u00fc\u00e7\u00fck Ay\u0131&#8217;n\u0131n b\u00fcy\u00fck ,g\u00fc\u00e7l\u00fc ve cesur arkada\u015f\u0131 \u015fimdi nas\u0131l bu kadar korkuyor? Ve K\u00fc\u00e7\u00fck Ay\u0131 nas\u0131l iyi bir arkada\u015f olabilir? Travma,dostluk ve empati hakk\u0131nda \u015fefkat dolu bir hikaye&#8230;<\/p>\n","protected":false},"excerpt":{"rendered":"<p>K\u00fc\u00e7\u00fck Ay\u0131 orman\u0131,evini ve en iyi arkada\u015f\u0131 B\u00fcy\u00fck Ay\u0131 ile maceralara at\u0131lmay\u0131 \u00e7ok seviyor. Bir g\u00fcn B\u00fcy\u00fck Ay\u0131&#8217;n\u0131n ba\u015f\u0131na korkun\u00e7 bir \u015fey geliyor. K\u00fc\u00e7\u00fck Ay\u0131, B\u00fcy\u00fck<span class=\"excerpt-hellip\"> [\u2026]<\/span><\/p>\n","protected":false},"featured_media":0,"template":"","meta":{"_monsterinsights_skip_tracking":false,"_monsterinsights_sitenote_active":false,"_monsterinsights_sitenote_note":"","_monsterinsights_sitenote_category":0},"product_brand":[],"product_cat":[12274,12284],"product_tag":[],"class_list":{"0":"post-755084","1":"product","2":"type-product","3":"status-publish","5":"product_cat-cocuk-ve-genclik-kitaplari","6":"product_cat-hikayeler","7":"pa_cilt-ciltsiz","8":"pa_tur-kitap","9":"pa_yayinevi-megakids-yayincilik","10":"pa_yazar-joanna-rowland","12":"first","13":"instock","14":"sale","15":"shipping-taxable","16":"purchasable","17":"product-type-simple"},"_links":{"self":[{"href":"https:\/\/roveyayinevi.com.tr\/index.php\/wp-json\/wp\/v2\/product\/755084","targetHints":{"allow":["GET"]}}],"collection":[{"href":"https:\/\/roveyayinevi.com.tr\/index.php\/wp-json\/wp\/v2\/product"}],"about":[{"href":"https:\/\/roveyayinevi.com.tr\/index.php\/wp-json\/wp\/v2\/types\/product"}],"wp:attachment":[{"href":"https:\/\/roveyayinevi.com.tr\/index.php\/wp-json\/wp\/v2\/media?parent=755084"}],"wp:term":[{"taxonomy":"product_brand","embeddable":true,"href":"https:\/\/roveyayinevi.com.tr\/index.php\/wp-json\/wp\/v2\/product_brand?post=755084"},{"taxonomy":"product_cat","embeddable":true,"href":"https:\/\/roveyayinevi.com.tr\/index.php\/wp-json\/wp\/v2\/product_cat?post=755084"},{"taxonomy":"product_tag","embeddable":true,"href":"https:\/\/roveyayinevi.com.tr\/index.php\/wp-json\/wp\/v2\/product_tag?post=755084"}],"curies":[{"name":"wp","href":"https:\/\/api.w.org\/{rel}","templated":true}]}}