{"id":755083,"date":"2025-08-28T06:30:09","date_gmt":"2025-08-28T03:30:09","guid":{"rendered":"https:\/\/roveyayinevi.com.tr\/index.php\/urun\/yeryuzu-kitabi-ciltli\/"},"modified":"2026-04-16T03:08:20","modified_gmt":"2026-04-16T00:08:20","slug":"yeryuzu-kitabi-ciltli","status":"publish","type":"product","link":"https:\/\/roveyayinevi.com.tr\/index.php\/urun\/yeryuzu-kitabi-ciltli\/","title":{"rendered":"Yery\u00fcz\u00fc Kitab\u0131 (Ciltli)"},"content":{"rendered":"<p>\u015eEFFAF SAYFALAR, CO\u011eRAFYA, YERY\u00dcZ\u00dc, D\u00dcNYAMIZ,DA\u011eLAR, YERY\u00dcZ\u00dc \u015eEK\u0130LLER\u0130, HANNAH ALICE,Gezegenimizin ne kadar harika oldu\u011funu hi\u00e7 d\u00fc\u015f\u00fcnd\u00fcn m\u00fc? \u0130nan\u0131lmaz \u015feffaf sayfalarla yery\u00fcz\u00fcn\u00fcn i\u00e7ine daha yak\u0131ndan bak. Gezegeni bizim i\u00e7in ya\u015fanabilir k\u0131lmak amac\u0131yla yery\u00fcz\u00fcn\u00fcn birlikte \u00e7al\u0131\u015fan b\u00f6l\u00fcmlerini \u00f6\u011fren ve y\u00fczeyin alt\u0131nda olup bitenleri ke\u015ffet! Harika gezegenimizin i\u00e7ini g\u00f6rmeye haz\u0131r m\u0131s\u0131n?<\/p>\n","protected":false},"excerpt":{"rendered":"<p>\u015eEFFAF SAYFALAR, CO\u011eRAFYA, YERY\u00dcZ\u00dc, D\u00dcNYAMIZ,DA\u011eLAR, YERY\u00dcZ\u00dc \u015eEK\u0130LLER\u0130, HANNAH ALICE,Gezegenimizin ne kadar harika oldu\u011funu hi\u00e7 d\u00fc\u015f\u00fcnd\u00fcn m\u00fc? \u0130nan\u0131lmaz \u015feffaf sayfalarla yery\u00fcz\u00fcn\u00fcn i\u00e7ine daha yak\u0131ndan bak. Gezegeni bizim<span class=\"excerpt-hellip\"> [\u2026]<\/span><\/p>\n","protected":false},"featured_media":0,"template":"","meta":{"_monsterinsights_skip_tracking":false,"_monsterinsights_sitenote_active":false,"_monsterinsights_sitenote_note":"","_monsterinsights_sitenote_category":0},"product_brand":[],"product_cat":[12274,15842],"product_tag":[],"class_list":{"0":"post-755083","1":"product","2":"type-product","3":"status-publish","5":"product_cat-cocuk-ve-genclik-kitaplari","6":"product_cat-egitici-kitaplar","7":"pa_cilt-ciltli","8":"pa_tur-kitap","9":"pa_yayinevi-megakids-yayincilik","10":"pa_yazar-hannah-alice","12":"first","13":"instock","14":"sale","15":"shipping-taxable","16":"purchasable","17":"product-type-simple"},"_links":{"self":[{"href":"https:\/\/roveyayinevi.com.tr\/index.php\/wp-json\/wp\/v2\/product\/755083","targetHints":{"allow":["GET"]}}],"collection":[{"href":"https:\/\/roveyayinevi.com.tr\/index.php\/wp-json\/wp\/v2\/product"}],"about":[{"href":"https:\/\/roveyayinevi.com.tr\/index.php\/wp-json\/wp\/v2\/types\/product"}],"wp:attachment":[{"href":"https:\/\/roveyayinevi.com.tr\/index.php\/wp-json\/wp\/v2\/media?parent=755083"}],"wp:term":[{"taxonomy":"product_brand","embeddable":true,"href":"https:\/\/roveyayinevi.com.tr\/index.php\/wp-json\/wp\/v2\/product_brand?post=755083"},{"taxonomy":"product_cat","embeddable":true,"href":"https:\/\/roveyayinevi.com.tr\/index.php\/wp-json\/wp\/v2\/product_cat?post=755083"},{"taxonomy":"product_tag","embeddable":true,"href":"https:\/\/roveyayinevi.com.tr\/index.php\/wp-json\/wp\/v2\/product_tag?post=755083"}],"curies":[{"name":"wp","href":"https:\/\/api.w.org\/{rel}","templated":true}]}}