{"id":755077,"date":"2025-08-28T06:30:00","date_gmt":"2025-08-28T03:30:00","guid":{"rendered":"https:\/\/roveyayinevi.com.tr\/index.php\/urun\/fergus-ile-zeke\/"},"modified":"2026-04-16T03:08:20","modified_gmt":"2026-04-16T00:08:20","slug":"fergus-ile-zeke","status":"publish","type":"product","link":"https:\/\/roveyayinevi.com.tr\/index.php\/urun\/fergus-ile-zeke\/","title":{"rendered":"Fergus ile Zeke"},"content":{"rendered":"<p>FERGUS \u0130LE ZEKE, OKUL, ARKADA\u015eLIK, MACERA, SINIF, EVC\u0130L HAYVAN, KOM\u0130K, M\u00dcZE, OKUL GEZ\u0130S\u0130,Fergus, Bayan Maxwell&#8217;in s\u0131n\u0131f\u0131n\u0131n evcil hayvan\u0131 olmay\u0131 \u00e7ok severdi. \u00d6\u011frencilerin yapt\u0131\u011f\u0131 her \u015feyi yapard\u0131. Ta ki m\u00fczeye bir okul gezisi d\u00fczenlenene kadar! Fegus, e\u011flenceye kat\u0131lmaya kararl\u0131yd\u0131. \u00d6\u011frencilerden birinin s\u0131rt \u00e7antas\u0131na sakland\u0131 ve yeni arkada\u015f\u0131 Zeke&#8217;in yard\u0131m\u0131yla devasa m\u00fczeyi ke\u015ffetti. Ancak s\u0131n\u0131f\u0131n evcil hayvan\u0131 Fergus, \u00e7antaya girebilmek i\u00e7in otob\u00fcse zaman\u0131nda d\u00f6nebilecek mi?<\/p>\n","protected":false},"excerpt":{"rendered":"<p>FERGUS \u0130LE ZEKE, OKUL, ARKADA\u015eLIK, MACERA, SINIF, EVC\u0130L HAYVAN, KOM\u0130K, M\u00dcZE, OKUL GEZ\u0130S\u0130,Fergus, Bayan Maxwell&#8217;in s\u0131n\u0131f\u0131n\u0131n evcil hayvan\u0131 olmay\u0131 \u00e7ok severdi. \u00d6\u011frencilerin yapt\u0131\u011f\u0131 her \u015feyi yapard\u0131.<span class=\"excerpt-hellip\"> [\u2026]<\/span><\/p>\n","protected":false},"featured_media":0,"template":"","meta":{"_monsterinsights_skip_tracking":false,"_monsterinsights_sitenote_active":false,"_monsterinsights_sitenote_note":"","_monsterinsights_sitenote_category":0},"product_brand":[],"product_cat":[12274,12284],"product_tag":[],"class_list":{"0":"post-755077","1":"product","2":"type-product","3":"status-publish","5":"product_cat-cocuk-ve-genclik-kitaplari","6":"product_cat-hikayeler","7":"pa_cilt-ciltsiz","8":"pa_tur-kitap","9":"pa_yayinevi-megakids-yayincilik","10":"pa_yazar-kate-messner","12":"first","13":"instock","14":"sale","15":"shipping-taxable","16":"purchasable","17":"product-type-simple"},"_links":{"self":[{"href":"https:\/\/roveyayinevi.com.tr\/index.php\/wp-json\/wp\/v2\/product\/755077","targetHints":{"allow":["GET"]}}],"collection":[{"href":"https:\/\/roveyayinevi.com.tr\/index.php\/wp-json\/wp\/v2\/product"}],"about":[{"href":"https:\/\/roveyayinevi.com.tr\/index.php\/wp-json\/wp\/v2\/types\/product"}],"wp:attachment":[{"href":"https:\/\/roveyayinevi.com.tr\/index.php\/wp-json\/wp\/v2\/media?parent=755077"}],"wp:term":[{"taxonomy":"product_brand","embeddable":true,"href":"https:\/\/roveyayinevi.com.tr\/index.php\/wp-json\/wp\/v2\/product_brand?post=755077"},{"taxonomy":"product_cat","embeddable":true,"href":"https:\/\/roveyayinevi.com.tr\/index.php\/wp-json\/wp\/v2\/product_cat?post=755077"},{"taxonomy":"product_tag","embeddable":true,"href":"https:\/\/roveyayinevi.com.tr\/index.php\/wp-json\/wp\/v2\/product_tag?post=755077"}],"curies":[{"name":"wp","href":"https:\/\/api.w.org\/{rel}","templated":true}]}}