{"id":755076,"date":"2025-08-28T06:29:58","date_gmt":"2025-08-28T03:29:58","guid":{"rendered":"https:\/\/roveyayinevi.com.tr\/index.php\/urun\/fergus-ile-zeke-bilim-fuarinda\/"},"modified":"2026-04-16T03:08:20","modified_gmt":"2026-04-16T00:08:20","slug":"fergus-ile-zeke-bilim-fuarinda","status":"publish","type":"product","link":"https:\/\/roveyayinevi.com.tr\/index.php\/urun\/fergus-ile-zeke-bilim-fuarinda\/","title":{"rendered":"Fergus \u0130le Zeke Bilim Fuar\u0131nda"},"content":{"rendered":"<p>FERGUS \u0130LE ZEKE, OKUL, ARKADA\u015eLIK, MACERA, SINIF, EVC\u0130L HAYVAN, KOM\u0130K, B\u0130L\u0130M, DENEY, TEKNOLOJ\u0130,Fergus ile Zeke, Bayan Maxwell\u2019in s\u0131n\u0131f\u0131n\u0131n evcil hayvan\u0131 olmay\u0131 \u00e7ok severlerdi ve \u00f6\u011frencilerin yapt\u0131\u011f\u0131 her \u015feyi yaparlard\u0131. Ancak okuldaki bilim fuar\u0131 gelip \u00e7att\u0131\u011f\u0131nda, farecikler bu etkinli\u011fe nas\u0131l kat\u0131lacaklar\u0131n\u0131 bilemediler. Lucy onlara labirentte ko\u015fmay\u0131 \u00f6\u011fretmek istiyordu ama onlar deney olmak de\u011fil, deney yapmak istiyorlard\u0131!<\/p>\n","protected":false},"excerpt":{"rendered":"<p>FERGUS \u0130LE ZEKE, OKUL, ARKADA\u015eLIK, MACERA, SINIF, EVC\u0130L HAYVAN, KOM\u0130K, B\u0130L\u0130M, DENEY, TEKNOLOJ\u0130,Fergus ile Zeke, Bayan Maxwell\u2019in s\u0131n\u0131f\u0131n\u0131n evcil hayvan\u0131 olmay\u0131 \u00e7ok severlerdi ve \u00f6\u011frencilerin yapt\u0131\u011f\u0131<span class=\"excerpt-hellip\"> [\u2026]<\/span><\/p>\n","protected":false},"featured_media":0,"template":"","meta":{"_monsterinsights_skip_tracking":false,"_monsterinsights_sitenote_active":false,"_monsterinsights_sitenote_note":"","_monsterinsights_sitenote_category":0},"product_brand":[],"product_cat":[12274,12284],"product_tag":[],"class_list":{"0":"post-755076","1":"product","2":"type-product","3":"status-publish","5":"product_cat-cocuk-ve-genclik-kitaplari","6":"product_cat-hikayeler","7":"pa_cilt-ciltsiz","8":"pa_tur-kitap","9":"pa_yayinevi-megakids-yayincilik","10":"pa_yazar-kate-messner","12":"first","13":"instock","14":"sale","15":"shipping-taxable","16":"purchasable","17":"product-type-simple"},"_links":{"self":[{"href":"https:\/\/roveyayinevi.com.tr\/index.php\/wp-json\/wp\/v2\/product\/755076","targetHints":{"allow":["GET"]}}],"collection":[{"href":"https:\/\/roveyayinevi.com.tr\/index.php\/wp-json\/wp\/v2\/product"}],"about":[{"href":"https:\/\/roveyayinevi.com.tr\/index.php\/wp-json\/wp\/v2\/types\/product"}],"wp:attachment":[{"href":"https:\/\/roveyayinevi.com.tr\/index.php\/wp-json\/wp\/v2\/media?parent=755076"}],"wp:term":[{"taxonomy":"product_brand","embeddable":true,"href":"https:\/\/roveyayinevi.com.tr\/index.php\/wp-json\/wp\/v2\/product_brand?post=755076"},{"taxonomy":"product_cat","embeddable":true,"href":"https:\/\/roveyayinevi.com.tr\/index.php\/wp-json\/wp\/v2\/product_cat?post=755076"},{"taxonomy":"product_tag","embeddable":true,"href":"https:\/\/roveyayinevi.com.tr\/index.php\/wp-json\/wp\/v2\/product_tag?post=755076"}],"curies":[{"name":"wp","href":"https:\/\/api.w.org\/{rel}","templated":true}]}}