{"id":755074,"date":"2025-08-28T06:29:55","date_gmt":"2025-08-28T03:29:55","guid":{"rendered":"https:\/\/roveyayinevi.com.tr\/index.php\/urun\/tedarik-zinciri-yonetimi\/"},"modified":"2026-04-16T03:08:20","modified_gmt":"2026-04-16T00:08:20","slug":"tedarik-zinciri-yonetimi","status":"publish","type":"product","link":"https:\/\/roveyayinevi.com.tr\/index.php\/urun\/tedarik-zinciri-yonetimi\/","title":{"rendered":"Tedarik Zinciri Y\u00f6netimi"},"content":{"rendered":"<p>1. B\u00d6L\u00dcM: TEDAR\u0130K Z\u0130NC\u0130R\u0130 Y\u00d6NET\u0130M\u0130 KAVRAMSAL \u00c7ER\u00c7EVE   2. B\u00d6L\u00dcM: TEDAR\u0130K Z\u0130NC\u0130R\u0130 Y\u00d6NET\u0130M S\u00dcRE\u00c7LER\u0130 VE LOJ\u0130ST\u0130K FAAL\u0130YETLER   3. B\u00d6L\u00dcM: TEDAR\u0130K Z\u0130NC\u0130R\u0130 Y\u00d6NET\u0130M\u0130NDE STRATEJ\u0130K PLANLAMA VE A\u011e TASARIMI   4. B\u00d6L\u00dcM: TEDAR\u0130K Z\u0130NC\u0130R\u0130 Y\u00d6NET\u0130M STRATEJ\u0130LER\u0130   5. B\u00d6L\u00dcM: TEDAR\u0130K Z\u0130NC\u0130R\u0130 Y\u00d6NET\u0130M\u0130NDE B\u0130L\u0130\u015e\u0130M TEKNOLOJ\u0130LER\u0130 VE ELEKTRON\u0130K T\u0130CARET   6. B\u00d6L\u00dcM: TEDAR\u0130K Z\u0130NC\u0130R\u0130 BA\u011eLAMINDA SATIN ALMA Y\u00d6NET\u0130M\u0130   7. B\u00d6L\u00dcM: TEDAR\u0130K Z\u0130NC\u0130R\u0130 Y\u00d6NET\u0130M\u0130NDE PERFORMANS \u00d6L\u00c7\u00dcM\u00dc   8. B\u00d6L\u00dcM: S\u00dcRD\u00dcR\u00dcLEB\u0130L\u0130R TEDAR\u0130K Z\u0130NC\u0130R\u0130 Y\u00d6NET\u0130M\u0130, END\u00dcSTR\u0130 4.0 VE BLOCKCHAIN 9. B\u00d6L\u00dcM: D\u00d6NG\u00dcSEL TEDAR\u0130K Z\u0130NC\u0130R\u0130 Y\u00d6NET\u0130M\u0130<\/p>\n","protected":false},"excerpt":{"rendered":"<p>1. B\u00d6L\u00dcM: TEDAR\u0130K Z\u0130NC\u0130R\u0130 Y\u00d6NET\u0130M\u0130 KAVRAMSAL \u00c7ER\u00c7EVE 2. B\u00d6L\u00dcM: TEDAR\u0130K Z\u0130NC\u0130R\u0130 Y\u00d6NET\u0130M S\u00dcRE\u00c7LER\u0130 VE LOJ\u0130ST\u0130K FAAL\u0130YETLER 3. B\u00d6L\u00dcM: TEDAR\u0130K Z\u0130NC\u0130R\u0130 Y\u00d6NET\u0130M\u0130NDE STRATEJ\u0130K PLANLAMA VE A\u011e TASARIMI<span class=\"excerpt-hellip\"> [\u2026]<\/span><\/p>\n","protected":false},"featured_media":0,"template":"","meta":{"_monsterinsights_skip_tracking":false,"_monsterinsights_sitenote_active":false,"_monsterinsights_sitenote_note":"","_monsterinsights_sitenote_category":0},"product_brand":[],"product_cat":[13043],"product_tag":[],"class_list":{"0":"post-755074","1":"product","2":"type-product","3":"status-publish","5":"product_cat-ekonomi","6":"pa_cilt-ciltsiz","7":"pa_tur-kitap","8":"pa_yayinevi-gazi-kitabevi","9":"pa_yazar-kolektif","11":"first","12":"instock","13":"sale","14":"shipping-taxable","15":"purchasable","16":"product-type-simple"},"_links":{"self":[{"href":"https:\/\/roveyayinevi.com.tr\/index.php\/wp-json\/wp\/v2\/product\/755074","targetHints":{"allow":["GET"]}}],"collection":[{"href":"https:\/\/roveyayinevi.com.tr\/index.php\/wp-json\/wp\/v2\/product"}],"about":[{"href":"https:\/\/roveyayinevi.com.tr\/index.php\/wp-json\/wp\/v2\/types\/product"}],"wp:attachment":[{"href":"https:\/\/roveyayinevi.com.tr\/index.php\/wp-json\/wp\/v2\/media?parent=755074"}],"wp:term":[{"taxonomy":"product_brand","embeddable":true,"href":"https:\/\/roveyayinevi.com.tr\/index.php\/wp-json\/wp\/v2\/product_brand?post=755074"},{"taxonomy":"product_cat","embeddable":true,"href":"https:\/\/roveyayinevi.com.tr\/index.php\/wp-json\/wp\/v2\/product_cat?post=755074"},{"taxonomy":"product_tag","embeddable":true,"href":"https:\/\/roveyayinevi.com.tr\/index.php\/wp-json\/wp\/v2\/product_tag?post=755074"}],"curies":[{"name":"wp","href":"https:\/\/api.w.org\/{rel}","templated":true}]}}