{"id":755073,"date":"2025-08-28T06:29:54","date_gmt":"2025-08-28T03:29:54","guid":{"rendered":"https:\/\/roveyayinevi.com.tr\/index.php\/urun\/tuz-ve-tas-ustunde\/"},"modified":"2026-04-16T03:08:20","modified_gmt":"2026-04-16T00:08:20","slug":"tuz-ve-tas-ustunde","status":"publish","type":"product","link":"https:\/\/roveyayinevi.com.tr\/index.php\/urun\/tuz-ve-tas-ustunde\/","title":{"rendered":"Tuz ve Ta\u015f \u00dcst\u00fcnde"},"content":{"rendered":"<p>Sava\u015flara sadece b\u00fcy\u00fck g\u00fc\u00e7 m\u00fccadelesi, do\u011fal kaynak payla\u015f\u0131m\u0131, cephelerdeki ilerleyi\u015f \u00fczerinden bakarak sahan\u0131n ger\u00e7eklerini okuyamay\u0131z. Asker\u00ee-siyasi s\u00fcre\u00e7 kadar toplum ve birey, istatistikler kadar biyografiler de \u00f6nemlidir. Siyasi ve asker\u00ee \u015fahsiyetler kadar s\u0131radan siviller de kulak verilmeye de\u011ferdir. Bu kitapta farkl\u0131 vilayetlerden, mesleklerden, mezheplerden ve ideolojilerden otuz k\u00fcsur Suriyeli hem rejim, isyan\/devrim, sava\u015f ve g\u00f6\u00e7e dair kendi hik\u00e2yelerini ve \u015fahitliklerini anlat\u0131yor hem de duygu ve d\u00fc\u015f\u00fcncelerini payla\u015f\u0131yor. Baas nas\u0131l bir rejimdir? Siyasi, iktisadi, hukuki, askeri, dini ve k\u00fclt\u00fcrel politikalar\u0131 nelerdir? Halk neden isyan etti? Bar\u0131\u015f\u00e7\u0131l g\u00f6steriler sava\u015fa nas\u0131l evirildi? Sava\u015f ve ku\u015fatma alt\u0131nda ne t\u00fcr ac\u0131lar ve y\u0131k\u0131mlar ya\u015fand\u0131? Rejim ger\u00e7ekten kazand\u0131 m\u0131? \u015eu an nas\u0131l bir sosyoekonomik \u00e7\u00f6k\u00fc\u015f ya\u015fan\u0131yor? M\u00fcltecilik ne demektir? Ni\u00e7in k\u0131sa vadede bar\u0131\u015f \u00fcmidi yok? Ya\u015fananlardan ne gibi dersler \u00e7\u0131kar\u0131lmal\u0131? Bunlar, cevab\u0131 aranan sorulardan sadece birka\u00e7\u0131. 12 y\u0131ld\u0131r Suriye ve Suriyeliler hakk\u0131nda do\u011frusuyla yanl\u0131\u015f\u0131yla \u00e7ok\u00e7a konu\u015ftuk. Bu kitapta s\u00f6z\u00fc olaylar\u0131n canl\u0131 \u015fahitlerine veriyor; Suriyeli \u015fair Nizar Kabbani\u2019nin Yasaklanm\u0131\u015f \u015eiirler adl\u0131 \u015fiirinde dile getirdi\u011fi gibi \u201cTuz ve ta\u015f \u00fcst\u00fcnde uyuyan kentler\u201de misafir oluyoruz. <\/p>\n","protected":false},"excerpt":{"rendered":"<p>Sava\u015flara sadece b\u00fcy\u00fck g\u00fc\u00e7 m\u00fccadelesi, do\u011fal kaynak payla\u015f\u0131m\u0131, cephelerdeki ilerleyi\u015f \u00fczerinden bakarak sahan\u0131n ger\u00e7eklerini okuyamay\u0131z. Asker\u00ee-siyasi s\u00fcre\u00e7 kadar toplum ve birey, istatistikler kadar biyografiler de \u00f6nemlidir.<span class=\"excerpt-hellip\"> [\u2026]<\/span><\/p>\n","protected":false},"featured_media":0,"template":"","meta":{"_monsterinsights_skip_tracking":false,"_monsterinsights_sitenote_active":false,"_monsterinsights_sitenote_note":"","_monsterinsights_sitenote_category":0},"product_brand":[],"product_cat":[31194,12337],"product_tag":[],"class_list":{"0":"post-755073","1":"product","2":"type-product","3":"status-publish","5":"product_cat-guncel-siyaset","6":"product_cat-politika-siyaset","7":"pa_cilt-ciltsiz","8":"pa_tur-kitap","9":"pa_yayinevi-kure-yayinlari","10":"pa_yazar-zahide-tuba-kor","12":"first","13":"instock","14":"sale","15":"shipping-taxable","16":"purchasable","17":"product-type-simple"},"_links":{"self":[{"href":"https:\/\/roveyayinevi.com.tr\/index.php\/wp-json\/wp\/v2\/product\/755073","targetHints":{"allow":["GET"]}}],"collection":[{"href":"https:\/\/roveyayinevi.com.tr\/index.php\/wp-json\/wp\/v2\/product"}],"about":[{"href":"https:\/\/roveyayinevi.com.tr\/index.php\/wp-json\/wp\/v2\/types\/product"}],"wp:attachment":[{"href":"https:\/\/roveyayinevi.com.tr\/index.php\/wp-json\/wp\/v2\/media?parent=755073"}],"wp:term":[{"taxonomy":"product_brand","embeddable":true,"href":"https:\/\/roveyayinevi.com.tr\/index.php\/wp-json\/wp\/v2\/product_brand?post=755073"},{"taxonomy":"product_cat","embeddable":true,"href":"https:\/\/roveyayinevi.com.tr\/index.php\/wp-json\/wp\/v2\/product_cat?post=755073"},{"taxonomy":"product_tag","embeddable":true,"href":"https:\/\/roveyayinevi.com.tr\/index.php\/wp-json\/wp\/v2\/product_tag?post=755073"}],"curies":[{"name":"wp","href":"https:\/\/api.w.org\/{rel}","templated":true}]}}