{"id":755069,"date":"2025-08-28T06:29:49","date_gmt":"2025-08-28T03:29:49","guid":{"rendered":"https:\/\/roveyayinevi.com.tr\/index.php\/urun\/sampiyonluk-yazilari-ciltli\/"},"modified":"2026-04-16T03:08:20","modified_gmt":"2026-04-16T00:08:20","slug":"sampiyonluk-yazilari-ciltli","status":"publish","type":"product","link":"https:\/\/roveyayinevi.com.tr\/index.php\/urun\/sampiyonluk-yazilari-ciltli\/","title":{"rendered":"\u015eampiyonluk Yaz\u0131lar\u0131 (Ciltli)"},"content":{"rendered":"<p>\u201c\u015eampiyonluk Yaz\u0131lar\u0131\u201d Abdullah Avc\u0131\u2019n\u0131n geli\u015fiyle ba\u015flayan ve sonunda da \u015fampiyonlukla ta\u00e7lanan b\u00fcy\u00fck bir hik\u00e2yenin kitab\u0131. \u201c\u015eampiyonluk Yaz\u0131lar\u0131\u201d \u00e7ocuklu\u011fu Trabzonspor\u2019un \u015fampiyonluklar\u0131na denk gelmi\u015f jenerasyonlar\u0131n \u00e7ocuklu\u011funun kitab\u0131\u2026. \u201c\u015eampiyonluk Yaz\u0131lar\u0131\u201d \u015fampiyonluk kutlamalar\u0131 g\u00f6rmeden b\u00fcy\u00fcm\u00fc\u015f, okullar\u0131nda, i\u015fyerlerinde tek ba\u015f\u0131na kalsalar da sevdalar\u0131ndan asla vazge\u00e7memi\u015f jenerasyonlar\u0131n kitab\u0131\u2026 \u201c\u015eampiyonluk Yaz\u0131lar\u0131\u201d futbolu sporun bir bran\u015f\u0131 olman\u0131n \u00f6tesinde hayat\u0131n ta kendisi g\u00f6ren bir \u015fehrin kitab\u0131\u2026 \u201c\u015eampiyonluk Yaz\u0131lar\u0131\u201d \u00fclkenin her yerinde, mevzusu her a\u00e7\u0131ld\u0131\u011f\u0131nda \u2018iyi ama ilk tak\u0131m\u0131n hangisi?\u2019 sorular\u0131yla kar\u015f\u0131la\u015fanlar\u0131n kitab\u0131\u2026 \u201c\u015eampiyonluk Yaz\u0131lar\u0131\u201d dar sokaklar\u0131nda, dinmeyen ya\u011fmurunda, kendini bulan, rengine tutulan, en \u00f6nemlisi de a\u015f\u0131k olanlar\u0131n kitab\u0131\u2026 \u201c\u015eampiyonluk Yaz\u0131lar\u0131\u201d bordo mavi u\u011fruna g\u00fcnleri t\u00fcketenlerin, \u00f6mr\u00fcn\u00fc verenlerin kitab\u0131\u2026 \u201c\u015eampiyonluk Yaz\u0131lar\u0131\u201d \u00e7ocuklar\u0131n\u0131 inatla Trabzonsporlu yapan ebeveynlerin zafer kitab\u0131\u2026 \u201c\u015eampiyonluk Yaz\u0131lar\u0131\u201d d\u00fcnyan\u0131n her yerini \u015fehri gibi seven, sahiplenen, koruyup, kollayan \u2018Bize Her Yer Trabzon\u2019 diyenlerin kitab\u0131\u2026 \u201c\u015eampiyonluk Yaz\u0131lar\u0131\u201d eme\u011fin ve al\u0131n terinin kitab\u0131\u2026 \u201c\u015eampiyonluk Yaz\u0131lar\u0131\u201d se\u00e7ildi\u011fi g\u00fcn hedefini belirleyen Ahmet A\u011fao\u011flu ve ekibinin kitab\u0131\u2026 \u201c\u015eampiyonluk Yaz\u0131lar\u0131\u201d denizin, denizcilerin kitab\u0131\u2026 \u201c\u015eampiyonluk Yaz\u0131lar\u0131\u201d yayla \u00e7ocuklar\u0131n\u0131n kitab\u0131\u2026 \u201c\u015eampiyonluk Yaz\u0131lar\u0131\u201d Trabzonlu olmayan Trabzonsporlular\u0131n kitab\u0131\u2026 \u201c\u015eampiyonluk Yaz\u0131lar\u0131\u201d Dozer Cemillerin, \u00d6zkan hocalar\u0131n, Kaz\u0131mlar\u0131n, Erenlerin ve t\u00fcm \u2018\u2018son bir kez daha g\u00f6rememi\u015f olanlar\u0131n\u2019\u2019 kitab\u0131\u2026<\/p>\n","protected":false},"excerpt":{"rendered":"<p>\u201c\u015eampiyonluk Yaz\u0131lar\u0131\u201d Abdullah Avc\u0131\u2019n\u0131n geli\u015fiyle ba\u015flayan ve sonunda da \u015fampiyonlukla ta\u00e7lanan b\u00fcy\u00fck bir hik\u00e2yenin kitab\u0131. \u201c\u015eampiyonluk Yaz\u0131lar\u0131\u201d \u00e7ocuklu\u011fu Trabzonspor\u2019un \u015fampiyonluklar\u0131na denk gelmi\u015f jenerasyonlar\u0131n \u00e7ocuklu\u011funun kitab\u0131\u2026. \u201c\u015eampiyonluk<span class=\"excerpt-hellip\"> [\u2026]<\/span><\/p>\n","protected":false},"featured_media":0,"template":"","meta":{"_monsterinsights_skip_tracking":false,"_monsterinsights_sitenote_active":false,"_monsterinsights_sitenote_note":"","_monsterinsights_sitenote_category":0},"product_brand":[],"product_cat":[15563,15564],"product_tag":[],"class_list":{"0":"post-755069","1":"product","2":"type-product","3":"status-publish","5":"product_cat-hobi","6":"product_cat-spor","7":"pa_cilt-ciltli","8":"pa_tur-kitap","9":"pa_yayinevi-divan-kitap","10":"pa_yazar-olcay-cakir","12":"first","13":"instock","14":"sale","15":"shipping-taxable","16":"purchasable","17":"product-type-simple"},"_links":{"self":[{"href":"https:\/\/roveyayinevi.com.tr\/index.php\/wp-json\/wp\/v2\/product\/755069","targetHints":{"allow":["GET"]}}],"collection":[{"href":"https:\/\/roveyayinevi.com.tr\/index.php\/wp-json\/wp\/v2\/product"}],"about":[{"href":"https:\/\/roveyayinevi.com.tr\/index.php\/wp-json\/wp\/v2\/types\/product"}],"wp:attachment":[{"href":"https:\/\/roveyayinevi.com.tr\/index.php\/wp-json\/wp\/v2\/media?parent=755069"}],"wp:term":[{"taxonomy":"product_brand","embeddable":true,"href":"https:\/\/roveyayinevi.com.tr\/index.php\/wp-json\/wp\/v2\/product_brand?post=755069"},{"taxonomy":"product_cat","embeddable":true,"href":"https:\/\/roveyayinevi.com.tr\/index.php\/wp-json\/wp\/v2\/product_cat?post=755069"},{"taxonomy":"product_tag","embeddable":true,"href":"https:\/\/roveyayinevi.com.tr\/index.php\/wp-json\/wp\/v2\/product_tag?post=755069"}],"curies":[{"name":"wp","href":"https:\/\/api.w.org\/{rel}","templated":true}]}}