{"id":755061,"date":"2025-08-28T06:29:36","date_gmt":"2025-08-28T03:29:36","guid":{"rendered":"https:\/\/roveyayinevi.com.tr\/index.php\/urun\/hatirlayamadiklarimiz\/"},"modified":"2026-04-16T03:08:20","modified_gmt":"2026-04-16T00:08:20","slug":"hatirlayamadiklarimiz","status":"publish","type":"product","link":"https:\/\/roveyayinevi.com.tr\/index.php\/urun\/hatirlayamadiklarimiz\/","title":{"rendered":"Hat\u0131rlayamad\u0131klar\u0131m\u0131z"},"content":{"rendered":"<p>Y\u0131llard\u0131r kaleme ald\u0131\u011f\u0131 tiyatro oyunlar\u0131yla T\u00fcrkiye\u2019deki toplumsal cinsiyet sorununa odaklanan yazar, akademisyen Zehra \u0130p\u015firo\u011flu, son d\u00f6nem interaktif oyunlar\u0131nda yaratt\u0131\u011f\u0131 d\u00fcnyay\u0131 bu kez roman\u0131nda yeniden kuruyor. Derin, Suzan, Selen, Selim ile Yunus\u2019un ya\u015fad\u0131klar\u0131 ve anlatt\u0131klar\u0131, bu \u00fclkede ya\u015fanan nice \u015fiddet olay\u0131n\u0131n birer k\u00fc\u00e7\u00fck \u00f6rne\u011fi. Par\u00e7alanarak \u00e7\u00f6p torbas\u0131na at\u0131lan, g\u00f6z\u00fc d\u00f6nm\u00fc\u015f bir minib\u00fcs \u015fof\u00f6r\u00fcn\u00fcn par\u00e7alad\u0131\u011f\u0131, \u00f6ld\u00fcr\u00fcld\u00fckten sonra intihar etti\u011fi s\u00f6ylenen M\u00fcnevver\u2019lerin, \u00d6zgecan\u2019lar\u0131n, \u015eule\u2019lerin, Hatice, Melike, Selen veya ismini bilmedi\u011fimiz daha onlarcas\u0131n\u0131n hik\u00e2yesi\u2026 Hat\u0131rlayamad\u0131klar\u0131m\u0131z, Zehra \u0130p\u015firo\u011flu\u2019ndan sonu her \u015feye ra\u011fmen umuda a\u00e7\u0131lan \u00e7ok sesli bir roman. \u201cBirden yo\u011fun bir ya\u015fam sevincini hissettim i\u00e7imde, ayak u\u00e7lar\u0131mdan bacaklar\u0131ma, bacaklar\u0131mdan karn\u0131ma, karn\u0131mdan g\u00f6\u011fs\u00fcme ve kollar\u0131ma do\u011fru y\u00fckselen inan\u0131lmaz bir g\u00fc\u00e7 ve enerji yay\u0131ld\u0131 b\u00fct\u00fcn bedenime, ko\u015fmak istiyordum, evet yine ko\u015facakt\u0131m. Ama ya\u015famdan ka\u00e7mak i\u00e7in de\u011fil, tersine ya\u015fam\u0131n ak\u0131\u015f\u0131n\u0131 y\u00fcre\u011fimin \u00e7ok \u00e7ok derinlerinde duymak i\u00e7in&#8230;\u201d <\/p>\n","protected":false},"excerpt":{"rendered":"<p>Y\u0131llard\u0131r kaleme ald\u0131\u011f\u0131 tiyatro oyunlar\u0131yla T\u00fcrkiye\u2019deki toplumsal cinsiyet sorununa odaklanan yazar, akademisyen Zehra \u0130p\u015firo\u011flu, son d\u00f6nem interaktif oyunlar\u0131nda yaratt\u0131\u011f\u0131 d\u00fcnyay\u0131 bu kez roman\u0131nda yeniden kuruyor. Derin,<span class=\"excerpt-hellip\"> [\u2026]<\/span><\/p>\n","protected":false},"featured_media":0,"template":"","meta":{"_monsterinsights_skip_tracking":false,"_monsterinsights_sitenote_active":false,"_monsterinsights_sitenote_note":"","_monsterinsights_sitenote_category":0},"product_brand":[],"product_cat":[12291,12711],"product_tag":[],"class_list":{"0":"post-755061","1":"product","2":"type-product","3":"status-publish","5":"product_cat-edebiyat","6":"product_cat-roman-oyku","7":"pa_cilt-ciltsiz","8":"pa_tur-kitap","9":"pa_yayinevi-kirmizi-kedi-yayinevi","10":"pa_yazar-zehra-ipsiroglu","12":"first","13":"instock","14":"sale","15":"shipping-taxable","16":"purchasable","17":"product-type-simple"},"_links":{"self":[{"href":"https:\/\/roveyayinevi.com.tr\/index.php\/wp-json\/wp\/v2\/product\/755061","targetHints":{"allow":["GET"]}}],"collection":[{"href":"https:\/\/roveyayinevi.com.tr\/index.php\/wp-json\/wp\/v2\/product"}],"about":[{"href":"https:\/\/roveyayinevi.com.tr\/index.php\/wp-json\/wp\/v2\/types\/product"}],"wp:attachment":[{"href":"https:\/\/roveyayinevi.com.tr\/index.php\/wp-json\/wp\/v2\/media?parent=755061"}],"wp:term":[{"taxonomy":"product_brand","embeddable":true,"href":"https:\/\/roveyayinevi.com.tr\/index.php\/wp-json\/wp\/v2\/product_brand?post=755061"},{"taxonomy":"product_cat","embeddable":true,"href":"https:\/\/roveyayinevi.com.tr\/index.php\/wp-json\/wp\/v2\/product_cat?post=755061"},{"taxonomy":"product_tag","embeddable":true,"href":"https:\/\/roveyayinevi.com.tr\/index.php\/wp-json\/wp\/v2\/product_tag?post=755061"}],"curies":[{"name":"wp","href":"https:\/\/api.w.org\/{rel}","templated":true}]}}