{"id":755060,"date":"2025-08-28T06:29:35","date_gmt":"2025-08-28T03:29:35","guid":{"rendered":"https:\/\/roveyayinevi.com.tr\/index.php\/urun\/is-hayatinda-hikayelestirme\/"},"modified":"2026-04-16T03:08:20","modified_gmt":"2026-04-16T00:08:20","slug":"is-hayatinda-hikayelestirme","status":"publish","type":"product","link":"https:\/\/roveyayinevi.com.tr\/index.php\/urun\/is-hayatinda-hikayelestirme\/","title":{"rendered":"\u0130s\u0327 Hayat\u0131nda Hikayeles\u0327tirme"},"content":{"rendered":"<p>\u0130nsanl\u0131k tarihinin bas\u0327lang\u0131c\u0131ndan itibaren hika\u0302yeler var oldu. Modern no\u0308robilim ve psikoloji, bir fikrin ya da markan\u0131n derinlemesine anlas\u0327\u0131lmas\u0131 ic\u0327in hika\u0302yelerin gu\u0308cu\u0308nden faydalanman\u0131n kac\u0327\u0131n\u0131lmaz oldug\u0306unu ortaya koyuyor. Sinan Su\u0308lu\u0308n, gu\u0308nu\u0308mu\u0308zu\u0308n h\u0131zla deg\u0306is\u0327en ve rekabetc\u0327i du\u0308nyas\u0131nda, sadece ne so\u0308yledig\u0306imizin deg\u0306il, nas\u0131l so\u0308yledig\u0306imizin de kritik bir o\u0308neme sahip oldug\u0306unu vurguluyor. I\u0307s\u0327 yas\u0327am\u0131nda ve profesyonel iletis\u0327imde, hika\u0302yeles\u0327tirmenin o\u0308nemini, bunun ic\u0327in kullan\u0131labilecek teknikleri pratik o\u0308rnekler es\u0327lig\u0306inde anlat\u0131yor. I\u0307s\u0327 Hayat\u0131nda Hika\u0302yeles\u0327tirme, profesyonel yas\u0327amda iletis\u0327im, liderlik, pazarlama gibi alanlarda anlat\u0131m\u0131n\u0131 dikkat c\u0327ekici hale getirmek isteyen herkesin elinin alt\u0131nda bulunmas\u0131 gereken bir rehber.<\/p>\n","protected":false},"excerpt":{"rendered":"<p>\u0130nsanl\u0131k tarihinin bas\u0327lang\u0131c\u0131ndan itibaren hika\u0302yeler var oldu. Modern no\u0308robilim ve psikoloji, bir fikrin ya da markan\u0131n derinlemesine anlas\u0327\u0131lmas\u0131 ic\u0327in hika\u0302yelerin gu\u0308cu\u0308nden faydalanman\u0131n kac\u0327\u0131n\u0131lmaz oldug\u0306unu ortaya koyuyor.<span class=\"excerpt-hellip\"> [\u2026]<\/span><\/p>\n","protected":false},"featured_media":0,"template":"","meta":{"_monsterinsights_skip_tracking":false,"_monsterinsights_sitenote_active":false,"_monsterinsights_sitenote_note":"","_monsterinsights_sitenote_category":0},"product_brand":[],"product_cat":[13043,17647],"product_tag":[],"class_list":{"0":"post-755060","1":"product","2":"type-product","3":"status-publish","5":"product_cat-ekonomi","6":"product_cat-is-dunyasi","7":"pa_cilt-ciltsiz","8":"pa_tur-kitap","9":"pa_yayinevi-iletisim-yayinlari","10":"pa_yazar-sinan-sulun","12":"first","13":"instock","14":"sale","15":"shipping-taxable","16":"purchasable","17":"product-type-simple"},"_links":{"self":[{"href":"https:\/\/roveyayinevi.com.tr\/index.php\/wp-json\/wp\/v2\/product\/755060","targetHints":{"allow":["GET"]}}],"collection":[{"href":"https:\/\/roveyayinevi.com.tr\/index.php\/wp-json\/wp\/v2\/product"}],"about":[{"href":"https:\/\/roveyayinevi.com.tr\/index.php\/wp-json\/wp\/v2\/types\/product"}],"wp:attachment":[{"href":"https:\/\/roveyayinevi.com.tr\/index.php\/wp-json\/wp\/v2\/media?parent=755060"}],"wp:term":[{"taxonomy":"product_brand","embeddable":true,"href":"https:\/\/roveyayinevi.com.tr\/index.php\/wp-json\/wp\/v2\/product_brand?post=755060"},{"taxonomy":"product_cat","embeddable":true,"href":"https:\/\/roveyayinevi.com.tr\/index.php\/wp-json\/wp\/v2\/product_cat?post=755060"},{"taxonomy":"product_tag","embeddable":true,"href":"https:\/\/roveyayinevi.com.tr\/index.php\/wp-json\/wp\/v2\/product_tag?post=755060"}],"curies":[{"name":"wp","href":"https:\/\/api.w.org\/{rel}","templated":true}]}}