{"id":755058,"date":"2025-08-28T06:29:32","date_gmt":"2025-08-28T03:29:32","guid":{"rendered":"https:\/\/roveyayinevi.com.tr\/index.php\/urun\/mahalleyi-yonetmek\/"},"modified":"2026-04-16T03:08:19","modified_gmt":"2026-04-16T00:08:19","slug":"mahalleyi-yonetmek","status":"publish","type":"product","link":"https:\/\/roveyayinevi.com.tr\/index.php\/urun\/mahalleyi-yonetmek\/","title":{"rendered":"Mahalleyi Yo\u0308netmek"},"content":{"rendered":"<p>Osmanl\u0131 Devleti zaman\u0131ndan bu yana yerel yo\u0308netimin en alt du\u0308zeyini olus\u0327turmakla birlikte s\u0327ekil deg\u0306is\u0327tirerek de olsa varl\u0131g\u0306\u0131n\u0131 ha\u0302la\u0302 koruyan muhtarl\u0131k, en uzun o\u0308mu\u0308rlu\u0308 kurumlardan biri olarak yurttas\u0327 ile devlet aras\u0131nda arac\u0131l\u0131k rolu\u0308nu\u0308 devam ettiriyor. E\u0301lise Massicard\u2019a go\u0308re, muhtar gu\u0308ndelik hayat ile iktidar\u0131n kesis\u0327tig\u0306i noktada yer al\u0131yor, yurttas\u0327lar\u0131n denetlenmesini sag\u0306l\u0131yor ve devletin eris\u0327ilebilir bir makam oldug\u0306u duygusunu yarat\u0131yor. Bu sayede kimi zaman devletin memuru kimi zaman da yurttas\u0327\u0131n savunucusu rolu\u0308nu\u0308 u\u0308stleniyor. Kapsaml\u0131 bir saha c\u0327al\u0131s\u0327mas\u0131na dayanan Mahalleyi Yo\u0308netmek, muhtarlar\u0131n mug\u0306lak konumlar\u0131n\u0131, hangi rolleri u\u0308stlendiklerini, nas\u0131l c\u0327al\u0131s\u0327t\u0131klar\u0131n\u0131, usulleri kimi zaman devlet kimi zaman da mahalle sakinleri lehine nas\u0131l esnettiklerini, daha genel olarak da devlet ile yurttas\u0327 aras\u0131ndaki ilis\u0327kilerin bic\u0327imlenis\u0327ini aras\u0327t\u0131r\u0131yor. \u201cBu c\u0327al\u0131s\u0327ma muhtarl\u0131k uygulamalar\u0131n\u0131n, tutarl\u0131 ve merkezi\u0302 bir devlet imaj\u0131n\u0131 nas\u0131l ayn\u0131 zamanda hem zedeleyip hem de destekledig\u0306ini, so\u0308z konusu imaj\u0131n kendisinin de yurttas\u0327lar\u0131n ve memurlar\u0131n uygulamalar\u0131n\u0131 zorlay\u0131p s\u0327ekillendirdig\u0306ini inceliyor. Dolay\u0131s\u0131yla kitab\u0131n sordug\u0306u soru, Tu\u0308rk Devleti\u2019nin gu\u0308c\u0327lu\u0308 olup olmad\u0131g\u0306\u0131na ilis\u0327kin deg\u0306il, so\u0308z konusu kars\u0327\u0131las\u0327malar c\u0327erc\u0327evesinde kurulan ve etkili olan ilis\u0327kilerde devletin gu\u0308nlu\u0308k olarak nas\u0131l u\u0308retildig\u0306ine ve yas\u0327and\u0131g\u0306\u0131na ilis\u0327kindir&#8217;.<\/p>\n","protected":false},"excerpt":{"rendered":"<p>Osmanl\u0131 Devleti zaman\u0131ndan bu yana yerel yo\u0308netimin en alt du\u0308zeyini olus\u0327turmakla birlikte s\u0327ekil deg\u0306is\u0327tirerek de olsa varl\u0131g\u0306\u0131n\u0131 ha\u0302la\u0302 koruyan muhtarl\u0131k, en uzun o\u0308mu\u0308rlu\u0308 kurumlardan biri olarak<span class=\"excerpt-hellip\"> [\u2026]<\/span><\/p>\n","protected":false},"featured_media":0,"template":"","meta":{"_monsterinsights_skip_tracking":false,"_monsterinsights_sitenote_active":false,"_monsterinsights_sitenote_note":"","_monsterinsights_sitenote_category":0},"product_brand":[],"product_cat":[12351,12324],"product_tag":[],"class_list":{"0":"post-755058","1":"product","2":"type-product","3":"status-publish","5":"product_cat-siyaset-sosyolojisi","6":"product_cat-sosyoloji","7":"pa_cilt-ciltsiz","8":"pa_tur-kitap","9":"pa_yayinevi-iletisim-yayinlari","10":"pa_yazar-elise-massicard","12":"first","13":"instock","14":"sale","15":"shipping-taxable","16":"purchasable","17":"product-type-simple"},"_links":{"self":[{"href":"https:\/\/roveyayinevi.com.tr\/index.php\/wp-json\/wp\/v2\/product\/755058","targetHints":{"allow":["GET"]}}],"collection":[{"href":"https:\/\/roveyayinevi.com.tr\/index.php\/wp-json\/wp\/v2\/product"}],"about":[{"href":"https:\/\/roveyayinevi.com.tr\/index.php\/wp-json\/wp\/v2\/types\/product"}],"wp:attachment":[{"href":"https:\/\/roveyayinevi.com.tr\/index.php\/wp-json\/wp\/v2\/media?parent=755058"}],"wp:term":[{"taxonomy":"product_brand","embeddable":true,"href":"https:\/\/roveyayinevi.com.tr\/index.php\/wp-json\/wp\/v2\/product_brand?post=755058"},{"taxonomy":"product_cat","embeddable":true,"href":"https:\/\/roveyayinevi.com.tr\/index.php\/wp-json\/wp\/v2\/product_cat?post=755058"},{"taxonomy":"product_tag","embeddable":true,"href":"https:\/\/roveyayinevi.com.tr\/index.php\/wp-json\/wp\/v2\/product_tag?post=755058"}],"curies":[{"name":"wp","href":"https:\/\/api.w.org\/{rel}","templated":true}]}}