{"id":755055,"date":"2025-08-28T06:29:28","date_gmt":"2025-08-28T03:29:28","guid":{"rendered":"https:\/\/roveyayinevi.com.tr\/index.php\/urun\/yeni-medya-ve-toplumsal-donusumler\/"},"modified":"2026-01-29T03:43:46","modified_gmt":"2026-01-29T00:43:46","slug":"yeni-medya-ve-toplumsal-donusumler","status":"publish","type":"product","link":"https:\/\/roveyayinevi.com.tr\/index.php\/urun\/yeni-medya-ve-toplumsal-donusumler\/","title":{"rendered":"Yeni Medya ve Toplumsal D\u00f6n\u00fc\u015f\u00fcmler"},"content":{"rendered":"<p>Enformasyon ve ileti\u015fim teknolojilerindeki geli\u015fmelerin toplumsal sonu\u00e7lar\u0131, son birka\u00e7 on y\u0131l i\u00e7inde, sadece teknolojik belirlenimci kuramlar\u0131n ilgi alan\u0131 ile s\u0131n\u0131rl\u0131 kalmay\u0131p sosyal bilimler alan\u0131nda \u00e7al\u0131\u015fan t\u00fcm ara\u015ft\u0131rmac\u0131lar\u0131, teknoloji \u00e7al\u0131\u015fmalar\u0131na en uzak duranlar\u0131 bile i\u00e7ine alan merkezi bir \u00e7ekim alan\u0131 yaratt\u0131. Sosyal bilimlerin neredeyse her alan\u0131nda genel olarak teknolojinin \u00f6zel olarak ise enformasyon ve ileti\u015fim teknolojilerinin \u00f6nemini ele alan \u00e7al\u0131\u015fmalarda h\u0131zl\u0131 bir art\u0131\u015f oldu. Bu \u00e7er\u00e7evede, enformasyon, internet, a\u011f, sanall\u0131k, y\u00f6nde\u015fme, yapay zek\u00e2, b\u00fcy\u00fck veri vb. kavramlar toplumsal ve k\u00fclt\u00fcrel ara\u015ft\u0131rmalarda vazge\u00e7ilmez hale geldi. Daha geni\u015f kapsamda; enformasyon ve ileti\u015fim teknolojilerindeki geli\u015fmelerle birlikte toplum, k\u00fclt\u00fcr ve uygarl\u0131\u011f\u0131n temel karakteristiklerinin de\u011fi\u015fti\u011fini ileri s\u00fcren \u00e7al\u0131\u015fmalar yayg\u0131n kabul g\u00f6rmeye ba\u015flad\u0131. Enformasyon ve ileti\u015fim teknolojilerindeki geli\u015fmelerle birlikte toplumda k\u00f6kl\u00fc d\u00f6n\u00fc\u015f\u00fcmlerin meydana geldi\u011fini vurgulayan yakla\u015f\u0131mlar, mevcut ger\u00e7ekli\u011fi, k\u00fcresellik, yerelcilik, teknoloji toplumu, a\u011f toplumu, internet toplumu, enformasyon toplumu gibi kavramlara ba\u015fvurarak a\u00e7\u0131klamakta ve toplum-sonras\u0131, insan-sonras\u0131, k\u00fclt\u00fcr-sonras\u0131 bir d\u00f6neme girdi\u011fimiz fikrini savunmaktad\u0131r. Genel olarak, bu yakla\u015f\u0131mlarda end\u00fcstri devriminden itibaren teknolojinin ve teknolojik akl\u0131n toplumsal ve k\u00fclt\u00fcrel alan\u0131 etkisi alt\u0131na alarak d\u00f6n\u00fc\u015ft\u00fcrd\u00fc\u011f\u00fc, ileti\u015fim ve enformasyon ara\u00e7lar\u0131nda yak\u0131n zamanlarda meydana gelen geli\u015fmelerle birlikte teknolojinin toplum ve k\u00fclt\u00fcr \u00fczerinde egemenli\u011finin iyice peki\u015fti\u011fi vurgulanmaktad\u0131r. Bu yakla\u015f\u0131mlar a\u00e7\u0131s\u0131ndan, end\u00fcstri devriminden itibaren ge\u00e7erli olan insans\u0131zla\u015fma do\u011frultusundaki de\u011fi\u015fim, yeni enformasyon ve ileti\u015fim ara\u00e7lar\u0131yla birlikte daha da ileriye g\u00f6t\u00fcr\u00fclm\u00fc\u015ft\u00fcr&#8230;<\/p>\n","protected":false},"excerpt":{"rendered":"<p>Enformasyon ve ileti\u015fim teknolojilerindeki geli\u015fmelerin toplumsal sonu\u00e7lar\u0131, son birka\u00e7 on y\u0131l i\u00e7inde, sadece teknolojik belirlenimci kuramlar\u0131n ilgi alan\u0131 ile s\u0131n\u0131rl\u0131 kalmay\u0131p sosyal bilimler alan\u0131nda \u00e7al\u0131\u015fan t\u00fcm<span class=\"excerpt-hellip\"> [\u2026]<\/span><\/p>\n","protected":false},"featured_media":0,"template":"","meta":{"_monsterinsights_skip_tracking":false,"_monsterinsights_sitenote_active":false,"_monsterinsights_sitenote_note":"","_monsterinsights_sitenote_category":0},"product_brand":[],"product_cat":[15983,13488],"product_tag":[],"class_list":{"0":"post-755055","1":"product","2":"type-product","3":"status-publish","5":"product_cat-iletisim-ve-medya","6":"product_cat-toplum-ve-insan","7":"pa_cilt-ciltsiz","8":"pa_tur-kitap","9":"pa_yayinevi-utopya-yayinevi","10":"pa_yazar-kolektif","12":"first","13":"instock","14":"sale","15":"shipping-taxable","16":"purchasable","17":"product-type-simple"},"_links":{"self":[{"href":"https:\/\/roveyayinevi.com.tr\/index.php\/wp-json\/wp\/v2\/product\/755055","targetHints":{"allow":["GET"]}}],"collection":[{"href":"https:\/\/roveyayinevi.com.tr\/index.php\/wp-json\/wp\/v2\/product"}],"about":[{"href":"https:\/\/roveyayinevi.com.tr\/index.php\/wp-json\/wp\/v2\/types\/product"}],"wp:attachment":[{"href":"https:\/\/roveyayinevi.com.tr\/index.php\/wp-json\/wp\/v2\/media?parent=755055"}],"wp:term":[{"taxonomy":"product_brand","embeddable":true,"href":"https:\/\/roveyayinevi.com.tr\/index.php\/wp-json\/wp\/v2\/product_brand?post=755055"},{"taxonomy":"product_cat","embeddable":true,"href":"https:\/\/roveyayinevi.com.tr\/index.php\/wp-json\/wp\/v2\/product_cat?post=755055"},{"taxonomy":"product_tag","embeddable":true,"href":"https:\/\/roveyayinevi.com.tr\/index.php\/wp-json\/wp\/v2\/product_tag?post=755055"}],"curies":[{"name":"wp","href":"https:\/\/api.w.org\/{rel}","templated":true}]}}