{"id":755054,"date":"2025-08-28T06:29:26","date_gmt":"2025-08-28T03:29:26","guid":{"rendered":"https:\/\/roveyayinevi.com.tr\/index.php\/urun\/medya-kultur-ve-toplum\/"},"modified":"2026-01-29T03:43:46","modified_gmt":"2026-01-29T00:43:46","slug":"medya-kultur-ve-toplum","status":"publish","type":"product","link":"https:\/\/roveyayinevi.com.tr\/index.php\/urun\/medya-kultur-ve-toplum\/","title":{"rendered":"Medya, K\u00fclt\u00fcr ve Toplum"},"content":{"rendered":"<p>\u201cPaul Hodkinson, h\u0131zla de\u011fi\u015fen bir alana y\u00f6nelik g\u00fczel bir bi\u00e7imde dengelenmi\u015f, a\u00e7\u0131k ve kapsaml\u0131 anlat\u0131m\u0131nda g\u00fcn\u00fcm\u00fcz\u00fcn medya k\u00fclt\u00fcr\u00fcn\u00fc ve medya toplumunu ele\u015ftirel bir bi\u00e7imde analiz etmeye y\u00f6nelik pek \u00e7ok perspektifi ba\u015far\u0131l\u0131 bir bi\u00e7imde bir araya getiriyor\u201d. Sonia Livingstone, Medya ve \u0130leti\u015fim Profes\u00f6r\u00fc, London School of Economics Sosyal medyadan, \u00e7a\u011fda\u015f reklamc\u0131l\u0131ktan, haberlerden ve mobil teknolojilerden s\u0131n\u0131f, etnisite ve toplumsal cinsiyet temsillerine dek her \u015feyi kapsayan, a\u00e7\u0131k bir bi\u00e7imde organize edilmi\u015f, sistematik ve en yeni geli\u015fmelerin \u00e7ok iyi bir bi\u00e7imde de\u011ferlendirilmesiyle alan\u0131n ele\u015ftirel bir ara\u015ft\u0131rmas\u0131n\u0131 birle\u015ftiren bu kitap, medya ve ileti\u015fim \u00e7al\u0131\u015fmalar\u0131na \u201colmazsa olmaz\u201d bir katk\u0131 sa\u011fl\u0131yor. Medyaya ilgi duyan herkesin yan\u0131 s\u0131ra medya, k\u00fclt\u00fcr ve toplum alan\u0131ndaki bilim insanlar\u0131, lisans ve lisans\u00fcst\u00fc \u00f6\u011frencileri i\u00e7in sunulan bu eser, medya, k\u00fclt\u00fcr ve toplum aras\u0131ndaki karma\u015f\u0131k ili\u015fkiyi dikkatli bir bi\u00e7imde vurgularken, medyan\u0131n g\u00fcnl\u00fck ya\u015fama n\u00fcfuz edi\u015fini inceliyor. Medya Unsurlar\u0131, Medya, G\u00fc\u00e7 ve Denetim ve Medya, Kimlik ve K\u00fclt\u00fcr olmak \u00fczere \u00fc\u00e7 ana k\u0131s\u0131mdan olu\u015fan \u00e7al\u0131\u015fma, ayn\u0131 zamanda ara\u015ft\u0131rma ve \u00f6\u011fretim gereksinimlerini de \u00e7ok iyi bir bi\u00e7imde kar\u015f\u0131l\u0131yor&#8230; <\/p>\n","protected":false},"excerpt":{"rendered":"<p>\u201cPaul Hodkinson, h\u0131zla de\u011fi\u015fen bir alana y\u00f6nelik g\u00fczel bir bi\u00e7imde dengelenmi\u015f, a\u00e7\u0131k ve kapsaml\u0131 anlat\u0131m\u0131nda g\u00fcn\u00fcm\u00fcz\u00fcn medya k\u00fclt\u00fcr\u00fcn\u00fc ve medya toplumunu ele\u015ftirel bir bi\u00e7imde analiz etmeye<span class=\"excerpt-hellip\"> [\u2026]<\/span><\/p>\n","protected":false},"featured_media":0,"template":"","meta":{"_monsterinsights_skip_tracking":false,"_monsterinsights_sitenote_active":false,"_monsterinsights_sitenote_note":"","_monsterinsights_sitenote_category":0},"product_brand":[],"product_cat":[15983,13488],"product_tag":[],"class_list":{"0":"post-755054","1":"product","2":"type-product","3":"status-publish","5":"product_cat-iletisim-ve-medya","6":"product_cat-toplum-ve-insan","7":"pa_cilt-ciltsiz","8":"pa_tur-kitap","9":"pa_yayinevi-utopya-yayinevi","10":"pa_yazar-paul-hodkinson","12":"first","13":"instock","14":"sale","15":"shipping-taxable","16":"purchasable","17":"product-type-simple"},"_links":{"self":[{"href":"https:\/\/roveyayinevi.com.tr\/index.php\/wp-json\/wp\/v2\/product\/755054","targetHints":{"allow":["GET"]}}],"collection":[{"href":"https:\/\/roveyayinevi.com.tr\/index.php\/wp-json\/wp\/v2\/product"}],"about":[{"href":"https:\/\/roveyayinevi.com.tr\/index.php\/wp-json\/wp\/v2\/types\/product"}],"wp:attachment":[{"href":"https:\/\/roveyayinevi.com.tr\/index.php\/wp-json\/wp\/v2\/media?parent=755054"}],"wp:term":[{"taxonomy":"product_brand","embeddable":true,"href":"https:\/\/roveyayinevi.com.tr\/index.php\/wp-json\/wp\/v2\/product_brand?post=755054"},{"taxonomy":"product_cat","embeddable":true,"href":"https:\/\/roveyayinevi.com.tr\/index.php\/wp-json\/wp\/v2\/product_cat?post=755054"},{"taxonomy":"product_tag","embeddable":true,"href":"https:\/\/roveyayinevi.com.tr\/index.php\/wp-json\/wp\/v2\/product_tag?post=755054"}],"curies":[{"name":"wp","href":"https:\/\/api.w.org\/{rel}","templated":true}]}}