{"id":755053,"date":"2025-08-28T06:29:26","date_gmt":"2025-08-28T03:29:26","guid":{"rendered":"https:\/\/roveyayinevi.com.tr\/index.php\/urun\/birikim-sayi-415-kasim-2023\/"},"modified":"2026-04-16T03:08:19","modified_gmt":"2026-04-16T00:08:19","slug":"birikim-sayi-415-kasim-2023","status":"publish","type":"product","link":"https:\/\/roveyayinevi.com.tr\/index.php\/urun\/birikim-sayi-415-kasim-2023\/","title":{"rendered":"Birikim Say\u0131 415 &#8211; Kas\u0131m 2023"},"content":{"rendered":"<p>Ge\u00e7en ay\u0131n birikimi 3 \u00d6MER LA\u00c7\u0130NER Her \u00fclkede bir Filistin olabilir mi? 5 AHMET \u0130NSEL Kar\u015f\u0131l\u0131kl\u0131 i\u015flenen insanl\u0131k su\u00e7lar\u0131 Yapay zek\u00e2 &#8211; gelmekte olan 10 \u00d6MER LA\u00c7\u0130NER Distopyadan \u00fctopyaya 14 MERYEM KORAY Bilinenler ve bilinemeyenler! &#8211; Yapay zek\u00e2 zaman\u0131 geliyor 31 ARUS YUMUL Dijital \u00e7a\u011fda Ayd\u0131nlanma\u2019n\u0131n gelece\u011fi 39 ULA\u015e T\u00dcRKMEN Bug\u00fcn\u00fcn yapay zek\u00e2s\u0131 44 AHMET ASENA Bir D\u0130SK sempozyumunun d\u00fc\u015f\u00fcnd\u00fcrd\u00fckleri 46 \u00d6ZG\u00dcR NAR\u0130N Yapay zek\u00e2n\u0131n eme\u011fi 56 MURAT G\u00dcLSOY Yapay zek\u00e2 yarat\u0131\u011f\u0131n\u0131n yarat\u0131c\u0131l\u0131\u011f\u0131 \u00fczerine 61 TANIL BORA &#8211; TU\u011eRUL PA\u015eAO\u011eLU Mahir Say\u0131n ile s\u00f6yle\u015fi: Yapay zek\u00e2 ve dijitalle\u015fme kar\u015f\u0131s\u0131nda sol 66 CEVDET KADR\u0130 KIRIMLI \u00c7in\u2019in yapay zek\u00e2 hedef ve tercihleri Sol d\u00fc\u015f\u00fcnce 68 \u00d6ZG\u00dcR EMRAH G\u00dcREL J\u00fcrgen Habermas ve kamusall\u0131\u011f\u0131n yap\u0131sal d\u00f6n\u00fc\u015f\u00fcm(leri): Otoriter kapitalizme kar\u015f\u0131 demokratik sosyalizm Toplumsal hareketler 76 MUSTAFA POYRAZ G\u00f6\u00e7menlikle sosyal ve siyasal sorunlar\u0131n i\u00e7 i\u00e7e ge\u00e7ti\u011fi mek\u00e2nlar olarak banliy\u00f6ler ve varo\u015flar Edebiyat 89 LAL H\u0130TAY Yaralar, kabuklar ve oraya kendimi koyabilir miyim?<\/p>\n","protected":false},"excerpt":{"rendered":"<p>Ge\u00e7en ay\u0131n birikimi 3 \u00d6MER LA\u00c7\u0130NER Her \u00fclkede bir Filistin olabilir mi? 5 AHMET \u0130NSEL Kar\u015f\u0131l\u0131kl\u0131 i\u015flenen insanl\u0131k su\u00e7lar\u0131 Yapay zek\u00e2 &#8211; gelmekte olan 10 \u00d6MER<span class=\"excerpt-hellip\"> [\u2026]<\/span><\/p>\n","protected":false},"featured_media":0,"template":"","meta":{"_monsterinsights_skip_tracking":false,"_monsterinsights_sitenote_active":false,"_monsterinsights_sitenote_note":"","_monsterinsights_sitenote_category":0},"product_brand":[],"product_cat":[13527],"product_tag":[],"class_list":{"0":"post-755053","1":"product","2":"type-product","3":"status-publish","5":"product_cat-sureli-yayinlar","6":"pa_cilt-ciltsiz","7":"pa_tur-dergi","8":"pa_yayinevi-iletisim-yayinlari","9":"pa_yazar-kolektif","11":"first","12":"instock","13":"sale","14":"shipping-taxable","15":"purchasable","16":"product-type-simple"},"_links":{"self":[{"href":"https:\/\/roveyayinevi.com.tr\/index.php\/wp-json\/wp\/v2\/product\/755053","targetHints":{"allow":["GET"]}}],"collection":[{"href":"https:\/\/roveyayinevi.com.tr\/index.php\/wp-json\/wp\/v2\/product"}],"about":[{"href":"https:\/\/roveyayinevi.com.tr\/index.php\/wp-json\/wp\/v2\/types\/product"}],"wp:attachment":[{"href":"https:\/\/roveyayinevi.com.tr\/index.php\/wp-json\/wp\/v2\/media?parent=755053"}],"wp:term":[{"taxonomy":"product_brand","embeddable":true,"href":"https:\/\/roveyayinevi.com.tr\/index.php\/wp-json\/wp\/v2\/product_brand?post=755053"},{"taxonomy":"product_cat","embeddable":true,"href":"https:\/\/roveyayinevi.com.tr\/index.php\/wp-json\/wp\/v2\/product_cat?post=755053"},{"taxonomy":"product_tag","embeddable":true,"href":"https:\/\/roveyayinevi.com.tr\/index.php\/wp-json\/wp\/v2\/product_tag?post=755053"}],"curies":[{"name":"wp","href":"https:\/\/api.w.org\/{rel}","templated":true}]}}