{"id":755052,"date":"2025-08-28T06:29:24","date_gmt":"2025-08-28T03:29:24","guid":{"rendered":"https:\/\/roveyayinevi.com.tr\/index.php\/urun\/1-hayat-12-beceri\/"},"modified":"2026-04-16T03:08:19","modified_gmt":"2026-04-16T00:08:19","slug":"1-hayat-12-beceri","status":"publish","type":"product","link":"https:\/\/roveyayinevi.com.tr\/index.php\/urun\/1-hayat-12-beceri\/","title":{"rendered":"1 Hayat 12 Beceri"},"content":{"rendered":"<p>Neden baz\u0131 insanlar gelece\u011fe kar\u015f\u0131 tutkuluykendi\u011ferleri endi\u015felidir? Gelece\u011fe duyulan endi\u015fenin, yerini tutku ve heyecana nas\u0131l b\u0131rakabilece\u011finin yollar\u0131n\u0131 g\u00f6steren bu kitap, s\u00fcrd\u00fcr\u00fclebilir ba\u015far\u0131 ve mutlulu\u011fa ula\u015fmak i\u00e7in sahip olunmas\u0131 gereken 12 beceriyi anlat\u0131yor. Geli\u015fime a\u00e7\u0131k, gelece\u011fe kar\u015f\u0131 tutkulu bir bak\u0131\u015f a\u00e7\u0131s\u0131 geli\u015ftirmek ve tatmin olmu\u015f ba\u015far\u0131l\u0131 bir zihne sahip olmak isteyen insanlar\u0131n neler yapmas\u0131 ve hangi yollar\u0131 izlemesi gerekti\u011fini t\u00fcm detaylar\u0131yla anlatan Psikolog rehberlik ediyor. Ba\u015far\u0131l\u0131 ve mutlu olmak amac\u0131yla gelece\u011fe dair hangi becerilere sahip olmam\u0131z gerekiyor? Hangi becerilerimizi \u00f6ne \u00e7\u0131karmam\u0131z son derece \u00f6nemli ve hangileri eski \u00f6nemini yitirerek hayat\u0131m\u0131zdan \u00e7\u0131kacak? Ki\u015fisel fark\u0131ndal\u0131\u011f\u0131 art\u0131rmak, sa\u011fl\u0131kl\u0131 bir zihne sahip olmak, aktif \u00f6\u011frenme, yarat\u0131c\u0131l\u0131k, stres y\u00f6netimi, uyku problemini \u00e7\u00f6zmek, ileti\u015fim becerisini geli\u015ftirmek, kendini ke\u015ffetmek ve hayat\u0131 anlamland\u0131rmak gibi ihtiya\u00e7lara cevaplar ve deneyimler sunan 1 Hayat 12 Beceri; anne babalar\u0131, i\u015f insanlar\u0131n\u0131, i\u015f kurmak isteyenleri, \u00f6\u011fretici bir yolculu\u011fa davet ediyor.<\/p>\n","protected":false},"excerpt":{"rendered":"<p>Neden baz\u0131 insanlar gelece\u011fe kar\u015f\u0131 tutkuluykendi\u011ferleri endi\u015felidir? Gelece\u011fe duyulan endi\u015fenin, yerini tutku ve heyecana nas\u0131l b\u0131rakabilece\u011finin yollar\u0131n\u0131 g\u00f6steren bu kitap, s\u00fcrd\u00fcr\u00fclebilir ba\u015far\u0131 ve mutlulu\u011fa ula\u015fmak i\u00e7in<span class=\"excerpt-hellip\"> [\u2026]<\/span><\/p>\n","protected":false},"featured_media":0,"template":"","meta":{"_monsterinsights_skip_tracking":false,"_monsterinsights_sitenote_active":false,"_monsterinsights_sitenote_note":"","_monsterinsights_sitenote_category":0},"product_brand":[],"product_cat":[12364,12376],"product_tag":[],"class_list":{"0":"post-755052","1":"product","2":"type-product","3":"status-publish","5":"product_cat-genel-konular","6":"product_cat-kisisel-gelisim","7":"pa_cilt-ciltsiz","8":"pa_tur-kitap","9":"pa_yayinevi-nemesis-kitap","10":"pa_yazar-cihan-bugdayci","12":"first","13":"instock","14":"sale","15":"shipping-taxable","16":"purchasable","17":"product-type-simple"},"_links":{"self":[{"href":"https:\/\/roveyayinevi.com.tr\/index.php\/wp-json\/wp\/v2\/product\/755052","targetHints":{"allow":["GET"]}}],"collection":[{"href":"https:\/\/roveyayinevi.com.tr\/index.php\/wp-json\/wp\/v2\/product"}],"about":[{"href":"https:\/\/roveyayinevi.com.tr\/index.php\/wp-json\/wp\/v2\/types\/product"}],"wp:attachment":[{"href":"https:\/\/roveyayinevi.com.tr\/index.php\/wp-json\/wp\/v2\/media?parent=755052"}],"wp:term":[{"taxonomy":"product_brand","embeddable":true,"href":"https:\/\/roveyayinevi.com.tr\/index.php\/wp-json\/wp\/v2\/product_brand?post=755052"},{"taxonomy":"product_cat","embeddable":true,"href":"https:\/\/roveyayinevi.com.tr\/index.php\/wp-json\/wp\/v2\/product_cat?post=755052"},{"taxonomy":"product_tag","embeddable":true,"href":"https:\/\/roveyayinevi.com.tr\/index.php\/wp-json\/wp\/v2\/product_tag?post=755052"}],"curies":[{"name":"wp","href":"https:\/\/api.w.org\/{rel}","templated":true}]}}