{"id":755050,"date":"2025-08-28T06:29:21","date_gmt":"2025-08-28T03:29:21","guid":{"rendered":"https:\/\/roveyayinevi.com.tr\/index.php\/urun\/ankara-roma-ve-bizans-donemi-arkeoloji-mirasi\/"},"modified":"2026-04-16T03:08:19","modified_gmt":"2026-04-16T00:08:19","slug":"ankara-roma-ve-bizans-donemi-arkeoloji-mirasi","status":"publish","type":"product","link":"https:\/\/roveyayinevi.com.tr\/index.php\/urun\/ankara-roma-ve-bizans-donemi-arkeoloji-mirasi\/","title":{"rendered":"Ankara, Roma ve Bizans D\u00f6nemi Arkeoloji Miras\u0131"},"content":{"rendered":"<p>Urs Peschlow taraf\u0131ndan kaleme al\u0131nan ve ilk bask\u0131s\u0131 2015 y\u0131l\u0131nda Almanca olarak yay\u0131mlanan kitap, hem arkeoloji hem de sanat tarihi a\u00e7\u0131s\u0131ndan Ankara hakk\u0131nda yaz\u0131lm\u0131\u015f g\u00fcn\u00fcm\u00fczdeki en kapsaml\u0131 \u00e7al\u0131\u015fma olma \u00f6zelli\u011fini ta\u015f\u0131maktad\u0131r. Antik D\u00f6nem\u2019den g\u00fcn\u00fcm\u00fcze, Peschlow\u2019un adeta t\u00fcm bilimsel birikimini sergiledi\u011fi, Ankara hakk\u0131ndaki ara\u015ft\u0131rma ve \u00e7al\u0131\u015fmalar\u0131n\u0131 ortaya koydu\u011fu, bir sanat tarihi dersi niteli\u011findedir.   Eser, T\u00fcrkiye\u2019de Cumhuriyetin ilan\u0131yla birlikte k\u00fclt\u00fcrel varl\u0131klar\u0131n korunmas\u0131 ve bu d\u00f6nemde arkeolojinin geli\u015fimi hakk\u0131nda bilgi sahibi olmak isteyenlere;  k\u00fclt\u00fcr tarihi, sanat tarihi ve arkeoloji alan\u0131nda \u00e7al\u0131\u015fanlara bir hizmet sunmak \u00fczere Ko\u00e7 \u00dcniversitesi VEKAM taraf\u0131ndan T\u00fcrk\u00e7e\u2019ye \u00e7evirtilmi\u015f ve yay\u0131mlanm\u0131\u015ft\u0131r. <\/p>\n","protected":false},"excerpt":{"rendered":"<p>Urs Peschlow taraf\u0131ndan kaleme al\u0131nan ve ilk bask\u0131s\u0131 2015 y\u0131l\u0131nda Almanca olarak yay\u0131mlanan kitap, hem arkeoloji hem de sanat tarihi a\u00e7\u0131s\u0131ndan Ankara hakk\u0131nda yaz\u0131lm\u0131\u015f g\u00fcn\u00fcm\u00fczdeki en<span class=\"excerpt-hellip\"> [\u2026]<\/span><\/p>\n","protected":false},"featured_media":0,"template":"","meta":{"_monsterinsights_skip_tracking":false,"_monsterinsights_sitenote_active":false,"_monsterinsights_sitenote_note":"","_monsterinsights_sitenote_category":0},"product_brand":[],"product_cat":[52477,52478],"product_tag":[],"class_list":{"0":"post-755050","1":"product","2":"type-product","3":"status-publish","5":"product_cat-arastirma","6":"product_cat-arkeoloji","7":"pa_cilt-ciltsiz","8":"pa_tur-kitap","9":"pa_yayinevi-koc-universitesi-yayinlari","10":"pa_yazar-urs-peschlow","12":"first","13":"instock","14":"sale","15":"shipping-taxable","16":"purchasable","17":"product-type-simple"},"_links":{"self":[{"href":"https:\/\/roveyayinevi.com.tr\/index.php\/wp-json\/wp\/v2\/product\/755050","targetHints":{"allow":["GET"]}}],"collection":[{"href":"https:\/\/roveyayinevi.com.tr\/index.php\/wp-json\/wp\/v2\/product"}],"about":[{"href":"https:\/\/roveyayinevi.com.tr\/index.php\/wp-json\/wp\/v2\/types\/product"}],"wp:attachment":[{"href":"https:\/\/roveyayinevi.com.tr\/index.php\/wp-json\/wp\/v2\/media?parent=755050"}],"wp:term":[{"taxonomy":"product_brand","embeddable":true,"href":"https:\/\/roveyayinevi.com.tr\/index.php\/wp-json\/wp\/v2\/product_brand?post=755050"},{"taxonomy":"product_cat","embeddable":true,"href":"https:\/\/roveyayinevi.com.tr\/index.php\/wp-json\/wp\/v2\/product_cat?post=755050"},{"taxonomy":"product_tag","embeddable":true,"href":"https:\/\/roveyayinevi.com.tr\/index.php\/wp-json\/wp\/v2\/product_tag?post=755050"}],"curies":[{"name":"wp","href":"https:\/\/api.w.org\/{rel}","templated":true}]}}