{"id":755048,"date":"2025-08-28T06:29:17","date_gmt":"2025-08-28T03:29:17","guid":{"rendered":"https:\/\/roveyayinevi.com.tr\/index.php\/urun\/buyuk-bocek-arastirmasi\/"},"modified":"2026-04-16T03:08:19","modified_gmt":"2026-04-16T00:08:19","slug":"buyuk-bocek-arastirmasi","status":"publish","type":"product","link":"https:\/\/roveyayinevi.com.tr\/index.php\/urun\/buyuk-bocek-arastirmasi\/","title":{"rendered":"B\u00fcy\u00fck B\u00f6cek Ara\u015ft\u0131rmas\u0131"},"content":{"rendered":"<p>Devasa boyutlarda t\u00fcyl\u00fc \u00f6r\u00fcmceklerden incecik de\u011fnek \u00e7ekirgelerine, y\u00fczlerce minik canl\u0131 bu kitab\u0131n muhte\u015fem resimlerle dolu sayfalar\u0131nda saklan\u0131yor. Pek \u00e7ok b\u00f6cek t\u00fcr\u00fcn\u00fc ke\u015ffedece\u011finiz, merak uyand\u0131ran bu etkinlik kitab\u0131 sizleri ailecek tad\u0131n\u0131 \u00e7\u0131karabilece\u011finiz e\u011flenceli saatler ge\u00e7irmeye davet ediyor. <\/p>\n","protected":false},"excerpt":{"rendered":"<p>Devasa boyutlarda t\u00fcyl\u00fc \u00f6r\u00fcmceklerden incecik de\u011fnek \u00e7ekirgelerine, y\u00fczlerce minik canl\u0131 bu kitab\u0131n muhte\u015fem resimlerle dolu sayfalar\u0131nda saklan\u0131yor. Pek \u00e7ok b\u00f6cek t\u00fcr\u00fcn\u00fc ke\u015ffedece\u011finiz, merak uyand\u0131ran bu etkinlik<span class=\"excerpt-hellip\"> [\u2026]<\/span><\/p>\n","protected":false},"featured_media":0,"template":"","meta":{"_monsterinsights_skip_tracking":false,"_monsterinsights_sitenote_active":false,"_monsterinsights_sitenote_note":"","_monsterinsights_sitenote_category":0},"product_brand":[],"product_cat":[12913,12274],"product_tag":[],"class_list":{"0":"post-755048","1":"product","2":"type-product","3":"status-publish","5":"product_cat-3-6-yas-kitaplari","6":"product_cat-cocuk-ve-genclik-kitaplari","7":"pa_cilt-ciltsiz","8":"pa_tur-kitap","9":"pa_yayinevi-yapi-kredi-yayinlari","10":"pa_yazar-caroline-young","12":"first","13":"instock","14":"sale","15":"shipping-taxable","16":"purchasable","17":"product-type-simple"},"_links":{"self":[{"href":"https:\/\/roveyayinevi.com.tr\/index.php\/wp-json\/wp\/v2\/product\/755048","targetHints":{"allow":["GET"]}}],"collection":[{"href":"https:\/\/roveyayinevi.com.tr\/index.php\/wp-json\/wp\/v2\/product"}],"about":[{"href":"https:\/\/roveyayinevi.com.tr\/index.php\/wp-json\/wp\/v2\/types\/product"}],"wp:attachment":[{"href":"https:\/\/roveyayinevi.com.tr\/index.php\/wp-json\/wp\/v2\/media?parent=755048"}],"wp:term":[{"taxonomy":"product_brand","embeddable":true,"href":"https:\/\/roveyayinevi.com.tr\/index.php\/wp-json\/wp\/v2\/product_brand?post=755048"},{"taxonomy":"product_cat","embeddable":true,"href":"https:\/\/roveyayinevi.com.tr\/index.php\/wp-json\/wp\/v2\/product_cat?post=755048"},{"taxonomy":"product_tag","embeddable":true,"href":"https:\/\/roveyayinevi.com.tr\/index.php\/wp-json\/wp\/v2\/product_tag?post=755048"}],"curies":[{"name":"wp","href":"https:\/\/api.w.org\/{rel}","templated":true}]}}