{"id":755041,"date":"2025-08-28T06:29:07","date_gmt":"2025-08-28T03:29:07","guid":{"rendered":"https:\/\/roveyayinevi.com.tr\/index.php\/urun\/atik-sanati-gundelik-nesnelere-yeniden-hayat-ver\/"},"modified":"2026-04-16T03:08:19","modified_gmt":"2026-04-16T00:08:19","slug":"atik-sanati-gundelik-nesnelere-yeniden-hayat-ver","status":"publish","type":"product","link":"https:\/\/roveyayinevi.com.tr\/index.php\/urun\/atik-sanati-gundelik-nesnelere-yeniden-hayat-ver\/","title":{"rendered":"At\u0131k Sanat\u0131 \/G\u00fcndelik Nesnelere Yeniden Hayat Ver"},"content":{"rendered":"<p>\u00c7evreye Duyarl\u0131 Yarat\u0131c\u0131 Gen\u00e7lerin Elkitab\u0131 \u00c7evreyi koruman\u0131n ve geri d\u00f6n\u00fc\u015ft\u00fcrmenin \u00f6nemi konusunda \u00e7ocuklar\u0131 ve gen\u00e7leri bilgilendirmek isteyenler&#8230;   G\u00fcndelik hayatta kulland\u0131\u011f\u0131m\u0131z nesneleri bir sanat eserine d\u00f6n\u00fc\u015ft\u00fcrerek yarat\u0131c\u0131l\u0131\u011f\u0131n\u0131 ke\u015ffetmeyi arzulayanlar\u2026   At\u0131klar\u0131n ayr\u0131\u015ft\u0131r\u0131lmas\u0131na y\u00f6nelik sorulara somut ve e\u011flenceli yan\u0131tlar arayanlar\u2026 <\/p>\n","protected":false},"excerpt":{"rendered":"<p>\u00c7evreye Duyarl\u0131 Yarat\u0131c\u0131 Gen\u00e7lerin Elkitab\u0131 \u00c7evreyi koruman\u0131n ve geri d\u00f6n\u00fc\u015ft\u00fcrmenin \u00f6nemi konusunda \u00e7ocuklar\u0131 ve gen\u00e7leri bilgilendirmek isteyenler&#8230; G\u00fcndelik hayatta kulland\u0131\u011f\u0131m\u0131z nesneleri bir sanat eserine d\u00f6n\u00fc\u015ft\u00fcrerek yarat\u0131c\u0131l\u0131\u011f\u0131n\u0131<span class=\"excerpt-hellip\"> [\u2026]<\/span><\/p>\n","protected":false},"featured_media":0,"template":"","meta":{"_monsterinsights_skip_tracking":false,"_monsterinsights_sitenote_active":false,"_monsterinsights_sitenote_note":"","_monsterinsights_sitenote_category":0},"product_brand":[],"product_cat":[12274,15842],"product_tag":[],"class_list":{"0":"post-755041","1":"product","2":"type-product","3":"status-publish","5":"product_cat-cocuk-ve-genclik-kitaplari","6":"product_cat-egitici-kitaplar","7":"pa_cilt-ciltsiz","8":"pa_tur-kitap","9":"pa_yayinevi-yapi-kredi-yayinlari","10":"pa_yazar-virginie-aladjidi","12":"first","13":"instock","14":"sale","15":"shipping-taxable","16":"purchasable","17":"product-type-simple"},"_links":{"self":[{"href":"https:\/\/roveyayinevi.com.tr\/index.php\/wp-json\/wp\/v2\/product\/755041","targetHints":{"allow":["GET"]}}],"collection":[{"href":"https:\/\/roveyayinevi.com.tr\/index.php\/wp-json\/wp\/v2\/product"}],"about":[{"href":"https:\/\/roveyayinevi.com.tr\/index.php\/wp-json\/wp\/v2\/types\/product"}],"wp:attachment":[{"href":"https:\/\/roveyayinevi.com.tr\/index.php\/wp-json\/wp\/v2\/media?parent=755041"}],"wp:term":[{"taxonomy":"product_brand","embeddable":true,"href":"https:\/\/roveyayinevi.com.tr\/index.php\/wp-json\/wp\/v2\/product_brand?post=755041"},{"taxonomy":"product_cat","embeddable":true,"href":"https:\/\/roveyayinevi.com.tr\/index.php\/wp-json\/wp\/v2\/product_cat?post=755041"},{"taxonomy":"product_tag","embeddable":true,"href":"https:\/\/roveyayinevi.com.tr\/index.php\/wp-json\/wp\/v2\/product_tag?post=755041"}],"curies":[{"name":"wp","href":"https:\/\/api.w.org\/{rel}","templated":true}]}}