{"id":755039,"date":"2025-08-28T06:29:04","date_gmt":"2025-08-28T03:29:04","guid":{"rendered":"https:\/\/roveyayinevi.com.tr\/index.php\/urun\/mujgan-imkansiza-komsu\/"},"modified":"2026-04-16T03:08:19","modified_gmt":"2026-04-16T00:08:19","slug":"mujgan-imkansiza-komsu","status":"publish","type":"product","link":"https:\/\/roveyayinevi.com.tr\/index.php\/urun\/mujgan-imkansiza-komsu\/","title":{"rendered":"M\u00fcjgan: \u0130mkans\u0131za Kom\u015fu"},"content":{"rendered":"<p>Ac\u0131s\u0131 kendine a\u011f\u0131r gelenlere, derdini hi\u00e7bir yere y\u00fckleyemeyenlere, karanl\u0131ktan ba\u015fka \u00fclke yoktur. Sana ac\u0131 veren her \u015feyi belle\u011finden kopar\u0131p atmak i\u00e7in, karanl\u0131\u011f\u0131n nesneleri sildi\u011fi gibi ge\u00e7mi\u015fi de silebilece\u011fine, eritebilece\u011fine inan\u0131rs\u0131n. Bunlar\u0131 \u015fimdi, y\u0131llar sonra belle\u011fimin hafif aralanm\u0131\u015f pencerelerinden i\u00e7eri yumu\u015fak bir \u0131\u015f\u0131k s\u0131zarken fark ediyorum. D\u0131\u015far\u0131da kalanlar, d\u0131\u015far\u0131dan bakanlar, derdi ile delik de\u015fik olan\u0131n kendi karanl\u0131\u011f\u0131na s\u0131\u011f\u0131n\u0131\u015f\u0131n\u0131 bir t\u00fcrl\u00fc anlamayanlar, anlamak istemeyenler, anlad\u0131\u011f\u0131n\u0131 zannedip de en k\u0131sa zamanda onu tekrar g\u00fcn y\u00fcz\u00fcne \u00e7\u0131karmak isteyenler, her \u015feyi geometrik bir d\u00fczlem i\u00e7inde \u00f6l\u00e7\u00fcp bi\u00e7ip d\u00fczenleyenler i\u00e7in karanl\u0131k pek i\u015flevsel de\u011fil elbet. Oysa bazen karanl\u0131k da \u015fifad\u0131r. Kendime giden yollar\u0131 kesmi\u015f, k\u00f6pr\u00fcleri y\u0131km\u0131\u015f, \u0131\u015f\u0131k gelen b\u00fct\u00fcn kap\u0131lar\u0131 pencereleri \u00f6rtm\u00fc\u015ft\u00fcm. K\u00f6r bir karanl\u0131\u011f\u0131n i\u00e7inde hareketten azade, d\u0131\u015f seslerden azade, bundan b\u00f6yle ne olacak sorusundan azade&#8230; Kendi karanl\u0131\u011f\u0131m\u0131n i\u00e7inde kendimi kendime yama yapmaya u\u011fra\u015f\u0131rken senin beni konu\u015fturma giri\u015fimlerinin bana nas\u0131l y\u00fck oldu\u011funu, beni kendi karanl\u0131\u011f\u0131ma daha \u00e7ok kilitledi\u011fini ancak hakiki bir sohbete kavu\u015funca anlad\u0131m. Karanl\u0131\u011f\u0131ma hi\u00e7 sayg\u0131 duymad\u0131\u011f\u0131n\u0131 da&#8230; <\/p>\n","protected":false},"excerpt":{"rendered":"<p>Ac\u0131s\u0131 kendine a\u011f\u0131r gelenlere, derdini hi\u00e7bir yere y\u00fckleyemeyenlere, karanl\u0131ktan ba\u015fka \u00fclke yoktur. Sana ac\u0131 veren her \u015feyi belle\u011finden kopar\u0131p atmak i\u00e7in, karanl\u0131\u011f\u0131n nesneleri sildi\u011fi gibi ge\u00e7mi\u015fi<span class=\"excerpt-hellip\"> [\u2026]<\/span><\/p>\n","protected":false},"featured_media":0,"template":"","meta":{"_monsterinsights_skip_tracking":false,"_monsterinsights_sitenote_active":false,"_monsterinsights_sitenote_note":"","_monsterinsights_sitenote_category":0},"product_brand":[],"product_cat":[12291,12711],"product_tag":[],"class_list":{"0":"post-755039","1":"product","2":"type-product","3":"status-publish","5":"product_cat-edebiyat","6":"product_cat-roman-oyku","7":"pa_cilt-ciltsiz","8":"pa_tur-kitap","9":"pa_yayinevi-profil-kitap","10":"pa_yazar-fatma-barbarosoglu","12":"first","13":"instock","14":"sale","15":"shipping-taxable","16":"purchasable","17":"product-type-simple"},"_links":{"self":[{"href":"https:\/\/roveyayinevi.com.tr\/index.php\/wp-json\/wp\/v2\/product\/755039","targetHints":{"allow":["GET"]}}],"collection":[{"href":"https:\/\/roveyayinevi.com.tr\/index.php\/wp-json\/wp\/v2\/product"}],"about":[{"href":"https:\/\/roveyayinevi.com.tr\/index.php\/wp-json\/wp\/v2\/types\/product"}],"wp:attachment":[{"href":"https:\/\/roveyayinevi.com.tr\/index.php\/wp-json\/wp\/v2\/media?parent=755039"}],"wp:term":[{"taxonomy":"product_brand","embeddable":true,"href":"https:\/\/roveyayinevi.com.tr\/index.php\/wp-json\/wp\/v2\/product_brand?post=755039"},{"taxonomy":"product_cat","embeddable":true,"href":"https:\/\/roveyayinevi.com.tr\/index.php\/wp-json\/wp\/v2\/product_cat?post=755039"},{"taxonomy":"product_tag","embeddable":true,"href":"https:\/\/roveyayinevi.com.tr\/index.php\/wp-json\/wp\/v2\/product_tag?post=755039"}],"curies":[{"name":"wp","href":"https:\/\/api.w.org\/{rel}","templated":true}]}}