{"id":755036,"date":"2025-08-28T06:29:00","date_gmt":"2025-08-28T03:29:00","guid":{"rendered":"https:\/\/roveyayinevi.com.tr\/index.php\/urun\/cicekler-cok-mu-cok-tuhaf\/"},"modified":"2026-04-16T03:08:19","modified_gmt":"2026-04-16T00:08:19","slug":"cicekler-cok-mu-cok-tuhaf","status":"publish","type":"product","link":"https:\/\/roveyayinevi.com.tr\/index.php\/urun\/cicekler-cok-mu-cok-tuhaf\/","title":{"rendered":"\u00c7i\u00e7ekler \u00c7ok mu \u00c7ok\u2026 Tuhaf!"},"content":{"rendered":"<p>Uyar\u0131! Bu kitap \u00e7i\u00e7ekler hakk\u0131nda \u00e7ok gizli bilgiler i\u00e7ermektedir!Do\u011fadaki tuhaf \u00e7i\u00e7eklerden baz\u0131lar\u0131yla tan\u0131\u015f\u0131rken e\u011flenmeye ve \u015fa\u015f\u0131rmaya haz\u0131r olun.\u00c7i\u00e7ekleri s\u0131k\u0131c\u0131 buluyor olabilirsiniz ama onlar\u0131n etraf\u0131nda bir ar\u0131 gibi dolan\u0131rsan\u0131z \u00e7i\u00e7ekler hakk\u0131ndaki ilgin\u00e7 ger\u00e7ekleri \u00f6\u011frenebilirsiniz. <\/p>\n","protected":false},"excerpt":{"rendered":"<p>Uyar\u0131! Bu kitap \u00e7i\u00e7ekler hakk\u0131nda \u00e7ok gizli bilgiler i\u00e7ermektedir!Do\u011fadaki tuhaf \u00e7i\u00e7eklerden baz\u0131lar\u0131yla tan\u0131\u015f\u0131rken e\u011flenmeye ve \u015fa\u015f\u0131rmaya haz\u0131r olun.\u00c7i\u00e7ekleri s\u0131k\u0131c\u0131 buluyor olabilirsiniz ama onlar\u0131n etraf\u0131nda bir ar\u0131<span class=\"excerpt-hellip\"> [\u2026]<\/span><\/p>\n","protected":false},"featured_media":0,"template":"","meta":{"_monsterinsights_skip_tracking":false,"_monsterinsights_sitenote_active":false,"_monsterinsights_sitenote_note":"","_monsterinsights_sitenote_category":0},"product_brand":[],"product_cat":[12274,12284],"product_tag":[],"class_list":{"0":"post-755036","1":"product","2":"type-product","3":"status-publish","5":"product_cat-cocuk-ve-genclik-kitaplari","6":"product_cat-hikayeler","7":"pa_cilt-ciltsiz","8":"pa_tur-kitap","9":"pa_yayinevi-profil-kitap","10":"pa_yazar-rosemary-mosco","12":"first","13":"instock","14":"sale","15":"shipping-taxable","16":"purchasable","17":"product-type-simple"},"_links":{"self":[{"href":"https:\/\/roveyayinevi.com.tr\/index.php\/wp-json\/wp\/v2\/product\/755036","targetHints":{"allow":["GET"]}}],"collection":[{"href":"https:\/\/roveyayinevi.com.tr\/index.php\/wp-json\/wp\/v2\/product"}],"about":[{"href":"https:\/\/roveyayinevi.com.tr\/index.php\/wp-json\/wp\/v2\/types\/product"}],"wp:attachment":[{"href":"https:\/\/roveyayinevi.com.tr\/index.php\/wp-json\/wp\/v2\/media?parent=755036"}],"wp:term":[{"taxonomy":"product_brand","embeddable":true,"href":"https:\/\/roveyayinevi.com.tr\/index.php\/wp-json\/wp\/v2\/product_brand?post=755036"},{"taxonomy":"product_cat","embeddable":true,"href":"https:\/\/roveyayinevi.com.tr\/index.php\/wp-json\/wp\/v2\/product_cat?post=755036"},{"taxonomy":"product_tag","embeddable":true,"href":"https:\/\/roveyayinevi.com.tr\/index.php\/wp-json\/wp\/v2\/product_tag?post=755036"}],"curies":[{"name":"wp","href":"https:\/\/api.w.org\/{rel}","templated":true}]}}