{"id":755035,"date":"2025-08-28T06:28:58","date_gmt":"2025-08-28T03:28:58","guid":{"rendered":"https:\/\/roveyayinevi.com.tr\/index.php\/urun\/ciplak-kalp\/"},"modified":"2026-04-16T03:08:19","modified_gmt":"2026-04-16T00:08:19","slug":"ciplak-kalp","status":"publish","type":"product","link":"https:\/\/roveyayinevi.com.tr\/index.php\/urun\/ciplak-kalp\/","title":{"rendered":"\u00c7\u0131plak Kalp"},"content":{"rendered":"<p>Siyasi nedenlerle \u00c7ocuk \u015eube\u2019ye yollanan Komiser Suat Zamir\u2019in odas\u0131na bir g\u00fcn Samet adl\u0131 bir \u00e7ocuk gelir.  Samet babas\u0131n\u0131n kalbini bir kutuda buldu\u011funu ileri s\u00fcrer. Di\u011fer yandan iktidar\u0131n g\u00f6zbebe\u011fi m\u00fcteahhit C\u00fcneyt Canipo\u011flu\u2019nun gizemli bir \u015fekilde kaybolmas\u0131 Emniyet\u2019i alarma ge\u00e7irmi\u015ftir. Birbirinden ba\u011f\u0131ms\u0131z g\u00f6r\u00fcnen iki soru\u015fturma Suat Zamir ve meslekta\u015flar\u0131 Selim ile Beren\u2019i ak\u0131l almaz bir su\u00e7 zincirine y\u00f6nlendirir. Komiser Suat Zamir\u2019in \u00fc\u00e7\u00fcnc\u00fc maceras\u0131 \u00c7\u0131plak Kalp, devlet, tarikatlar, \u00e7ocuklar ve hurafeler ekseninde akan, gerilimi y\u00fcksek bir polisiye roman\u2026 <\/p>\n","protected":false},"excerpt":{"rendered":"<p>Siyasi nedenlerle \u00c7ocuk \u015eube\u2019ye yollanan Komiser Suat Zamir\u2019in odas\u0131na bir g\u00fcn Samet adl\u0131 bir \u00e7ocuk gelir. Samet babas\u0131n\u0131n kalbini bir kutuda buldu\u011funu ileri s\u00fcrer. Di\u011fer yandan<span class=\"excerpt-hellip\"> [\u2026]<\/span><\/p>\n","protected":false},"featured_media":0,"template":"","meta":{"_monsterinsights_skip_tracking":false,"_monsterinsights_sitenote_active":false,"_monsterinsights_sitenote_note":"","_monsterinsights_sitenote_category":0},"product_brand":[],"product_cat":[12291,15445],"product_tag":[],"class_list":{"0":"post-755035","1":"product","2":"type-product","3":"status-publish","5":"product_cat-edebiyat","6":"product_cat-polisiye","7":"pa_cilt-ciltsiz","8":"pa_tur-kitap","9":"pa_yayinevi-dogan-kitap","10":"pa_yazar-elcin-poyrazlar","12":"first","13":"instock","14":"sale","15":"shipping-taxable","16":"purchasable","17":"product-type-simple"},"_links":{"self":[{"href":"https:\/\/roveyayinevi.com.tr\/index.php\/wp-json\/wp\/v2\/product\/755035","targetHints":{"allow":["GET"]}}],"collection":[{"href":"https:\/\/roveyayinevi.com.tr\/index.php\/wp-json\/wp\/v2\/product"}],"about":[{"href":"https:\/\/roveyayinevi.com.tr\/index.php\/wp-json\/wp\/v2\/types\/product"}],"wp:attachment":[{"href":"https:\/\/roveyayinevi.com.tr\/index.php\/wp-json\/wp\/v2\/media?parent=755035"}],"wp:term":[{"taxonomy":"product_brand","embeddable":true,"href":"https:\/\/roveyayinevi.com.tr\/index.php\/wp-json\/wp\/v2\/product_brand?post=755035"},{"taxonomy":"product_cat","embeddable":true,"href":"https:\/\/roveyayinevi.com.tr\/index.php\/wp-json\/wp\/v2\/product_cat?post=755035"},{"taxonomy":"product_tag","embeddable":true,"href":"https:\/\/roveyayinevi.com.tr\/index.php\/wp-json\/wp\/v2\/product_tag?post=755035"}],"curies":[{"name":"wp","href":"https:\/\/api.w.org\/{rel}","templated":true}]}}