{"id":755030,"date":"2025-08-28T06:28:46","date_gmt":"2025-08-28T03:28:46","guid":{"rendered":"https:\/\/roveyayinevi.com.tr\/index.php\/urun\/inatci-ve-savasci\/"},"modified":"2026-04-16T03:08:19","modified_gmt":"2026-04-16T00:08:19","slug":"inatci-ve-savasci","status":"publish","type":"product","link":"https:\/\/roveyayinevi.com.tr\/index.php\/urun\/inatci-ve-savasci\/","title":{"rendered":"\u0130nat\u00e7\u0131 ve Sava\u015f\u00e7\u0131"},"content":{"rendered":"<p>\u201c\u0130\u00e7im par\u00e7alanm\u0131\u015ft\u0131, g\u00f6zya\u015flar\u0131 i\u00e7inde o g\u00fczel elleriyle yazd\u0131\u011f\u0131 b\u00fct\u00fcn hik\u00e2yesini okudum Aylin\u2019in. Sabah\u0131n alaca karanl\u0131\u011f\u0131nda h\u00e2l\u00e2 ayaktayd\u0131m.  Cam\u0131 a\u00e7t\u0131m Allah\u2019\u0131m Aylin\u2019imi ve onun gibi t\u00fcm kad\u0131nlar\u0131 koru kolla, sevenlerine ba\u011f\u0131\u015fla. T\u00fcm s\u0131k\u0131nt\u0131da olan insanlara yard\u0131m et, bize do\u011fru yolu g\u00f6ster diye dua ettim. Evet Aylin hakl\u0131yd\u0131. Bu hik\u00e2ye herkese ders \u00e7\u0131karacak \u00f6rneklerle doluydu. Fazla iyi niyetin, masum bir kad\u0131n\u0131n hayat\u0131n\u0131n mahvolu\u015funun hik\u00e2yesiydi. Aylin\u2019e verdi\u011fim s\u00f6z\u00fc ivedilikle yerine getirmeliydim. \u0130stanbul\u2019da hemen bir yay\u0131nevi bulmal\u0131yd\u0131m, bu kitap bas\u0131lmal\u0131yd\u0131.\u201d <\/p>\n","protected":false},"excerpt":{"rendered":"<p>\u201c\u0130\u00e7im par\u00e7alanm\u0131\u015ft\u0131, g\u00f6zya\u015flar\u0131 i\u00e7inde o g\u00fczel elleriyle yazd\u0131\u011f\u0131 b\u00fct\u00fcn hik\u00e2yesini okudum Aylin\u2019in. Sabah\u0131n alaca karanl\u0131\u011f\u0131nda h\u00e2l\u00e2 ayaktayd\u0131m. Cam\u0131 a\u00e7t\u0131m Allah\u2019\u0131m Aylin\u2019imi ve onun gibi t\u00fcm kad\u0131nlar\u0131<span class=\"excerpt-hellip\"> [\u2026]<\/span><\/p>\n","protected":false},"featured_media":0,"template":"","meta":{"_monsterinsights_skip_tracking":false,"_monsterinsights_sitenote_active":false,"_monsterinsights_sitenote_note":"","_monsterinsights_sitenote_category":0},"product_brand":[],"product_cat":[12291,12711],"product_tag":[],"class_list":{"0":"post-755030","1":"product","2":"type-product","3":"status-publish","5":"product_cat-edebiyat","6":"product_cat-roman-oyku","7":"pa_cilt-ciltsiz","8":"pa_tur-kitap","9":"pa_yayinevi-kirk-yayinevi","10":"pa_yazar-meral-isik","12":"first","13":"instock","14":"sale","15":"shipping-taxable","16":"purchasable","17":"product-type-simple"},"_links":{"self":[{"href":"https:\/\/roveyayinevi.com.tr\/index.php\/wp-json\/wp\/v2\/product\/755030","targetHints":{"allow":["GET"]}}],"collection":[{"href":"https:\/\/roveyayinevi.com.tr\/index.php\/wp-json\/wp\/v2\/product"}],"about":[{"href":"https:\/\/roveyayinevi.com.tr\/index.php\/wp-json\/wp\/v2\/types\/product"}],"wp:attachment":[{"href":"https:\/\/roveyayinevi.com.tr\/index.php\/wp-json\/wp\/v2\/media?parent=755030"}],"wp:term":[{"taxonomy":"product_brand","embeddable":true,"href":"https:\/\/roveyayinevi.com.tr\/index.php\/wp-json\/wp\/v2\/product_brand?post=755030"},{"taxonomy":"product_cat","embeddable":true,"href":"https:\/\/roveyayinevi.com.tr\/index.php\/wp-json\/wp\/v2\/product_cat?post=755030"},{"taxonomy":"product_tag","embeddable":true,"href":"https:\/\/roveyayinevi.com.tr\/index.php\/wp-json\/wp\/v2\/product_tag?post=755030"}],"curies":[{"name":"wp","href":"https:\/\/api.w.org\/{rel}","templated":true}]}}