{"id":755025,"date":"2025-08-28T06:28:30","date_gmt":"2025-08-28T03:28:30","guid":{"rendered":"https:\/\/roveyayinevi.com.tr\/index.php\/urun\/kulturel-teori-ve-populer-kulture-giris\/"},"modified":"2026-04-16T03:08:19","modified_gmt":"2026-04-16T00:08:19","slug":"kulturel-teori-ve-populer-kulture-giris","status":"publish","type":"product","link":"https:\/\/roveyayinevi.com.tr\/index.php\/urun\/kulturel-teori-ve-populer-kulture-giris\/","title":{"rendered":"K\u00fclt\u00fcrel Teori ve Pop\u00fcler K\u00fclt\u00fcre Giri\u015f"},"content":{"rendered":"<p>K\u00fclt\u00fcr \u00e7al\u0131\u015fmalar\u0131 ve pop\u00fcler k\u00fclt\u00fcr \u00fczerine ele\u015ftirel bir okuma yapan Storey\u2019in bu kitab\u0131 yurt d\u0131\u015f\u0131nda lisans ve lisans\u00fcst\u00fc d\u00fczeylerde ders kitab\u0131 olarak okutulan de\u011ferli bir eserdir. Kitap, Storey\u2019in pop\u00fcler k\u00fclt\u00fcr\u00fc ideoloji ile kar\u015f\u0131la\u015ft\u0131rmas\u0131yla ba\u015flamakta; k\u00fclt\u00fcr\u00fcn ve pop\u00fcler k\u00fclt\u00fcr\u00fcn medeniyet in\u015fas\u0131ndaki rollerini, k\u00fclt\u00fcrc\u00fcl\u00fck \u00fczerine tart\u0131\u015fmalar\u0131, toplumsal cinsiyet durumlar\u0131n\u0131n pop\u00fcler k\u00fclt\u00fcr i\u00e7erisindeki yerini, \u0131rk ve k\u00fclt\u00fcr ili\u015fkisini, pop\u00fclist siyaseti ve daha fazlas\u0131n\u0131 Marksist, yap\u0131salc\u0131, post-yap\u0131salc\u0131, post-modern ve psikanalitik teoriler e\u015fli\u011finde incelemektedir. \u00c7eviride esas ald\u0131\u011f\u0131m\u0131z bask\u0131, orijinal dilindeki eski bas\u0131mlar\u0131n geni\u015fletilmi\u015f edisyonudur; s\u0131n\u0131f \u00fczerine tamamen yeni bir b\u00f6l\u00fcm i\u00e7ermektedir ve toplumsal cinsiyet hakk\u0131nda geni\u015fletilmi\u015f bir i\u00e7eri\u011fe sahiptir. Kitapta b\u00f6l\u00fcm giri\u015fleri ve metin i\u00e7i y\u00f6nlendirmelerle b\u00f6l\u00fcmler ve \u00f6nemli noktalar aras\u0131nda ili\u015fkisel ba\u011flant\u0131lar kurulmaktad\u0131r. Okuru metne ba\u011flayan bu yap\u0131s\u0131 ve k\u00fclt\u00fcr ile pop\u00fcler k\u00fclt\u00fcre olduk\u00e7a geni\u015f bir a\u00e7\u0131dan bakmas\u0131 ile bu kitap k\u00fclt\u00fcr sosyolojisi, medya ve ileti\u015fim \u00e7al\u0131\u015fmalar\u0131, k\u00fclt\u00fcr, pop\u00fcler k\u00fclt\u00fcr ya da di\u011fer ilgili konularda hem konuyla ilgilenenler hem de akademi i\u00e7in \u00f6nemli bir rehber kaynak niteli\u011findedir. <\/p>\n","protected":false},"excerpt":{"rendered":"<p>K\u00fclt\u00fcr \u00e7al\u0131\u015fmalar\u0131 ve pop\u00fcler k\u00fclt\u00fcr \u00fczerine ele\u015ftirel bir okuma yapan Storey\u2019in bu kitab\u0131 yurt d\u0131\u015f\u0131nda lisans ve lisans\u00fcst\u00fc d\u00fczeylerde ders kitab\u0131 olarak okutulan de\u011ferli bir eserdir.<span class=\"excerpt-hellip\"> [\u2026]<\/span><\/p>\n","protected":false},"featured_media":0,"template":"","meta":{"_monsterinsights_skip_tracking":false,"_monsterinsights_sitenote_active":false,"_monsterinsights_sitenote_note":"","_monsterinsights_sitenote_category":0},"product_brand":[],"product_cat":[12325,12324],"product_tag":[],"class_list":{"0":"post-755025","1":"product","2":"type-product","3":"status-publish","5":"product_cat-diger-sosyoloji","6":"product_cat-sosyoloji","7":"pa_cilt-ciltsiz","8":"pa_tur-kitap","9":"pa_yayinevi-bilge-kultur-sanat","10":"pa_yazar-john-storey","12":"first","13":"instock","14":"sale","15":"shipping-taxable","16":"purchasable","17":"product-type-simple"},"_links":{"self":[{"href":"https:\/\/roveyayinevi.com.tr\/index.php\/wp-json\/wp\/v2\/product\/755025","targetHints":{"allow":["GET"]}}],"collection":[{"href":"https:\/\/roveyayinevi.com.tr\/index.php\/wp-json\/wp\/v2\/product"}],"about":[{"href":"https:\/\/roveyayinevi.com.tr\/index.php\/wp-json\/wp\/v2\/types\/product"}],"wp:attachment":[{"href":"https:\/\/roveyayinevi.com.tr\/index.php\/wp-json\/wp\/v2\/media?parent=755025"}],"wp:term":[{"taxonomy":"product_brand","embeddable":true,"href":"https:\/\/roveyayinevi.com.tr\/index.php\/wp-json\/wp\/v2\/product_brand?post=755025"},{"taxonomy":"product_cat","embeddable":true,"href":"https:\/\/roveyayinevi.com.tr\/index.php\/wp-json\/wp\/v2\/product_cat?post=755025"},{"taxonomy":"product_tag","embeddable":true,"href":"https:\/\/roveyayinevi.com.tr\/index.php\/wp-json\/wp\/v2\/product_tag?post=755025"}],"curies":[{"name":"wp","href":"https:\/\/api.w.org\/{rel}","templated":true}]}}