{"id":755021,"date":"2025-08-28T06:28:22","date_gmt":"2025-08-28T03:28:22","guid":{"rendered":"https:\/\/roveyayinevi.com.tr\/index.php\/urun\/karanlik-golgeler\/"},"modified":"2026-04-16T03:08:19","modified_gmt":"2026-04-16T00:08:19","slug":"karanlik-golgeler","status":"publish","type":"product","link":"https:\/\/roveyayinevi.com.tr\/index.php\/urun\/karanlik-golgeler\/","title":{"rendered":"Karanl\u0131k G\u00f6lgeler"},"content":{"rendered":"<p>Haftalarca s\u00fcren yolculu\u011fun ard\u0131ndan haydutlar\u0131n eline d\u00fc\u015fen be\u015f arkada\u015f, zindanda \u00e7\u0131kan bir isyan\u0131n sonucunda canlar\u0131n\u0131 kurtar\u0131rlar. Kald\u0131klar\u0131 yerden yolculuklar\u0131na devam ederler. Tam rahata ermi\u015fken bu kez de uzaydan gelen Karanl\u0131k G\u00f6lgeler ile kar\u015f\u0131 kar\u015f\u0131ya kal\u0131rlar. Ne k\u0131l\u0131\u00e7lar\u0131 ne de oklar\u0131, hi\u00e7bir i\u015fe yaramaz.    Bir yolunu bulup onlardan da kurtulurlar. En sonunda Mor Da\u011f&#8217;a ula\u015f\u0131r, Sakl\u0131 Ma\u011fara&#8217;y\u0131 bulurlar. Hi\u00e7 beklemedikleri bir anda hazinenin ba\u015f\u0131nda Ma\u011fara Ejderhas\u0131 ile burun buruna gelirler. \u00d6l\u00fcm\u00fc g\u00f6ze alarak hazineyi al\u0131p ka\u00e7arlar. Ak\u0131llara durgunluk veren tehlikelerin ard\u0131 arkas\u0131 kesilmez. Aylar s\u00fcren maceralar\u0131n sonunda k\u00f6ylerine ula\u015f\u0131rlar.    Bar\u0131\u015f Kalesi&#8217;ni yeniden in\u015fa ederek, atalar\u0131n\u0131n ruhlar\u0131yla bulu\u015furlar. K\u00f6ylerinde inan\u0131lmayacak kadar b\u00fcy\u00fck i\u015fler ba\u015far\u0131rlar. B\u00f6lgenin en g\u00fc\u00e7l\u00fc kabilesi haline gelirler. O andan itibaren yepyeni bir hayat ba\u015flar. <\/p>\n","protected":false},"excerpt":{"rendered":"<p>Haftalarca s\u00fcren yolculu\u011fun ard\u0131ndan haydutlar\u0131n eline d\u00fc\u015fen be\u015f arkada\u015f, zindanda \u00e7\u0131kan bir isyan\u0131n sonucunda canlar\u0131n\u0131 kurtar\u0131rlar. Kald\u0131klar\u0131 yerden yolculuklar\u0131na devam ederler. Tam rahata ermi\u015fken bu kez<span class=\"excerpt-hellip\"> [\u2026]<\/span><\/p>\n","protected":false},"featured_media":0,"template":"","meta":{"_monsterinsights_skip_tracking":false,"_monsterinsights_sitenote_active":false,"_monsterinsights_sitenote_note":"","_monsterinsights_sitenote_category":0},"product_brand":[],"product_cat":[12291,14777],"product_tag":[],"class_list":{"0":"post-755021","1":"product","2":"type-product","3":"status-publish","5":"product_cat-edebiyat","6":"product_cat-fantastik","7":"pa_cilt-ciltsiz","8":"pa_tur-kitap","9":"pa_yayinevi-hazer-yayinlari","10":"pa_yazar-nihat-gokmen","12":"first","13":"instock","14":"sale","15":"shipping-taxable","16":"purchasable","17":"product-type-simple"},"_links":{"self":[{"href":"https:\/\/roveyayinevi.com.tr\/index.php\/wp-json\/wp\/v2\/product\/755021","targetHints":{"allow":["GET"]}}],"collection":[{"href":"https:\/\/roveyayinevi.com.tr\/index.php\/wp-json\/wp\/v2\/product"}],"about":[{"href":"https:\/\/roveyayinevi.com.tr\/index.php\/wp-json\/wp\/v2\/types\/product"}],"wp:attachment":[{"href":"https:\/\/roveyayinevi.com.tr\/index.php\/wp-json\/wp\/v2\/media?parent=755021"}],"wp:term":[{"taxonomy":"product_brand","embeddable":true,"href":"https:\/\/roveyayinevi.com.tr\/index.php\/wp-json\/wp\/v2\/product_brand?post=755021"},{"taxonomy":"product_cat","embeddable":true,"href":"https:\/\/roveyayinevi.com.tr\/index.php\/wp-json\/wp\/v2\/product_cat?post=755021"},{"taxonomy":"product_tag","embeddable":true,"href":"https:\/\/roveyayinevi.com.tr\/index.php\/wp-json\/wp\/v2\/product_tag?post=755021"}],"curies":[{"name":"wp","href":"https:\/\/api.w.org\/{rel}","templated":true}]}}