{"id":755020,"date":"2025-08-28T06:28:21","date_gmt":"2025-08-28T03:28:21","guid":{"rendered":"https:\/\/roveyayinevi.com.tr\/index.php\/urun\/varoluscu-terapi\/"},"modified":"2026-04-16T03:08:19","modified_gmt":"2026-04-16T00:08:19","slug":"varoluscu-terapi","status":"publish","type":"product","link":"https:\/\/roveyayinevi.com.tr\/index.php\/urun\/varoluscu-terapi\/","title":{"rendered":"Varolu\u015f\u00e7u Terapi"},"content":{"rendered":"<p>\u201cHakikatin \u00f6d\u00fcl\u00fc hakikatin kendisidir.\u201d \u2013 Platon Bo\u015fluk duygusu, anlam aray\u0131\u015f\u0131 ve varolu\u015fun zorlu \u015fartlar\u0131 kar\u015f\u0131s\u0131nda kendine \u00e7\u0131k\u0131\u015f yolu arayanlar i\u00e7in g\u00fc\u00e7l\u00fc ve etkili y\u00f6ntemlerden biridir varolu\u015f\u00e7u terapi&#8230; \u0130nsan\u0131n varolu\u015fundan kaynaklanan konulara odaklanan bu felsefi terapi yakla\u015f\u0131m\u0131, hayata anlam katman\u0131n, ya\u015fam\u0131 de\u011ferli k\u0131lman\u0131n belli ba\u015fl\u0131 yollar\u0131 hakk\u0131nda okumaya, d\u00fc\u015f\u00fcnmeye ve uygulamaya davet ediyor sizi. Hayat en katlan\u0131lmaz oldu\u011fu zamanlarda bile anlaml\u0131d\u0131r. \u0130nsan ya\u015fad\u0131\u011f\u0131 ac\u0131ya, korkuya ve su\u00e7luluk duygusuna ra\u011fmen i\u00e7indeki iyiyi ortaya \u00e7\u0131karabilme potansiyeline sahiptir. Her olumsuzluk, yarat\u0131c\u0131 bir g\u00fcce d\u00f6n\u00fc\u015ft\u00fcr\u00fclebilir. Nas\u0131l m\u0131? Varolu\u015f\u00e7u terapi alan\u0131nda d\u00fcnya \u00e7ap\u0131nda hakl\u0131 bir \u00fcne sahip olan Prof. Emmy van Deurzen ve varolu\u015f\u00e7u terapist Claire Arnold-Baker\u2019\u0131n kaleme ald\u0131\u011f\u0131 bu kitap, felsefeyle terapiyi ula\u015f\u0131labilir k\u0131lmakla birlikte tam 15 teorik ve 15 pratik tekni\u011fi sizler i\u00e7in en yal\u0131n ve anla\u015f\u0131l\u0131r haliyle a\u00e7\u0131kl\u0131yor. <\/p>\n","protected":false},"excerpt":{"rendered":"<p>\u201cHakikatin \u00f6d\u00fcl\u00fc hakikatin kendisidir.\u201d \u2013 Platon Bo\u015fluk duygusu, anlam aray\u0131\u015f\u0131 ve varolu\u015fun zorlu \u015fartlar\u0131 kar\u015f\u0131s\u0131nda kendine \u00e7\u0131k\u0131\u015f yolu arayanlar i\u00e7in g\u00fc\u00e7l\u00fc ve etkili y\u00f6ntemlerden biridir varolu\u015f\u00e7u<span class=\"excerpt-hellip\"> [\u2026]<\/span><\/p>\n","protected":false},"featured_media":0,"template":"","meta":{"_monsterinsights_skip_tracking":false,"_monsterinsights_sitenote_active":false,"_monsterinsights_sitenote_note":"","_monsterinsights_sitenote_category":0},"product_brand":[],"product_cat":[12357],"product_tag":[],"class_list":{"0":"post-755020","1":"product","2":"type-product","3":"status-publish","5":"product_cat-psikoloji","6":"pa_cilt-ciltsiz","7":"pa_tur-kitap","8":"pa_yayinevi-beyaz-baykus-yayinlari","9":"pa_yazar-emmy-van-deurzen-claire-arnold-baker","11":"first","12":"instock","13":"sale","14":"shipping-taxable","15":"purchasable","16":"product-type-simple"},"_links":{"self":[{"href":"https:\/\/roveyayinevi.com.tr\/index.php\/wp-json\/wp\/v2\/product\/755020","targetHints":{"allow":["GET"]}}],"collection":[{"href":"https:\/\/roveyayinevi.com.tr\/index.php\/wp-json\/wp\/v2\/product"}],"about":[{"href":"https:\/\/roveyayinevi.com.tr\/index.php\/wp-json\/wp\/v2\/types\/product"}],"wp:attachment":[{"href":"https:\/\/roveyayinevi.com.tr\/index.php\/wp-json\/wp\/v2\/media?parent=755020"}],"wp:term":[{"taxonomy":"product_brand","embeddable":true,"href":"https:\/\/roveyayinevi.com.tr\/index.php\/wp-json\/wp\/v2\/product_brand?post=755020"},{"taxonomy":"product_cat","embeddable":true,"href":"https:\/\/roveyayinevi.com.tr\/index.php\/wp-json\/wp\/v2\/product_cat?post=755020"},{"taxonomy":"product_tag","embeddable":true,"href":"https:\/\/roveyayinevi.com.tr\/index.php\/wp-json\/wp\/v2\/product_tag?post=755020"}],"curies":[{"name":"wp","href":"https:\/\/api.w.org\/{rel}","templated":true}]}}