{"id":755016,"date":"2025-08-28T06:28:13","date_gmt":"2025-08-28T03:28:13","guid":{"rendered":"https:\/\/roveyayinevi.com.tr\/index.php\/urun\/peloton-liderligi\/"},"modified":"2026-04-16T03:08:18","modified_gmt":"2026-04-16T00:08:18","slug":"peloton-liderligi","status":"publish","type":"product","link":"https:\/\/roveyayinevi.com.tr\/index.php\/urun\/peloton-liderligi\/","title":{"rendered":"Peloton Liderli\u011fi"},"content":{"rendered":"<p>Liderli\u011finizi ve ekibinizi daha iyi bir seviyeye ta\u015f\u0131maya haz\u0131r m\u0131s\u0131n\u0131z? \u201cPeloton Liderli\u011fi\u201d; liderlik kavram\u0131n\u0131, bisiklet yar\u0131\u015flar\u0131ndaki Peloton\u2019un (en kalabal\u0131k yar\u0131\u015fmac\u0131 grubu) dinamiklerine benzeterek g\u00fcn\u00fcm\u00fcz i\u015f d\u00fcnyas\u0131na ba\u015far\u0131n\u0131n kap\u0131lar\u0131n\u0131 aralayacak yepyeni bir perspektif sunuyor. Bu kitap, Peloton yar\u0131\u015flar\u0131ndaki her bireyin bir lider oldu\u011funu, buradan ald\u0131\u011f\u0131 ilhamla bu t\u00fcr bir liderli\u011fin g\u00fcc\u00fcn\u00fcn bir organizasyonu nas\u0131l motive edip, bir arada tutabildi\u011fini yarat\u0131c\u0131 bir dille okuyucular\u0131na sunuyor. \u201cPeloton Liderli\u011fi\u201d; yaln\u0131zca bir liderin etkisine dayanmaz, aksine her tak\u0131m \u00fcyesinin kat\u0131l\u0131m\u0131n\u0131 ve sorumluluk almas\u0131n\u0131 te\u015fvik eder. Birlikte yoldayken g\u00fc\u00e7lenmek, hedeflere ula\u015fmak arzusuyla g\u00fc\u00e7l\u00fc tak\u0131mlar olu\u015fturman\u0131n ipu\u00e7lar\u0131n\u0131 veren bu kitap, ayn\u0131 zamanda size \u00f6zg\u00fcvenle liderlik yapman\u0131z\u0131 sa\u011flayacak stratejiler, ileti\u015fim teknikleri, tak\u0131m motivasyonu ve k\u00fclt\u00fcr\u00fc g\u00fc\u00e7lendirme gibi konulara odaklanan pratik \u00f6rnekler ve bilgiler de sunuyor. Bir grup bisiklet\u00e7inin, fiziksel dayan\u0131kl\u0131l\u0131k ve zihinsel g\u00fc\u00e7 gerektiren Granfondo yar\u0131\u015flar\u0131na haz\u0131rlanmas\u0131yla donat\u0131lm\u0131\u015f heyecan verici bu hik\u00e2yede, Gaye ve arkada\u015flar\u0131yla birlikte kendini y\u00f6neten tak\u0131m olma deneyimini ke\u015ffedecek ve liderli\u011finizi g\u00fc\u00e7lendirecek pratik ipu\u00e7lar\u0131 elde edeceksiniz. Peloton Liderli\u011fi, liderlik ve tak\u0131m \u00e7al\u0131\u015fmas\u0131 kavramlar\u0131n\u0131 bisiklet sporuyla harmanlayarak, sizi daha \u00f6nce deneyimlemedi\u011finiz bir liderlik yakla\u015f\u0131m\u0131n\u0131n ke\u015ffine davet ediyor. <\/p>\n","protected":false},"excerpt":{"rendered":"<p>Liderli\u011finizi ve ekibinizi daha iyi bir seviyeye ta\u015f\u0131maya haz\u0131r m\u0131s\u0131n\u0131z? \u201cPeloton Liderli\u011fi\u201d; liderlik kavram\u0131n\u0131, bisiklet yar\u0131\u015flar\u0131ndaki Peloton\u2019un (en kalabal\u0131k yar\u0131\u015fmac\u0131 grubu) dinamiklerine benzeterek g\u00fcn\u00fcm\u00fcz i\u015f d\u00fcnyas\u0131na<span class=\"excerpt-hellip\"> [\u2026]<\/span><\/p>\n","protected":false},"featured_media":0,"template":"","meta":{"_monsterinsights_skip_tracking":false,"_monsterinsights_sitenote_active":false,"_monsterinsights_sitenote_note":"","_monsterinsights_sitenote_category":0},"product_brand":[],"product_cat":[12364,12376],"product_tag":[],"class_list":{"0":"post-755016","1":"product","2":"type-product","3":"status-publish","5":"product_cat-genel-konular","6":"product_cat-kisisel-gelisim","7":"pa_cilt-ciltsiz","8":"pa_tur-kitap","9":"pa_yayinevi-destek-yayinlari","10":"pa_yazar-kenan-cavnar","12":"first","13":"instock","14":"sale","15":"shipping-taxable","16":"purchasable","17":"product-type-simple"},"_links":{"self":[{"href":"https:\/\/roveyayinevi.com.tr\/index.php\/wp-json\/wp\/v2\/product\/755016","targetHints":{"allow":["GET"]}}],"collection":[{"href":"https:\/\/roveyayinevi.com.tr\/index.php\/wp-json\/wp\/v2\/product"}],"about":[{"href":"https:\/\/roveyayinevi.com.tr\/index.php\/wp-json\/wp\/v2\/types\/product"}],"wp:attachment":[{"href":"https:\/\/roveyayinevi.com.tr\/index.php\/wp-json\/wp\/v2\/media?parent=755016"}],"wp:term":[{"taxonomy":"product_brand","embeddable":true,"href":"https:\/\/roveyayinevi.com.tr\/index.php\/wp-json\/wp\/v2\/product_brand?post=755016"},{"taxonomy":"product_cat","embeddable":true,"href":"https:\/\/roveyayinevi.com.tr\/index.php\/wp-json\/wp\/v2\/product_cat?post=755016"},{"taxonomy":"product_tag","embeddable":true,"href":"https:\/\/roveyayinevi.com.tr\/index.php\/wp-json\/wp\/v2\/product_tag?post=755016"}],"curies":[{"name":"wp","href":"https:\/\/api.w.org\/{rel}","templated":true}]}}