{"id":755013,"date":"2025-08-28T06:28:07","date_gmt":"2025-08-28T03:28:07","guid":{"rendered":"https:\/\/roveyayinevi.com.tr\/index.php\/urun\/iste-hastane\/"},"modified":"2026-04-16T03:08:18","modified_gmt":"2026-04-16T00:08:18","slug":"iste-hastane","status":"publish","type":"product","link":"https:\/\/roveyayinevi.com.tr\/index.php\/urun\/iste-hastane\/","title":{"rendered":"\u0130\u015fte Hastane"},"content":{"rendered":"<p>T\u00fcrkiye\u2019de \u00f6zel hastanecilik denince akla gelen ilk isimlerdendir, Ya\u015far Y\u0131ld\u0131r\u0131m&#8230; \u0130stanbul \u00dcniversitesi Eczac\u0131l\u0131k Fak\u00fcltesi\u2019nde e\u011fitimini tamamlayan Y\u0131ld\u0131r\u0131m, Wyeth \u0130la\u00e7 Sanayii\u2019nde yakla\u015f\u0131k 25 y\u0131l boyunca y\u00f6netimin t\u00fcm kadrolar\u0131nda g\u00f6rev alarak genel m\u00fcd\u00fcr olmu\u015ftur. Y\u0131ld\u0131r\u0131m, ila\u00e7 sanayiinden sonra T\u00fcrkiye\u2019de \u201cM\u00fckemmeliyet Merkezi\u201d olarak da an\u0131lan ilk \u00f6zel hastane International Hospital\u2019\u0131n kurulu\u015funda yer alarak mesle\u011fine hastanecilik ile devam etmi\u015ftir. \u00d6zel hastanecilikte; hekimlik ve hem\u015firelik hizmetlerinin y\u00f6netim modellemelerinden uluslararas\u0131 sa\u011fl\u0131k politika ve yat\u0131r\u0131mlar\u0131n\u0131n olu\u015fumuna, sa\u011fl\u0131kta insan kayna\u011f\u0131 y\u00f6netiminden sa\u011fl\u0131k turizmine kadar sekt\u00f6re devrim niteli\u011finde bir\u00e7ok konuda katk\u0131lar sa\u011flam\u0131\u015ft\u0131r. Sa\u011fl\u0131k politikalar\u0131n\u0131n, uluslararas\u0131 standartlardaki sa\u011fl\u0131k teknolojileri ve hizmetlerinin \u00fclkemize kazan\u0131mlar\u0131nda b\u00fcy\u00fck g\u00f6revler \u00fcstlenen Ya\u015far Y\u0131ld\u0131r\u0131m; International Hospital, Universal Alman Hastaneleri, Florence Nightingale Sa\u011fl\u0131k Grubu, Hisar Hastanesi, Medicana Sa\u011fl\u0131k Grubu gibi bir\u00e7ok hastanede, \u00fcniversitede \u00fcst d\u00fczey y\u00f6netici ve dan\u0131\u015fman olarak g\u00f6rev alm\u0131\u015ft\u0131r. \u0130\u015fte Hastane kitab\u0131 bir nevi, yeni ku\u015fak sa\u011fl\u0131k \u00e7al\u0131\u015fanlar\u0131na rehber niteli\u011findedir. Ya\u015far Y\u0131ld\u0131r\u0131m\u2019\u0131n politikac\u0131lardan i\u015f insanlar\u0131na, sanat d\u00fcnyas\u0131ndan bilim insanlar\u0131na kadar bir\u00e7ok ki\u015fiyle ya\u015fad\u0131\u011f\u0131 an\u0131lar\u0131n\u0131, hik\u00e2yelerini ve \u00f6zel hastanecilikte sa\u011fl\u0131kl\u0131 y\u00f6netim kodlamalar\u0131n\u0131n nas\u0131l olmas\u0131 gerekti\u011fine kadar bir\u00e7ok \u015feyi bu kitapta bulabilirsiniz. <\/p>\n","protected":false},"excerpt":{"rendered":"<p>T\u00fcrkiye\u2019de \u00f6zel hastanecilik denince akla gelen ilk isimlerdendir, Ya\u015far Y\u0131ld\u0131r\u0131m&#8230; \u0130stanbul \u00dcniversitesi Eczac\u0131l\u0131k Fak\u00fcltesi\u2019nde e\u011fitimini tamamlayan Y\u0131ld\u0131r\u0131m, Wyeth \u0130la\u00e7 Sanayii\u2019nde yakla\u015f\u0131k 25 y\u0131l boyunca y\u00f6netimin t\u00fcm<span class=\"excerpt-hellip\"> [\u2026]<\/span><\/p>\n","protected":false},"featured_media":0,"template":"","meta":{"_monsterinsights_skip_tracking":false,"_monsterinsights_sitenote_active":false,"_monsterinsights_sitenote_note":"","_monsterinsights_sitenote_category":0},"product_brand":[],"product_cat":[52477],"product_tag":[],"class_list":{"0":"post-755013","1":"product","2":"type-product","3":"status-publish","5":"product_cat-arastirma","6":"pa_cilt-ciltsiz","7":"pa_tur-kitap","8":"pa_yayinevi-destek-yayinlari","9":"pa_yazar-yasar-yildirim","11":"first","12":"instock","13":"sale","14":"shipping-taxable","15":"purchasable","16":"product-type-simple"},"_links":{"self":[{"href":"https:\/\/roveyayinevi.com.tr\/index.php\/wp-json\/wp\/v2\/product\/755013","targetHints":{"allow":["GET"]}}],"collection":[{"href":"https:\/\/roveyayinevi.com.tr\/index.php\/wp-json\/wp\/v2\/product"}],"about":[{"href":"https:\/\/roveyayinevi.com.tr\/index.php\/wp-json\/wp\/v2\/types\/product"}],"wp:attachment":[{"href":"https:\/\/roveyayinevi.com.tr\/index.php\/wp-json\/wp\/v2\/media?parent=755013"}],"wp:term":[{"taxonomy":"product_brand","embeddable":true,"href":"https:\/\/roveyayinevi.com.tr\/index.php\/wp-json\/wp\/v2\/product_brand?post=755013"},{"taxonomy":"product_cat","embeddable":true,"href":"https:\/\/roveyayinevi.com.tr\/index.php\/wp-json\/wp\/v2\/product_cat?post=755013"},{"taxonomy":"product_tag","embeddable":true,"href":"https:\/\/roveyayinevi.com.tr\/index.php\/wp-json\/wp\/v2\/product_tag?post=755013"}],"curies":[{"name":"wp","href":"https:\/\/api.w.org\/{rel}","templated":true}]}}