{"id":755012,"date":"2025-08-28T06:28:05","date_gmt":"2025-08-28T03:28:05","guid":{"rendered":"https:\/\/roveyayinevi.com.tr\/index.php\/urun\/degerlerle-turk-tarihi\/"},"modified":"2026-04-16T03:08:18","modified_gmt":"2026-04-16T00:08:18","slug":"degerlerle-turk-tarihi","status":"publish","type":"product","link":"https:\/\/roveyayinevi.com.tr\/index.php\/urun\/degerlerle-turk-tarihi\/","title":{"rendered":"De\u011ferlerle T\u00fcrk Tarihi"},"content":{"rendered":"<p>\u201cTANRI, B\u0130LGEL\u0130\u011e\u0130 VE ANLAYI\u015eIYLA T\u00dcRK M\u0130LLET\u0130N\u0130 B\u00dcY\u00dcK KILDI.\u201d \u2013 EL\u0130YAHU KAPSAL\u0130   T\u00fcrklerin Orta Asya bozk\u0131rlar\u0131ndan Anadolu ve Balkanlara uzanan b\u00fcy\u00fcleyici tarihini, zaferlerle, m\u00fccadeleyle dolu yolculu\u011funu ke\u015ffedin. B\u00fcy\u00fck Hun Devleti\u2019nden Sel\u00e7uklulara, Osmanl\u0131 \u0130mparatorlu\u011fu\u2019ndan T\u00fcrkiye Cumhuriyeti\u2019ne kadar T\u00fcrklerin sanata, bilime ve edebiyata yapt\u0131klar\u0131 etkili katk\u0131lara da tan\u0131k olun. Bu yolculukta sava\u015flardan g\u00fcnl\u00fck hayata, merhamet duygusunun \u00f6rneklerinden sorumluluk bilincine, liderlerin psikolojisinden sosyal karaktere kadar t\u00fcm T\u00fcrk tarihini farkl\u0131 pencerelerden izleyin. Tarih yapan bir milletin hayat\u0131n her a\u015famas\u0131nda kendi milli de\u011ferleriyle olu\u015fturdu\u011fu ola\u011fan\u00fcst\u00fc k\u00fclt\u00fcrel miras\u0131n\u0131n da fark\u0131na varm\u0131\u015f olacaks\u0131n\u0131z. <\/p>\n","protected":false},"excerpt":{"rendered":"<p>\u201cTANRI, B\u0130LGEL\u0130\u011e\u0130 VE ANLAYI\u015eIYLA T\u00dcRK M\u0130LLET\u0130N\u0130 B\u00dcY\u00dcK KILDI.\u201d \u2013 EL\u0130YAHU KAPSAL\u0130 T\u00fcrklerin Orta Asya bozk\u0131rlar\u0131ndan Anadolu ve Balkanlara uzanan b\u00fcy\u00fcleyici tarihini, zaferlerle, m\u00fccadeleyle dolu yolculu\u011funu ke\u015ffedin.<span class=\"excerpt-hellip\"> [\u2026]<\/span><\/p>\n","protected":false},"featured_media":0,"template":"","meta":{"_monsterinsights_skip_tracking":false,"_monsterinsights_sitenote_active":false,"_monsterinsights_sitenote_note":"","_monsterinsights_sitenote_category":0},"product_brand":[],"product_cat":[12370,12304],"product_tag":[],"class_list":{"0":"post-755012","1":"product","2":"type-product","3":"status-publish","5":"product_cat-arastirma-inceleme","6":"product_cat-tarih","7":"pa_cilt-ciltsiz","8":"pa_tur-kitap","9":"pa_yayinevi-destek-yayinlari","10":"pa_yazar-koray-serbetci","12":"first","13":"instock","14":"sale","15":"shipping-taxable","16":"purchasable","17":"product-type-simple"},"_links":{"self":[{"href":"https:\/\/roveyayinevi.com.tr\/index.php\/wp-json\/wp\/v2\/product\/755012","targetHints":{"allow":["GET"]}}],"collection":[{"href":"https:\/\/roveyayinevi.com.tr\/index.php\/wp-json\/wp\/v2\/product"}],"about":[{"href":"https:\/\/roveyayinevi.com.tr\/index.php\/wp-json\/wp\/v2\/types\/product"}],"wp:attachment":[{"href":"https:\/\/roveyayinevi.com.tr\/index.php\/wp-json\/wp\/v2\/media?parent=755012"}],"wp:term":[{"taxonomy":"product_brand","embeddable":true,"href":"https:\/\/roveyayinevi.com.tr\/index.php\/wp-json\/wp\/v2\/product_brand?post=755012"},{"taxonomy":"product_cat","embeddable":true,"href":"https:\/\/roveyayinevi.com.tr\/index.php\/wp-json\/wp\/v2\/product_cat?post=755012"},{"taxonomy":"product_tag","embeddable":true,"href":"https:\/\/roveyayinevi.com.tr\/index.php\/wp-json\/wp\/v2\/product_tag?post=755012"}],"curies":[{"name":"wp","href":"https:\/\/api.w.org\/{rel}","templated":true}]}}