{"id":755011,"date":"2025-08-28T06:28:04","date_gmt":"2025-08-28T03:28:04","guid":{"rendered":"https:\/\/roveyayinevi.com.tr\/index.php\/urun\/13-derste-otoriteryen-kisilik\/"},"modified":"2026-04-16T03:08:18","modified_gmt":"2026-04-16T00:08:18","slug":"13-derste-otoriteryen-kisilik","status":"publish","type":"product","link":"https:\/\/roveyayinevi.com.tr\/index.php\/urun\/13-derste-otoriteryen-kisilik\/","title":{"rendered":"13 Derste Otoriteryen Ki\u015filik"},"content":{"rendered":"<p>\u201cOTOR\u0130TE ALTINDA B\u00d6CEK G\u0130B\u0130 EZ\u0130LEN, OTOR\u0130TEY\u0130 ELE GE\u00c7\u0130RD\u0130\u011e\u0130 ANDA ALTINDAK\u0130LER\u0130 B\u00d6CEK G\u0130B\u0130 EZEN B\u0130R K\u0130\u015e\u0130YE D\u00d6N\u00dc\u015e\u00dcR.\u201d Otoriteryenlik toplumdaki her bir bireyin k\u0131lcal damarlar\u0131nda akarak hem ki\u015fili\u011fin hem toplumun sanayile\u015fme ve modernle\u015fme yap\u0131lanmas\u0131nda rol oynar, politik ve ekonomik i\u015fleyi\u015ften g\u00fcndelik hayata dek her yerdedir. Aile i\u00e7i \u015fiddetten, tek ki\u015fiye tap\u0131nmaya kadar, kad\u0131n erkek t\u00fcm toplumda ac\u0131 ve \u015fiddetli sonu\u00e7lar yaratan bir s\u00fcrece yol a\u00e7an metabolizmik bir katk\u0131 maddesi gibidir. Fa\u015fizmin ana koynudur. Prof. Dr. Veysel Batmaz, 13 Derste Otoriteryen Ki\u015filik kitab\u0131yla sosyal psikoloji ve psikanalize konu olan otoriteryenlik kavram\u0131n\u0131 ele al\u0131yor; sado-mazo\u015fist ve fa\u015fist karakter ile ba\u011f\u0131n\u0131 kuruyor. Le Bon, Freud, Horkheimer, Adorno, Fromm, Reich, Sartre, Bloch, Sanford, \u015eerif, Ka\u011f\u0131t\u00e7\u0131ba\u015f\u0131 ve daha pek \u00e7ok d\u00fc\u015f\u00fcn\u00fcr ve bilim insan\u0131n\u0131n g\u00f6z\u00fcnden otoriteryen-fa\u015fist ki\u015fili\u011fin derinlemesine ve ayr\u0131nt\u0131l\u0131 bir tan\u0131m\u0131n\u0131 yap\u0131yor ve ilk kez 1952\u2019de yay\u0131mlanan Orhan Kemal\u2019in Murtaza roman\u0131ndaki Bek\u00e7i Murtaza\u2019n\u0131n tipik bir otoriteryen ki\u015fili\u011fi temsil etti\u011fini ortaya \u00e7\u0131kart\u0131yor ve soruyor: \u201cOrhan Kemal Adorno\u2019yu okudu mu?\u201d Veysel Batmaz, bu kitapla sosyal psikoloji ve ki\u015filik kuramlar\u0131 alan\u0131nda bug\u00fcne kadar yap\u0131lm\u0131\u015f en kapsaml\u0131 ve ele\u015ftirel literat\u00fcr \u00e7al\u0131\u015fmas\u0131na imza at\u0131yor. <\/p>\n","protected":false},"excerpt":{"rendered":"<p>\u201cOTOR\u0130TE ALTINDA B\u00d6CEK G\u0130B\u0130 EZ\u0130LEN, OTOR\u0130TEY\u0130 ELE GE\u00c7\u0130RD\u0130\u011e\u0130 ANDA ALTINDAK\u0130LER\u0130 B\u00d6CEK G\u0130B\u0130 EZEN B\u0130R K\u0130\u015e\u0130YE D\u00d6N\u00dc\u015e\u00dcR.\u201d Otoriteryenlik toplumdaki her bir bireyin k\u0131lcal damarlar\u0131nda akarak hem ki\u015fili\u011fin<span class=\"excerpt-hellip\"> [\u2026]<\/span><\/p>\n","protected":false},"featured_media":0,"template":"","meta":{"_monsterinsights_skip_tracking":false,"_monsterinsights_sitenote_active":false,"_monsterinsights_sitenote_note":"","_monsterinsights_sitenote_category":0},"product_brand":[],"product_cat":[12357],"product_tag":[],"class_list":{"0":"post-755011","1":"product","2":"type-product","3":"status-publish","5":"product_cat-psikoloji","6":"pa_cilt-ciltsiz","7":"pa_tur-kitap","8":"pa_yayinevi-beyaz-baykus-yayinlari","9":"pa_yazar-veysel-batmaz","11":"first","12":"instock","13":"sale","14":"shipping-taxable","15":"purchasable","16":"product-type-simple"},"_links":{"self":[{"href":"https:\/\/roveyayinevi.com.tr\/index.php\/wp-json\/wp\/v2\/product\/755011","targetHints":{"allow":["GET"]}}],"collection":[{"href":"https:\/\/roveyayinevi.com.tr\/index.php\/wp-json\/wp\/v2\/product"}],"about":[{"href":"https:\/\/roveyayinevi.com.tr\/index.php\/wp-json\/wp\/v2\/types\/product"}],"wp:attachment":[{"href":"https:\/\/roveyayinevi.com.tr\/index.php\/wp-json\/wp\/v2\/media?parent=755011"}],"wp:term":[{"taxonomy":"product_brand","embeddable":true,"href":"https:\/\/roveyayinevi.com.tr\/index.php\/wp-json\/wp\/v2\/product_brand?post=755011"},{"taxonomy":"product_cat","embeddable":true,"href":"https:\/\/roveyayinevi.com.tr\/index.php\/wp-json\/wp\/v2\/product_cat?post=755011"},{"taxonomy":"product_tag","embeddable":true,"href":"https:\/\/roveyayinevi.com.tr\/index.php\/wp-json\/wp\/v2\/product_tag?post=755011"}],"curies":[{"name":"wp","href":"https:\/\/api.w.org\/{rel}","templated":true}]}}