{"id":755008,"date":"2025-08-28T06:28:00","date_gmt":"2025-08-28T03:28:00","guid":{"rendered":"https:\/\/roveyayinevi.com.tr\/index.php\/urun\/ayilar-kitap-okumaz-ciltli\/"},"modified":"2026-04-16T03:08:18","modified_gmt":"2026-04-16T00:08:18","slug":"ayilar-kitap-okumaz-ciltli","status":"publish","type":"product","link":"https:\/\/roveyayinevi.com.tr\/index.php\/urun\/ayilar-kitap-okumaz-ciltli\/","title":{"rendered":"Ay\u0131lar Kitap Okumaz (Ciltli)"},"content":{"rendered":"<p>Bir g\u00fcn ormanda bir kitap bulan Ay\u0131n\u0131n hayat\u0131 birden de\u011fi\u015fir. Arkada\u015f\u0131 Bayku\u015ftan okumay\u0131 \u00f6\u011frenen Ay\u0131 ormanda okuyacak ba\u015fka kitap bulamay\u0131nca \u015fans\u0131n\u0131 \u015fehirde denemeye karar verir. Ama \u015fehirde gitti\u011fi her yerden \u201cAy\u0131lar kitap okumaz!\u201d denilip kovulur. Acaba Ay\u0131 kendine herkesin kitap okuyabilece\u011fi bir yer bulabilecek midir? <\/p>\n","protected":false},"excerpt":{"rendered":"<p>Bir g\u00fcn ormanda bir kitap bulan Ay\u0131n\u0131n hayat\u0131 birden de\u011fi\u015fir. Arkada\u015f\u0131 Bayku\u015ftan okumay\u0131 \u00f6\u011frenen Ay\u0131 ormanda okuyacak ba\u015fka kitap bulamay\u0131nca \u015fans\u0131n\u0131 \u015fehirde denemeye karar verir. Ama<span class=\"excerpt-hellip\"> [\u2026]<\/span><\/p>\n","protected":false},"featured_media":0,"template":"","meta":{"_monsterinsights_skip_tracking":false,"_monsterinsights_sitenote_active":false,"_monsterinsights_sitenote_note":"","_monsterinsights_sitenote_category":0},"product_brand":[],"product_cat":[12274,12284],"product_tag":[],"class_list":{"0":"post-755008","1":"product","2":"type-product","3":"status-publish","5":"product_cat-cocuk-ve-genclik-kitaplari","6":"product_cat-hikayeler","7":"pa_cilt-ciltli","8":"pa_tur-kitap","9":"pa_yayinevi-beyaz-balina-yayinlari","10":"pa_yazar-mark-barry","12":"first","13":"instock","14":"sale","15":"shipping-taxable","16":"purchasable","17":"product-type-simple"},"_links":{"self":[{"href":"https:\/\/roveyayinevi.com.tr\/index.php\/wp-json\/wp\/v2\/product\/755008","targetHints":{"allow":["GET"]}}],"collection":[{"href":"https:\/\/roveyayinevi.com.tr\/index.php\/wp-json\/wp\/v2\/product"}],"about":[{"href":"https:\/\/roveyayinevi.com.tr\/index.php\/wp-json\/wp\/v2\/types\/product"}],"wp:attachment":[{"href":"https:\/\/roveyayinevi.com.tr\/index.php\/wp-json\/wp\/v2\/media?parent=755008"}],"wp:term":[{"taxonomy":"product_brand","embeddable":true,"href":"https:\/\/roveyayinevi.com.tr\/index.php\/wp-json\/wp\/v2\/product_brand?post=755008"},{"taxonomy":"product_cat","embeddable":true,"href":"https:\/\/roveyayinevi.com.tr\/index.php\/wp-json\/wp\/v2\/product_cat?post=755008"},{"taxonomy":"product_tag","embeddable":true,"href":"https:\/\/roveyayinevi.com.tr\/index.php\/wp-json\/wp\/v2\/product_tag?post=755008"}],"curies":[{"name":"wp","href":"https:\/\/api.w.org\/{rel}","templated":true}]}}