{"id":755007,"date":"2025-08-28T06:27:58","date_gmt":"2025-08-28T03:27:58","guid":{"rendered":"https:\/\/roveyayinevi.com.tr\/index.php\/urun\/narnia-gunlukleri-1-buyucunun-yegeni\/"},"modified":"2026-04-16T03:08:18","modified_gmt":"2026-04-16T00:08:18","slug":"narnia-gunlukleri-1-buyucunun-yegeni","status":"publish","type":"product","link":"https:\/\/roveyayinevi.com.tr\/index.php\/urun\/narnia-gunlukleri-1-buyucunun-yegeni\/","title":{"rendered":"Narnia G\u00fcnl\u00fckleri 1- B\u00fcy\u00fcc\u00fcn\u00fcn Ye\u011feni"},"content":{"rendered":"<p>MACERA BA\u015eLIYOR Bir cad\u0131n\u0131n pusuda bekledi\u011fi, ormanlar\u0131nda konu\u015fan hayvanlar\u0131n gezindi\u011fi yeni bir d\u00fcnya do\u011fmak \u00fczere: NARN\u0130A Polly ve Digory, bamba\u015fka d\u00fcnyalar\u0131 ke\u015ffetmek amac\u0131yla bir yolculu\u011fa \u00e7\u0131karlar ama bu merak onlar\u0131 tehlikeli bir maceraya \u00e7eker. Aslan\u2019\u0131n \u015fark\u0131s\u0131yla var olan d\u00fcnyan\u0131n kurulu\u015funa tan\u0131kl\u0131k eden iki arkada\u015f, pe\u015flerinde getirdikleri k\u00f6t\u00fcl\u00fckle ba\u015fa \u00e7\u0131kmak zorundad\u0131r. <\/p>\n","protected":false},"excerpt":{"rendered":"<p>MACERA BA\u015eLIYOR Bir cad\u0131n\u0131n pusuda bekledi\u011fi, ormanlar\u0131nda konu\u015fan hayvanlar\u0131n gezindi\u011fi yeni bir d\u00fcnya do\u011fmak \u00fczere: NARN\u0130A Polly ve Digory, bamba\u015fka d\u00fcnyalar\u0131 ke\u015ffetmek amac\u0131yla bir yolculu\u011fa \u00e7\u0131karlar<span class=\"excerpt-hellip\"> [\u2026]<\/span><\/p>\n","protected":false},"featured_media":0,"template":"","meta":{"_monsterinsights_skip_tracking":false,"_monsterinsights_sitenote_active":false,"_monsterinsights_sitenote_note":"","_monsterinsights_sitenote_category":0},"product_brand":[],"product_cat":[12291,12711],"product_tag":[],"class_list":{"0":"post-755007","1":"product","2":"type-product","3":"status-publish","5":"product_cat-edebiyat","6":"product_cat-roman-oyku","7":"pa_cilt-ciltsiz","8":"pa_tur-kitap","9":"pa_yayinevi-x-libris","10":"pa_yazar-c-s-lewis","12":"first","13":"instock","14":"sale","15":"shipping-taxable","16":"purchasable","17":"product-type-simple"},"_links":{"self":[{"href":"https:\/\/roveyayinevi.com.tr\/index.php\/wp-json\/wp\/v2\/product\/755007","targetHints":{"allow":["GET"]}}],"collection":[{"href":"https:\/\/roveyayinevi.com.tr\/index.php\/wp-json\/wp\/v2\/product"}],"about":[{"href":"https:\/\/roveyayinevi.com.tr\/index.php\/wp-json\/wp\/v2\/types\/product"}],"wp:attachment":[{"href":"https:\/\/roveyayinevi.com.tr\/index.php\/wp-json\/wp\/v2\/media?parent=755007"}],"wp:term":[{"taxonomy":"product_brand","embeddable":true,"href":"https:\/\/roveyayinevi.com.tr\/index.php\/wp-json\/wp\/v2\/product_brand?post=755007"},{"taxonomy":"product_cat","embeddable":true,"href":"https:\/\/roveyayinevi.com.tr\/index.php\/wp-json\/wp\/v2\/product_cat?post=755007"},{"taxonomy":"product_tag","embeddable":true,"href":"https:\/\/roveyayinevi.com.tr\/index.php\/wp-json\/wp\/v2\/product_tag?post=755007"}],"curies":[{"name":"wp","href":"https:\/\/api.w.org\/{rel}","templated":true}]}}