{"id":755000,"date":"2025-08-28T06:27:43","date_gmt":"2025-08-28T03:27:43","guid":{"rendered":"https:\/\/roveyayinevi.com.tr\/index.php\/urun\/denizde-noktalari-birlestirelim-5-6-yas\/"},"modified":"2026-04-16T03:08:18","modified_gmt":"2026-04-16T00:08:18","slug":"denizde-noktalari-birlestirelim-5-6-yas","status":"publish","type":"product","link":"https:\/\/roveyayinevi.com.tr\/index.php\/urun\/denizde-noktalari-birlestirelim-5-6-yas\/","title":{"rendered":"Denizde &#8211; Noktalar\u0131 Birle\u015ftirelim 5-6 Ya\u015f"},"content":{"rendered":"<p>Noktadan noktaya ilerle, resmi tamamla ve boyamaya ba\u015fla! 5-6 ya\u015f\u0131ndaki \u00e7ocuklar i\u00e7in haz\u0131rlanan bu kitap, okul \u00f6ncesi d\u00f6nemdeki \u00e7ocuklar\u0131 okula haz\u0131rlamaya yard\u0131mc\u0131 olan s\u0131ralama becerisini ve el-g\u00f6z koordinasyonunu geli\u015ftirmeye odaklan\u0131r.<\/p>\n","protected":false},"excerpt":{"rendered":"<p>Noktadan noktaya ilerle, resmi tamamla ve boyamaya ba\u015fla! 5-6 ya\u015f\u0131ndaki \u00e7ocuklar i\u00e7in haz\u0131rlanan bu kitap, okul \u00f6ncesi d\u00f6nemdeki \u00e7ocuklar\u0131 okula haz\u0131rlamaya yard\u0131mc\u0131 olan s\u0131ralama becerisini ve<span class=\"excerpt-hellip\"> [\u2026]<\/span><\/p>\n","protected":false},"featured_media":0,"template":"","meta":{"_monsterinsights_skip_tracking":false,"_monsterinsights_sitenote_active":false,"_monsterinsights_sitenote_note":"","_monsterinsights_sitenote_category":0},"product_brand":[],"product_cat":[12274,15842],"product_tag":[],"class_list":{"0":"post-755000","1":"product","2":"type-product","3":"status-publish","5":"product_cat-cocuk-ve-genclik-kitaplari","6":"product_cat-egitici-kitaplar","7":"pa_cilt-ciltsiz","8":"pa_tur-kitap","9":"pa_yayinevi-is-bankasi-kultur-yayinlari","10":"pa_yazar-kolektif","12":"first","13":"instock","14":"sale","15":"shipping-taxable","16":"purchasable","17":"product-type-simple"},"_links":{"self":[{"href":"https:\/\/roveyayinevi.com.tr\/index.php\/wp-json\/wp\/v2\/product\/755000","targetHints":{"allow":["GET"]}}],"collection":[{"href":"https:\/\/roveyayinevi.com.tr\/index.php\/wp-json\/wp\/v2\/product"}],"about":[{"href":"https:\/\/roveyayinevi.com.tr\/index.php\/wp-json\/wp\/v2\/types\/product"}],"wp:attachment":[{"href":"https:\/\/roveyayinevi.com.tr\/index.php\/wp-json\/wp\/v2\/media?parent=755000"}],"wp:term":[{"taxonomy":"product_brand","embeddable":true,"href":"https:\/\/roveyayinevi.com.tr\/index.php\/wp-json\/wp\/v2\/product_brand?post=755000"},{"taxonomy":"product_cat","embeddable":true,"href":"https:\/\/roveyayinevi.com.tr\/index.php\/wp-json\/wp\/v2\/product_cat?post=755000"},{"taxonomy":"product_tag","embeddable":true,"href":"https:\/\/roveyayinevi.com.tr\/index.php\/wp-json\/wp\/v2\/product_tag?post=755000"}],"curies":[{"name":"wp","href":"https:\/\/api.w.org\/{rel}","templated":true}]}}