{"id":754998,"date":"2025-08-28T06:27:39","date_gmt":"2025-08-28T03:27:39","guid":{"rendered":"https:\/\/roveyayinevi.com.tr\/index.php\/urun\/gecmis-olsun-tarcin\/"},"modified":"2026-04-16T03:08:18","modified_gmt":"2026-04-16T00:08:18","slug":"gecmis-olsun-tarcin","status":"publish","type":"product","link":"https:\/\/roveyayinevi.com.tr\/index.php\/urun\/gecmis-olsun-tarcin\/","title":{"rendered":"Ge\u00e7mi\u015f Olsun Tar\u00e7\u0131n!"},"content":{"rendered":"<p>Tar\u00e7\u0131n ile arkada\u015flar\u0131 g\u00fczel havada futbol oynamak i\u00e7in Tar\u00e7\u0131n\u2019\u0131n evinde bulu\u015facaklard\u0131. \u0130lk gelen Obur oldu. Arkada\u015f\u0131n\u0131n biraz hasta oldu\u011funu g\u00f6ren Tar\u00e7\u0131n, onu iyile\u015ftirmek i\u00e7in \u00e7areler aramaya ba\u015flad\u0131. O s\u0131rada eve gelen Badem ve di\u011fer arkada\u015flar\u0131, Tar\u00e7\u0131n\u2019\u0131n hasta oldu\u011funu san\u0131p iyile\u015fmesi i\u00e7in ellerinden geleni yapmak istedi. Derken i\u015fler kar\u0131\u015ft\u0131\u2026 G\u00fclmek En \u0130yi \u0130la\u00e7t\u0131r!<\/p>\n","protected":false},"excerpt":{"rendered":"<p>Tar\u00e7\u0131n ile arkada\u015flar\u0131 g\u00fczel havada futbol oynamak i\u00e7in Tar\u00e7\u0131n\u2019\u0131n evinde bulu\u015facaklard\u0131. \u0130lk gelen Obur oldu. Arkada\u015f\u0131n\u0131n biraz hasta oldu\u011funu g\u00f6ren Tar\u00e7\u0131n, onu iyile\u015ftirmek i\u00e7in \u00e7areler aramaya<span class=\"excerpt-hellip\"> [\u2026]<\/span><\/p>\n","protected":false},"featured_media":0,"template":"","meta":{"_monsterinsights_skip_tracking":false,"_monsterinsights_sitenote_active":false,"_monsterinsights_sitenote_note":"","_monsterinsights_sitenote_category":0},"product_brand":[],"product_cat":[12274,12284],"product_tag":[],"class_list":{"0":"post-754998","1":"product","2":"type-product","3":"status-publish","5":"product_cat-cocuk-ve-genclik-kitaplari","6":"product_cat-hikayeler","7":"pa_cilt-ciltsiz","8":"pa_tur-kitap","9":"pa_yayinevi-is-bankasi-kultur-yayinlari","10":"pa_yazar-andreas-konig","12":"first","13":"instock","14":"sale","15":"shipping-taxable","16":"purchasable","17":"product-type-simple"},"_links":{"self":[{"href":"https:\/\/roveyayinevi.com.tr\/index.php\/wp-json\/wp\/v2\/product\/754998","targetHints":{"allow":["GET"]}}],"collection":[{"href":"https:\/\/roveyayinevi.com.tr\/index.php\/wp-json\/wp\/v2\/product"}],"about":[{"href":"https:\/\/roveyayinevi.com.tr\/index.php\/wp-json\/wp\/v2\/types\/product"}],"wp:attachment":[{"href":"https:\/\/roveyayinevi.com.tr\/index.php\/wp-json\/wp\/v2\/media?parent=754998"}],"wp:term":[{"taxonomy":"product_brand","embeddable":true,"href":"https:\/\/roveyayinevi.com.tr\/index.php\/wp-json\/wp\/v2\/product_brand?post=754998"},{"taxonomy":"product_cat","embeddable":true,"href":"https:\/\/roveyayinevi.com.tr\/index.php\/wp-json\/wp\/v2\/product_cat?post=754998"},{"taxonomy":"product_tag","embeddable":true,"href":"https:\/\/roveyayinevi.com.tr\/index.php\/wp-json\/wp\/v2\/product_tag?post=754998"}],"curies":[{"name":"wp","href":"https:\/\/api.w.org\/{rel}","templated":true}]}}