{"id":754997,"date":"2025-08-28T06:27:37","date_gmt":"2025-08-28T03:27:37","guid":{"rendered":"https:\/\/roveyayinevi.com.tr\/index.php\/urun\/cirkin-ordek-yavrusu-bir-varmis-bir-yokmus\/"},"modified":"2026-04-16T03:08:18","modified_gmt":"2026-04-16T00:08:18","slug":"cirkin-ordek-yavrusu-bir-varmis-bir-yokmus","status":"publish","type":"product","link":"https:\/\/roveyayinevi.com.tr\/index.php\/urun\/cirkin-ordek-yavrusu-bir-varmis-bir-yokmus\/","title":{"rendered":"\u00c7irkin \u00d6rdek Yavrusu &#8211; Bir Varm\u0131\u015f Bir Yokmu\u015f"},"content":{"rendered":"<p>K\u00fc\u00e7\u00fck \u00f6rdek yavrusu di\u011fer karde\u015flerine hi\u00e7 benzemiyormu\u015f. T\u00fcyleri karmakar\u0131\u015f\u0131k, ayaklar\u0131 kocamanm\u0131\u015f. \u00dcstelik kimse onunla oynamak istemiyormu\u015f. \u00c7irkin \u00f6rdek yavrusunun ba\u015f\u0131na neler gelecek acaba? Hans Christian Andersen\u2019in en bilinen ve sevilen masallar\u0131ndan biri olan \u00c7irkin \u00d6rdek Yavrusu, Jonathan Bentley\u2019nin \u00e7izimleriyle renklenen yeni anlat\u0131m\u0131yla, \u00e7ocuklara keyifli bir okuma deneyimi ya\u015fatacak.<\/p>\n","protected":false},"excerpt":{"rendered":"<p>K\u00fc\u00e7\u00fck \u00f6rdek yavrusu di\u011fer karde\u015flerine hi\u00e7 benzemiyormu\u015f. T\u00fcyleri karmakar\u0131\u015f\u0131k, ayaklar\u0131 kocamanm\u0131\u015f. \u00dcstelik kimse onunla oynamak istemiyormu\u015f. \u00c7irkin \u00f6rdek yavrusunun ba\u015f\u0131na neler gelecek acaba? Hans Christian Andersen\u2019in<span class=\"excerpt-hellip\"> [\u2026]<\/span><\/p>\n","protected":false},"featured_media":0,"template":"","meta":{"_monsterinsights_skip_tracking":false,"_monsterinsights_sitenote_active":false,"_monsterinsights_sitenote_note":"","_monsterinsights_sitenote_category":0},"product_brand":[],"product_cat":[12274,12284],"product_tag":[],"class_list":{"0":"post-754997","1":"product","2":"type-product","3":"status-publish","5":"product_cat-cocuk-ve-genclik-kitaplari","6":"product_cat-hikayeler","7":"pa_cilt-ciltsiz","8":"pa_tur-kitap","9":"pa_yayinevi-is-bankasi-kultur-yayinlari","10":"pa_yazar-margrete-lamond-russell-thomson","12":"first","13":"instock","14":"sale","15":"shipping-taxable","16":"purchasable","17":"product-type-simple"},"_links":{"self":[{"href":"https:\/\/roveyayinevi.com.tr\/index.php\/wp-json\/wp\/v2\/product\/754997","targetHints":{"allow":["GET"]}}],"collection":[{"href":"https:\/\/roveyayinevi.com.tr\/index.php\/wp-json\/wp\/v2\/product"}],"about":[{"href":"https:\/\/roveyayinevi.com.tr\/index.php\/wp-json\/wp\/v2\/types\/product"}],"wp:attachment":[{"href":"https:\/\/roveyayinevi.com.tr\/index.php\/wp-json\/wp\/v2\/media?parent=754997"}],"wp:term":[{"taxonomy":"product_brand","embeddable":true,"href":"https:\/\/roveyayinevi.com.tr\/index.php\/wp-json\/wp\/v2\/product_brand?post=754997"},{"taxonomy":"product_cat","embeddable":true,"href":"https:\/\/roveyayinevi.com.tr\/index.php\/wp-json\/wp\/v2\/product_cat?post=754997"},{"taxonomy":"product_tag","embeddable":true,"href":"https:\/\/roveyayinevi.com.tr\/index.php\/wp-json\/wp\/v2\/product_tag?post=754997"}],"curies":[{"name":"wp","href":"https:\/\/api.w.org\/{rel}","templated":true}]}}