{"id":754994,"date":"2025-08-28T06:27:31","date_gmt":"2025-08-28T03:27:31","guid":{"rendered":"https:\/\/roveyayinevi.com.tr\/index.php\/urun\/bulamiyorum-sen-yaparsin\/"},"modified":"2026-04-08T03:15:54","modified_gmt":"2026-04-08T00:15:54","slug":"bulamiyorum-sen-yaparsin","status":"publish","type":"product","link":"https:\/\/roveyayinevi.com.tr\/index.php\/urun\/bulamiyorum-sen-yaparsin\/","title":{"rendered":"Bulam\u0131yorum! Sen Yapars\u0131n!"},"content":{"rendered":"<p>Odana bakt\u0131n m\u0131? Banyoda olabilir mi? Merak etme bulaca\u011f\u0131z.K\u00fc\u00e7\u00fck kahraman\u0131m\u0131z okulun ilk g\u00fcn\u00fcnde g\u00f6zl\u00fc\u011f\u00fcn\u00fc kaybetti. Annesiyle birlikte evin her yerini aramaya ba\u015flad\u0131lar. G\u00f6zl\u00fck neredeydi acaba? Bu seri, g\u00fcndelik ya\u015famdan \u00f6rnekler e\u015fli\u011finde; zorluklar kar\u015f\u0131s\u0131nda endi\u015fe, \u00f6fke ve \u00fcz\u00fcnt\u00fc ya\u015fayan \u00e7ocuklar\u0131n nas\u0131l desteklenebilece\u011fini anlat\u0131rken miniklere ve b\u00fcy\u00fcklere yol g\u00f6steriyor.<\/p>\n","protected":false},"excerpt":{"rendered":"<p>Odana bakt\u0131n m\u0131? Banyoda olabilir mi? Merak etme bulaca\u011f\u0131z.K\u00fc\u00e7\u00fck kahraman\u0131m\u0131z okulun ilk g\u00fcn\u00fcnde g\u00f6zl\u00fc\u011f\u00fcn\u00fc kaybetti. Annesiyle birlikte evin her yerini aramaya ba\u015flad\u0131lar. G\u00f6zl\u00fck neredeydi acaba? Bu<span class=\"excerpt-hellip\"> [\u2026]<\/span><\/p>\n","protected":false},"featured_media":0,"template":"","meta":{"_monsterinsights_skip_tracking":false,"_monsterinsights_sitenote_active":false,"_monsterinsights_sitenote_note":"","_monsterinsights_sitenote_category":0},"product_brand":[],"product_cat":[12274,12284],"product_tag":[],"class_list":{"0":"post-754994","1":"product","2":"type-product","3":"status-publish","5":"product_cat-cocuk-ve-genclik-kitaplari","6":"product_cat-hikayeler","7":"pa_cilt-ciltsiz","8":"pa_tur-kitap","9":"pa_yayinevi-is-bankasi-kultur-yayinlari","10":"pa_yazar-nelly-buchet","12":"first","13":"instock","14":"sale","15":"shipping-taxable","16":"purchasable","17":"product-type-simple"},"_links":{"self":[{"href":"https:\/\/roveyayinevi.com.tr\/index.php\/wp-json\/wp\/v2\/product\/754994","targetHints":{"allow":["GET"]}}],"collection":[{"href":"https:\/\/roveyayinevi.com.tr\/index.php\/wp-json\/wp\/v2\/product"}],"about":[{"href":"https:\/\/roveyayinevi.com.tr\/index.php\/wp-json\/wp\/v2\/types\/product"}],"wp:attachment":[{"href":"https:\/\/roveyayinevi.com.tr\/index.php\/wp-json\/wp\/v2\/media?parent=754994"}],"wp:term":[{"taxonomy":"product_brand","embeddable":true,"href":"https:\/\/roveyayinevi.com.tr\/index.php\/wp-json\/wp\/v2\/product_brand?post=754994"},{"taxonomy":"product_cat","embeddable":true,"href":"https:\/\/roveyayinevi.com.tr\/index.php\/wp-json\/wp\/v2\/product_cat?post=754994"},{"taxonomy":"product_tag","embeddable":true,"href":"https:\/\/roveyayinevi.com.tr\/index.php\/wp-json\/wp\/v2\/product_tag?post=754994"}],"curies":[{"name":"wp","href":"https:\/\/api.w.org\/{rel}","templated":true}]}}