{"id":754991,"date":"2025-08-28T06:27:25","date_gmt":"2025-08-28T03:27:25","guid":{"rendered":"https:\/\/roveyayinevi.com.tr\/index.php\/urun\/cizmeli-kedi-6\/"},"modified":"2026-04-16T03:08:18","modified_gmt":"2026-04-16T00:08:18","slug":"cizmeli-kedi-6","status":"publish","type":"product","link":"https:\/\/roveyayinevi.com.tr\/index.php\/urun\/cizmeli-kedi-6\/","title":{"rendered":"\u00c7izmeli Kedi"},"content":{"rendered":"<p>Ya\u015fl\u0131 de\u011firmenci, kedisini en k\u00fc\u00e7\u00fck o\u011fluna vermi\u015f. Gen\u00e7 adam, bu durumdan ho\u015flanmam\u0131\u015f. Kedinin ne kadar ak\u0131ll\u0131 ve \u00f6zel oldu\u011funu bilmiyormu\u015f. Kedi, de\u011firmencinin o\u011fluna kendini kan\u0131tlamaya karar vermi\u015f ve ondan bir \u015fey istemi\u015f: Bir \u00e7ift \u00e7izme\u2026 \u00c7izmeli Kedi\u2019nin b\u00fcy\u00fck ser\u00fcveni b\u00f6yle ba\u015flam\u0131\u015f i\u015fte. Klasik bir Avrupa masal\u0131, Axel Scheffler taraf\u0131ndan uyarland\u0131 ve resimlendi.<\/p>\n","protected":false},"excerpt":{"rendered":"<p>Ya\u015fl\u0131 de\u011firmenci, kedisini en k\u00fc\u00e7\u00fck o\u011fluna vermi\u015f. Gen\u00e7 adam, bu durumdan ho\u015flanmam\u0131\u015f. Kedinin ne kadar ak\u0131ll\u0131 ve \u00f6zel oldu\u011funu bilmiyormu\u015f. Kedi, de\u011firmencinin o\u011fluna kendini kan\u0131tlamaya karar<span class=\"excerpt-hellip\"> [\u2026]<\/span><\/p>\n","protected":false},"featured_media":0,"template":"","meta":{"_monsterinsights_skip_tracking":false,"_monsterinsights_sitenote_active":false,"_monsterinsights_sitenote_note":"","_monsterinsights_sitenote_category":0},"product_brand":[],"product_cat":[12274,12284],"product_tag":[],"class_list":{"0":"post-754991","1":"product","2":"type-product","3":"status-publish","5":"product_cat-cocuk-ve-genclik-kitaplari","6":"product_cat-hikayeler","7":"pa_cilt-ciltsiz","8":"pa_tur-kitap","9":"pa_yayinevi-is-bankasi-kultur-yayinlari","10":"pa_yazar-axel-scheffler","12":"first","13":"instock","14":"sale","15":"shipping-taxable","16":"purchasable","17":"product-type-simple"},"_links":{"self":[{"href":"https:\/\/roveyayinevi.com.tr\/index.php\/wp-json\/wp\/v2\/product\/754991","targetHints":{"allow":["GET"]}}],"collection":[{"href":"https:\/\/roveyayinevi.com.tr\/index.php\/wp-json\/wp\/v2\/product"}],"about":[{"href":"https:\/\/roveyayinevi.com.tr\/index.php\/wp-json\/wp\/v2\/types\/product"}],"wp:attachment":[{"href":"https:\/\/roveyayinevi.com.tr\/index.php\/wp-json\/wp\/v2\/media?parent=754991"}],"wp:term":[{"taxonomy":"product_brand","embeddable":true,"href":"https:\/\/roveyayinevi.com.tr\/index.php\/wp-json\/wp\/v2\/product_brand?post=754991"},{"taxonomy":"product_cat","embeddable":true,"href":"https:\/\/roveyayinevi.com.tr\/index.php\/wp-json\/wp\/v2\/product_cat?post=754991"},{"taxonomy":"product_tag","embeddable":true,"href":"https:\/\/roveyayinevi.com.tr\/index.php\/wp-json\/wp\/v2\/product_tag?post=754991"}],"curies":[{"name":"wp","href":"https:\/\/api.w.org\/{rel}","templated":true}]}}